{"id":10035,"date":"2025-06-02T16:24:26","date_gmt":"2025-06-02T16:24:26","guid":{"rendered":"https:\/\/rnca.fccn.pt\/?page_id=10035"},"modified":"2025-06-02T17:38:24","modified_gmt":"2025-06-02T17:38:24","slug":"erro-404","status":"publish","type":"page","link":"https:\/\/rnca.fccn.pt\/en\/erro-404\/","title":{"rendered":"Oops! Page not found."},"content":{"rendered":"<p style=\"text-decoration:none\"><br>It looks like the page you&#039;re looking for doesn&#039;t exist or isn&#039;t available right now. You can continue browsing from here.\u00a0<a href=\"https:\/\/rnca.fccn.pt\/en\/\"><mark style=\"background-color:rgba(0, 0, 0, 0);color:#73dcff\" class=\"has-inline-color\">Start<\/mark><\/a>, learn more about our\u00a0<a href=\"https:\/\/rnca.fccn.pt\/en\/organizacao\/\"><mark style=\"background-color:rgba(0, 0, 0, 0);color:#73dcff\" class=\"has-inline-color\">Organization<\/mark><\/a>, discover our\u00a0<a href=\"https:\/\/arquivo.pt\/url\/search?q=rnca.fccn.pt&amp;l=pt&amp;from=19910806&amp;to=20250602&amp;trackingId=f26c8886cdcd6f1d85a8_dfbff7e4e6e49386d22e&amp;adv_and=rnca.fccn.pt\"><mark style=\"background-color:rgba(0, 0, 0, 0);color:#73dcff\" class=\"has-inline-color\">Previous Editions<\/mark><\/a>\u00a0or enter into\u00a0<a href=\"mailto:computacao-avancada@fccn.pt\"><mark style=\"background-color:rgba(0, 0, 0, 0);color:#73dcff\" class=\"has-inline-color\">Contact us<\/mark><\/a>.<\/p>\n\n\n\n<p><\/p>","protected":false},"excerpt":{"rendered":"<p>Parece que a p\u00e1gina que procura ainda n\u00e3o existe ou n\u00e3o est\u00e1 dispon\u00edvel neste momento. Pode continuar a navegar a partir do\u00a0In\u00edcio, saber mais sobre a nossa\u00a0Organiza\u00e7\u00e3o, descobrir as nossas\u00a0Edi\u00e7\u00f5es &#8230;<\/p>","protected":false},"author":5,"featured_media":0,"parent":0,"menu_order":0,"comment_status":"closed","ping_status":"closed","template":"","meta":{"inline_featured_image":false,"_monsterinsights_skip_tracking":false,"_monsterinsights_sitenote_active":false,"_monsterinsights_sitenote_note":"","_monsterinsights_sitenote_category":0,"footnotes":""},"class_list":["post-10035","page","type-page","status-publish","hentry"],"_links":{"self":[{"href":"https:\/\/rnca.fccn.pt\/en\/wp-json\/wp\/v2\/pages\/10035","targetHints":{"allow":["GET"]}}],"collection":[{"href":"https:\/\/rnca.fccn.pt\/en\/wp-json\/wp\/v2\/pages"}],"about":[{"href":"https:\/\/rnca.fccn.pt\/en\/wp-json\/wp\/v2\/types\/page"}],"author":[{"embeddable":true,"href":"https:\/\/rnca.fccn.pt\/en\/wp-json\/wp\/v2\/users\/5"}],"replies":[{"embeddable":true,"href":"https:\/\/rnca.fccn.pt\/en\/wp-json\/wp\/v2\/comments?post=10035"}],"version-history":[{"count":12,"href":"https:\/\/rnca.fccn.pt\/en\/wp-json\/wp\/v2\/pages\/10035\/revisions"}],"predecessor-version":[{"id":10055,"href":"https:\/\/rnca.fccn.pt\/en\/wp-json\/wp\/v2\/pages\/10035\/revisions\/10055"}],"wp:attachment":[{"href":"https:\/\/rnca.fccn.pt\/en\/wp-json\/wp\/v2\/media?parent=10035"}],"curies":[{"name":"wp","href":"https:\/\/api.w.org\/{rel}","templated":true}]}}