{"id":115,"date":"2020-04-29T13:56:40","date_gmt":"2020-04-29T13:56:40","guid":{"rendered":"http:\/\/10.10.10.130:8080\/?page_id=115"},"modified":"2025-08-27T09:44:48","modified_gmt":"2025-08-27T09:44:48","slug":"contactos","status":"publish","type":"page","link":"https:\/\/rnca.fccn.pt\/en\/contactos\/","title":{"rendered":"Contacts"},"content":{"rendered":"\n<h2 class=\"wp-block-heading\"><strong><span class=\"has-inline-color has-vivid-cyan-blue-color\">Contatos<\/span><\/strong><\/h2>\n\n\n\n<div style=\"height:49px\" aria-hidden=\"true\" class=\"wp-block-spacer\"><\/div>\n\n\n\n<p><strong>E-mail<\/strong>: computacao-avancada<img loading=\"lazy\" decoding=\"async\" width=\"20\" height=\"20\" class=\"wp-image-3536\" style=\"width: 20px;\" src=\"https:\/\/rnca.fccn.pt\/wp-content\/uploads\/2022\/03\/download.png\" alt=\"at\" srcset=\"https:\/\/rnca.fccn.pt\/wp-content\/uploads\/2022\/03\/download.png 225w, https:\/\/rnca.fccn.pt\/wp-content\/uploads\/2022\/03\/download-150x150.png 150w\" sizes=\"auto, (max-width: 20px) 100vw, 20px\" \/>fccn.pt<\/p>\n\n\n\n<p><br><strong>Telefone:<\/strong>&nbsp;[+351] 21 844 0100<\/p>\n\n\n\n<div style=\"height:27px\" aria-hidden=\"true\" class=\"wp-block-spacer\"><\/div>\n\n\n\n<p><strong>Endere\u00e7o:<\/strong> <\/p>\n\n\n\n<p>Servi\u00e7os de Computa\u00e7\u00e3o Avan\u00e7ada<\/p>\n\n\n\n<p>FCCN &#8211; servi\u00e7os digitais FCT<\/p>\n\n\n\n<p>Funda\u00e7\u00e3o para a Ci\u00eancia e Tecnologia<\/p>\n\n\n\n<p>Av. do Brasil n.\u00ba 101, 1700-066 Lisboa, Portugal<\/p>\n\n\n\n<blockquote class=\"wp-block-quote is-layout-flow wp-block-quote-is-layout-flow\">\n<p>@FCCN website &#8211; <a href=\"https:\/\/www.fccn.pt\/computacao\/rnca\/\">https:\/\/www.fccn.pt\/computacao\/rnca\/<\/a><\/p>\n\n\n\n<p>@FCT website &#8211; <a href=\"https:\/\/www.fct.pt\/financiamento\/programas-de-financiamento\/computacao\/\">https:\/\/www.fct.pt\/financiamento\/programas-de-financiamento\/computacao\/<\/a> <\/p>\n<\/blockquote>\n\n\n\n<div style=\"height:27px\" aria-hidden=\"true\" class=\"wp-block-spacer\"><\/div>\n\n\n\n<p><strong>Acesso \u00e0 <em>Mailing list<\/em>:<\/strong><\/p>\n\n\n\n<p>Para incluir o seu contato na <em>mailing list<\/em> dos Servi\u00e7os de Computa\u00e7\u00e3o Avan\u00e7ada para divulga\u00e7\u00e3o e promo\u00e7\u00e3o de novos concursos FCT, forma\u00e7\u00f5es, not\u00edcias e eventos no \u00e2mbito do Centro Nacional de Computa\u00e7\u00e3o Avan\u00e7ada, EuroCC, F\u00e1bricas de IA, EuroHPC e outras parcerias relacionadas, preencha <a href=\"https:\/\/lp.egoi.page\/peCeT0S\/subscrever\" data-type=\"URL\" data-id=\"https:\/\/forms.office.com\/Pages\/ResponsePage.aspx?id=0aBHeQvToEyYmDfUhhxlnGFRdsjFM8NNo_fYORTEEkBURDlVVjQ1QUVRTzAzMFk2WjgzNUo4RkU2Wi4u\" target=\"_blank\" rel=\"noreferrer noopener\">este formul\u00e1rio.\u00a0 <\/a><\/p>\n\n\n\n<p>Esta autoriza\u00e7\u00e3o pode ser cancelada em qualquer momento, bastando para o efeito usar o direito ao esquecimento consagrado no Regulamento Geral de Prote\u00e7\u00e3o&nbsp; de Dados (Regulamento (UE) 2016\/679) e legisla\u00e7\u00e3o nacional aplic\u00e1vel, atrav\u00e9s do envio de um e-mail para o contato acima.<\/p>\n","protected":false},"excerpt":{"rendered":"<p>Contatos E-mail: computacao-avancadafccn.pt Telefone:&nbsp;[+351] 21 844 0100 Endere\u00e7o: Servi\u00e7os de Computa\u00e7\u00e3o Avan\u00e7ada FCCN &#8211; servi\u00e7os digitais FCT Funda\u00e7\u00e3o para a Ci\u00eancia e Tecnologia Av. do Brasil n.\u00ba 101, 1700-066 Lisboa, &#8230;<\/p>\n","protected":false},"author":1,"featured_media":0,"parent":0,"menu_order":0,"comment_status":"closed","ping_status":"closed","template":"","meta":{"inline_featured_image":false,"_monsterinsights_skip_tracking":false,"_monsterinsights_sitenote_active":false,"_monsterinsights_sitenote_note":"","_monsterinsights_sitenote_category":0,"footnotes":""},"class_list":["post-115","page","type-page","status-publish","hentry"],"_links":{"self":[{"href":"https:\/\/rnca.fccn.pt\/en\/wp-json\/wp\/v2\/pages\/115","targetHints":{"allow":["GET"]}}],"collection":[{"href":"https:\/\/rnca.fccn.pt\/en\/wp-json\/wp\/v2\/pages"}],"about":[{"href":"https:\/\/rnca.fccn.pt\/en\/wp-json\/wp\/v2\/types\/page"}],"author":[{"embeddable":true,"href":"https:\/\/rnca.fccn.pt\/en\/wp-json\/wp\/v2\/users\/1"}],"replies":[{"embeddable":true,"href":"https:\/\/rnca.fccn.pt\/en\/wp-json\/wp\/v2\/comments?post=115"}],"version-history":[{"count":29,"href":"https:\/\/rnca.fccn.pt\/en\/wp-json\/wp\/v2\/pages\/115\/revisions"}],"predecessor-version":[{"id":10428,"href":"https:\/\/rnca.fccn.pt\/en\/wp-json\/wp\/v2\/pages\/115\/revisions\/10428"}],"wp:attachment":[{"href":"https:\/\/rnca.fccn.pt\/en\/wp-json\/wp\/v2\/media?parent=115"}],"curies":[{"name":"wp","href":"https:\/\/api.w.org\/{rel}","templated":true}]}}