{"id":122,"date":"2020-04-29T14:16:04","date_gmt":"2020-04-29T14:16:04","guid":{"rendered":"http:\/\/10.10.10.130:8080\/?page_id=122"},"modified":"2025-09-17T10:26:48","modified_gmt":"2025-09-17T10:26:48","slug":"parcerias","status":"publish","type":"page","link":"https:\/\/rnca.fccn.pt\/en\/parcerias\/","title":{"rendered":"Partnerships"},"content":{"rendered":"<h2 class=\"wp-block-heading\"><strong><span class=\"has-inline-color has-vivid-cyan-blue-color\">Partnerships<\/span><\/strong><\/h2>\n\n\n\n<div style=\"height:52px\" aria-hidden=\"true\" class=\"wp-block-spacer\"><\/div>\n\n\n<div class=\"wp-block-image is-resized\">\n<figure class=\"alignleft size-large\"><a href=\"https:\/\/eurohpc-ju.europa.eu\/\" target=\"_blank\" rel=\"noopener\"><img loading=\"lazy\" decoding=\"async\" width=\"449\" height=\"142\" src=\"https:\/\/rnca.fccn.pt\/wp-content\/uploads\/2020\/05\/eurohpc-logo.png\" alt=\"EuroHPC logo\" class=\"wp-image-319\" style=\"width:294px;height:auto\" srcset=\"https:\/\/rnca.fccn.pt\/wp-content\/uploads\/2020\/05\/eurohpc-logo.png 449w, https:\/\/rnca.fccn.pt\/wp-content\/uploads\/2020\/05\/eurohpc-logo-300x95.png 300w\" sizes=\"auto, (max-width: 449px) 100vw, 449px\" \/><\/a><\/figure>\n<\/div>\n\n\n<p>The<a href=\"https:\/\/eurohpc-ju.europa.eu\/\" data-type=\"URL\" data-id=\"https:\/\/eurohpc-ju.europa.eu\/\"> European High-Performance Computing Joint Undertaking<\/a> is a joint initiative of the European Commission, of which Portugal is a member. EuroHPC participates in the co-financing of resources and promotes their sharing among member states. The FCT participates in the EuroHPC management bodies representing Portugal, alongside other European member states.<\/p>\n\n\n\n<div style=\"height:79px\" aria-hidden=\"true\" class=\"wp-block-spacer\"><\/div>\n\n\n<div class=\"wp-block-image is-resized\">\n<figure class=\"alignleft size-large\"><a href=\"http:\/\/www.prace-ri.eu\/\" target=\"_blank\" rel=\"noopener\"><img loading=\"lazy\" decoding=\"async\" width=\"248\" height=\"168\" src=\"https:\/\/rnca.fccn.pt\/wp-content\/uploads\/2020\/05\/prace-logo.png\" alt=\"PRACE Logo\" class=\"wp-image-261\" style=\"width:140px;height:auto\"\/><\/a><\/figure>\n<\/div>\n\n\n<p>The <a href=\"https:\/\/prace-ri.eu\/\" data-type=\"URL\" data-id=\"https:\/\/prace-ri.eu\/\">Partnership for Advanced Computing in Europe<\/a> promotes collaboration and the use of high-performance computing (HPC) at European level. Participation in PRACE is ensured by <a href=\"https:\/\/www.uc.pt\/\">University of Coimbra<\/a> which is part of the RNCA. <\/p>\n\n\n\n<div style=\"height:76px\" aria-hidden=\"true\" class=\"wp-block-spacer\"><\/div>\n\n\n<div class=\"wp-block-image is-resized\">\n<figure class=\"alignleft size-large\"><a href=\"https:\/\/www.egi.eu\/\" target=\"_blank\" rel=\"noopener\"><img loading=\"lazy\" decoding=\"async\" width=\"315\" height=\"250\" src=\"https:\/\/rnca.fccn.pt\/wp-content\/uploads\/2020\/11\/EGI_Logo_RGB_315x250px-1.gif\" alt=\"EGI Logo\" class=\"wp-image-787\" style=\"width:132px;height:auto\"\/><\/a><\/figure>\n<\/div>\n\n\n<p>The Federation <a href=\"https:\/\/www.egi.eu\/\" data-type=\"URL\" data-id=\"https:\/\/www.egi.eu\/\">European Grid Initiative (EGI) <\/a>is an international electronic infrastructure created to provide advanced computing and data analysis services for publicly funded research and innovation, comprising hundreds of data centers and clouds spread across the world. Participation in the EGI is ensured by  <a href=\"https:\/\/lip.pt\">LIP<\/a> which is part of the RNCA. <\/p>\n\n\n\n<div style=\"height:68px\" aria-hidden=\"true\" class=\"wp-block-spacer\"><\/div>\n\n\n\n<div class=\"wp-block-columns is-layout-flex wp-container-core-columns-is-layout-9d6595d7 wp-block-columns-is-layout-flex\">\n<div class=\"wp-block-column has-small-font-size is-layout-flow wp-block-column-is-layout-flow\" style=\"flex-basis:100px\">\n<figure class=\"wp-block-image size-full is-resized\"><img loading=\"lazy\" decoding=\"async\" width=\"199\" height=\"253\" src=\"https:\/\/rnca.fccn.pt\/wp-content\/uploads\/2020\/05\/BSC.jpg\" alt=\"Barcelona Supercomputing Center Logo\" class=\"wp-image-317\" style=\"width:131px;height:auto\"\/><\/figure>\n<\/div>\n\n\n\n<div class=\"wp-block-column is-layout-flow wp-block-column-is-layout-flow\" style=\"flex-basis:150px\">\n<figure class=\"wp-block-image size-medium is-resized is-style-default\"><img loading=\"lazy\" decoding=\"async\" width=\"300\" height=\"300\" src=\"https:\/\/rnca.fccn.pt\/wp-content\/uploads\/2020\/05\/RES-logo-300x300.jpg\" alt=\"RES logo\" class=\"wp-image-318\" style=\"width:150px\" srcset=\"https:\/\/rnca.fccn.pt\/wp-content\/uploads\/2020\/05\/RES-logo-300x300.jpg 300w, https:\/\/rnca.fccn.pt\/wp-content\/uploads\/2020\/05\/RES-logo-150x150.jpg 150w, https:\/\/rnca.fccn.pt\/wp-content\/uploads\/2020\/05\/RES-logo.jpg 400w\" sizes=\"auto, (max-width: 300px) 100vw, 300px\" \/><\/figure>\n<\/div>\n\n\n\n<div class=\"wp-block-column is-layout-flow wp-block-column-is-layout-flow\">\n<p>In November 2018 a memorandum of understanding was established between the <a href=\"https:\/\/www.portugal.gov.pt\/pt\/gc22\" data-type=\"URL\" data-id=\"https:\/\/www.portugal.gov.pt\/pt\/gc22\">Government of the Portuguese Republic<\/a> and the Government of the Kingdom of Spain to create the Iberian Advanced Computing Network, which includes the RES and the BSC as well as the <a href=\"https:\/\/acnca.pt\/\">CNCA<\/a> and the <a href=\"https:\/\/rnca.fccn.pt\/en\/deucalion\/\">Deucalion<\/a>. <\/p>\n<\/div>\n<\/div>\n\n\n\n<div style=\"height:68px\" aria-hidden=\"true\" class=\"wp-block-spacer\"><\/div>\n\n\n<div class=\"wp-block-image is-resized\">\n<figure class=\"alignleft size-large\"><a href=\"https:\/\/tacc.utexas.edu\/\" target=\"_blank\" rel=\"noopener\"><img loading=\"lazy\" decoding=\"async\" width=\"225\" height=\"225\" src=\"https:\/\/rnca.fccn.pt\/wp-content\/uploads\/2020\/05\/TACC-logo.png\" alt=\"TACC Logo\" class=\"wp-image-320\" style=\"width:129px;height:auto\" srcset=\"https:\/\/rnca.fccn.pt\/wp-content\/uploads\/2020\/05\/TACC-logo.png 225w, https:\/\/rnca.fccn.pt\/wp-content\/uploads\/2020\/05\/TACC-logo-150x150.png 150w\" sizes=\"auto, (max-width: 225px) 100vw, 225px\" \/><\/a><\/figure>\n<\/div>\n\n\n<p><\/p>\n\n\n\n<p>In November 2017 a memorandum of understanding was established between <a href=\"https:\/\/www.fct.pt\/financiamento\/programas-de-financiamento\/computacao\/\" type=\"URL\" id=\"https:\/\/www.fct.pt\/index.phtml.pt\">FCT<\/a>, <a href=\"https:\/\/www.uminho.pt\/PT\" data-type=\"URL\" data-id=\"https:\/\/www.uminho.pt\/PT\">University of Minho<\/a> and the <a href=\"https:\/\/www.utexas.edu\/\" data-type=\"URL\" data-id=\"https:\/\/www.utexas.edu\/\">University of Austin (Texas, USA)<\/a> for the creation of the <a rel=\"noreferrer noopener\" href=\"https:\/\/rnca.fccn.pt\/en\/?page_id=744\" data-type=\"page\" data-id=\"744\" target=\"_blank\">MACC<\/a><\/p>","protected":false},"excerpt":{"rendered":"<p>Parcerias The European High-Performance Computing Joint Undertaking \u00e9 uma iniciativa comum da Comiss\u00e3o Europeia da qual Portugal \u00e9 membro.&nbsp; O EuroHPC participa no co-financiamento de recursos e promove a sua &#8230;<\/p>","protected":false},"author":2,"featured_media":0,"parent":0,"menu_order":0,"comment_status":"closed","ping_status":"closed","template":"","meta":{"inline_featured_image":false,"_monsterinsights_skip_tracking":false,"_monsterinsights_sitenote_active":false,"_monsterinsights_sitenote_note":"","_monsterinsights_sitenote_category":0,"footnotes":""},"class_list":["post-122","page","type-page","status-publish","hentry"],"_links":{"self":[{"href":"https:\/\/rnca.fccn.pt\/en\/wp-json\/wp\/v2\/pages\/122","targetHints":{"allow":["GET"]}}],"collection":[{"href":"https:\/\/rnca.fccn.pt\/en\/wp-json\/wp\/v2\/pages"}],"about":[{"href":"https:\/\/rnca.fccn.pt\/en\/wp-json\/wp\/v2\/types\/page"}],"author":[{"embeddable":true,"href":"https:\/\/rnca.fccn.pt\/en\/wp-json\/wp\/v2\/users\/2"}],"replies":[{"embeddable":true,"href":"https:\/\/rnca.fccn.pt\/en\/wp-json\/wp\/v2\/comments?post=122"}],"version-history":[{"count":38,"href":"https:\/\/rnca.fccn.pt\/en\/wp-json\/wp\/v2\/pages\/122\/revisions"}],"predecessor-version":[{"id":10497,"href":"https:\/\/rnca.fccn.pt\/en\/wp-json\/wp\/v2\/pages\/122\/revisions\/10497"}],"wp:attachment":[{"href":"https:\/\/rnca.fccn.pt\/en\/wp-json\/wp\/v2\/media?parent=122"}],"curies":[{"name":"wp","href":"https:\/\/api.w.org\/{rel}","templated":true}]}}