{"id":1557,"date":"2021-02-09T16:00:58","date_gmt":"2021-02-09T16:00:58","guid":{"rendered":"https:\/\/rnca.fccn.pt\/?page_id=1557"},"modified":"2022-10-04T15:38:47","modified_gmt":"2022-10-04T15:38:47","slug":"rede-20210209a","status":"publish","type":"page","link":"https:\/\/rnca.fccn.pt\/en\/rede-20210209a\/","title":{"rendered":"Introduction to Advanced Computing"},"content":{"rendered":"\n<p><\/p>\n\n\n\n<p><strong><span class=\"has-inline-color has-vivid-cyan-blue-color\">O que \u00e9 a Computa\u00e7\u00e3o Avan\u00e7ada?<\/span><\/strong><\/p>\n\n\n\n<p>\u00c9 um conjunto de recursos computacionais e tecnol\u00f3gicos de elevado rendimento e processamento, que facilitam a coopera\u00e7\u00e3o, o progresso e a partilha de conhecimento. Centra-se numa&nbsp;<strong>infraestrutura<\/strong>&nbsp;de supercomputa\u00e7\u00e3o e num leque de modelos computacionais ao servi\u00e7o da investiga\u00e7\u00e3o e inova\u00e7\u00e3o; desenvolvida por <strong>pessoas<\/strong>&nbsp;de elevado valor com fortes compet\u00eancias inform\u00e1ticas avan\u00e7adas; e necessita da implementa\u00e7\u00e3o de uma&nbsp;<strong>info-estrutura<\/strong>&nbsp;de pol\u00edticas p\u00fablicas para preencher a lacuna entre as infraestruturas e as pessoas, de forma a promover a cria\u00e7\u00e3o de servi\u00e7os e software de elevado valor.<\/p>\n\n\n\n<div style=\"height:39px\" aria-hidden=\"true\" class=\"wp-block-spacer\"><\/div>\n\n\n\n<p><span class=\"has-inline-color has-vivid-cyan-blue-color\"><strong>Modelos computacionais<\/strong> <\/span><\/p>\n\n\n\n<ul class=\"wp-block-list\"><li><span style=\"color:#0020a3\" class=\"has-inline-color\">HPC<\/span><\/li><li><span style=\"color:#0020a3\" class=\"has-inline-color\">HTC<\/span><\/li><li><span style=\"color:#0020a3\" class=\"has-inline-color\">Cloud Computing<\/span><\/li><li><span style=\"color:#0020a3\" class=\"has-inline-color\">Quantum Computing<\/span><\/li><\/ul>\n\n\n\n<hr class=\"wp-block-separator\"\/>\n\n\n\n<blockquote class=\"wp-block-quote is-layout-flow wp-block-quote-is-layout-flow\"><p><strong><em><span style=\"color:#0c00a3\" class=\"has-inline-color\">HPC &#8211; High Performance Computing<\/span><\/em><\/strong><\/p><\/blockquote>\n\n\n\n<p>Cada arquitetura HPC <a href=\"#_ftn1\">[1]<\/a> consiste dos seguintes elementos:<\/p>\n\n\n\n<ol class=\"wp-block-list\" type=\"a\"><li>Um conjunto de n\u00f3s de computa\u00e7\u00e3o (<em>compute nodes<\/em>) que operam conjuntamente e dedicados temporariamente a uma \u00fanica aplica\u00e7\u00e3o, que no seu conjunto conseguem executar pelo menos 40 x 10^12 [<a href=\"#_ftn2\">[2]<\/a>] opera\u00e7\u00f5es de virgula flutuante, fortemente dependentes entre si, em cada segundo, executadas em microprocessadores gen\u00e9ricos, n\u00e3o especializados [<a href=\"#_ftn3\">[3]<\/a>].<\/li><li>Um sistema de ficheiros acess\u00edvel a partir de cada <em>compute node <\/em>a um d\u00e9bito partilhado de pelo menos 40 Gbps [<a href=\"#_ftn4\">[4]<\/a>] com m\u00faltiplos fluxos de acesso simult\u00e2neos [<a href=\"#_ftn5\">[5]<\/a>] em cada <em>compute node<\/em>.<\/li><\/ol>\n\n\n\n<hr class=\"wp-block-separator\"\/>\n\n\n\n<p><a href=\"#_ftnref1\">[1]<\/a> <a href=\"https:\/\/en.wikipedia.org\/wiki\/HPC\">https:\/\/en.wikipedia.org\/wiki\/HPC<\/a>    <a href=\"https:\/\/rnca.fccn.pt\/wp-admin\/post.php?post=356&amp;action=edit#_ftnref2\">[2]<\/a> 40 Tera-FLOP <a href=\"https:\/\/rnca.fccn.pt\/wp-admin\/post.php?post=356&amp;action=edit#_ftnref3\">[3]<\/a> Exemplo de uma classe de processadores especializados s\u00e3o os GPU  <a href=\"https:\/\/rnca.fccn.pt\/wp-admin\/post.php?post=356&amp;action=edit#_ftnref4\">[4]<\/a> 1Gbps= 1 Giga bit per second <a href=\"https:\/\/rnca.fccn.pt\/wp-admin\/post.php?post=356&amp;action=edit#_ftnref5\">[5]<\/a> <em>File system <\/em>paralelo, como Lustre ou BeeGFS<\/p>\n\n\n\n<p><\/p>\n\n\n\n<div style=\"height:48px\" aria-hidden=\"true\" class=\"wp-block-spacer\"><\/div>\n\n\n\n<blockquote class=\"wp-block-quote is-layout-flow wp-block-quote-is-layout-flow\"><p><strong><em><span style=\"color:#001ca3\" class=\"has-inline-color\">HTC &#8211; High Throughput Computing<\/span><\/em><\/strong><\/p><\/blockquote>\n\n\n\n<p>Cada arquitetura HTC <a href=\"#_ftn1\">[1]<\/a> consiste dos seguintes elementos:<\/p>\n\n\n\n<ol class=\"wp-block-list\" type=\"a\"><li>Um conjunto de n\u00f3s de computa\u00e7\u00e3o (<em>compute nodes<\/em>) distribu\u00eddos [<a href=\"#_ftn2\">[2]<\/a>] ou concentrados, normalmente partilhados entre v\u00e1rias aplica\u00e7\u00f5es, em modo de virtualiza\u00e7\u00e3o ou contentoriza\u00e7\u00e3o.<\/li><li>Um sistema de ficheiros acess\u00edvel a partir de cada <em>compute node.<\/em><\/li><\/ol>\n\n\n\n<hr class=\"wp-block-separator\"\/>\n\n\n\n<p><a href=\"#_ftnref1\">[1]<\/a> <a href=\"https:\/\/en.wikipedia.org\/wiki\/High-throughput_computing\">https:\/\/en.wikipedia.org\/wiki\/High-throughput_computing<\/a>     <a href=\"#_ftnref2\">[2]<\/a> Por v\u00e1rios datacenters geograficamente distribu\u00eddos<\/p>\n\n\n\n<p><\/p>\n\n\n\n<div style=\"height:52px\" aria-hidden=\"true\" class=\"wp-block-spacer\"><\/div>\n\n\n\n<blockquote class=\"wp-block-quote is-layout-flow wp-block-quote-is-layout-flow\"><p><strong><em><span style=\"color:#0700a3\" class=\"has-inline-color\">Cloud Computing<\/span><\/em><\/strong><\/p><\/blockquote>\n\n\n\n<p>Cada arquitetura <em>Cloud Computing<\/em><a href=\"#_ftn1\">[1]<\/a> consiste dos seguintes elementos:<\/p>\n\n\n\n<ol class=\"wp-block-list\" type=\"a\"><li>Um conjunto de n\u00f3s de computa\u00e7\u00e3o (<em>compute nodes<\/em>) partilhados por v\u00e1rios utilizadores e aplica\u00e7\u00f5es, disponibilizados em sistema de <em>self-service <\/em>com quotas m\u00e1ximas, atrav\u00e9s de uma camada de software de virtualiza\u00e7\u00e3o em <em>cloud computing IaaS<\/em> [<a href=\"#_ftn2\">[2]<\/a>].<\/li><li>Os servidores virtuais (VM \u2013 <em>Virtual Machines<\/em>) disponibilizados, aceder\u00e3o a disco virtual atrav\u00e9s de <em>devices <\/em>locais, ou montando um sistema de ficheiros remoto.<\/li><\/ol>\n\n\n\n<hr class=\"wp-block-separator\"\/>\n\n\n\n<p><a href=\"#_ftnref1\">[1]<\/a> <a href=\"https:\/\/en.wikipedia.org\/wiki\/Cloud_computing\">https:\/\/en.wikipedia.org\/wiki\/Cloud_computing<\/a>    <a href=\"#_ftnref2\">[2]<\/a> Consultar defini\u00e7\u00e3o de cloud IaaS em&nbsp; https:\/\/csrc.nist.gov\/publications\/detail\/sp\/800-145\/final<\/p>\n\n\n\n<div style=\"height:63px\" aria-hidden=\"true\" class=\"wp-block-spacer\"><\/div>\n\n\n\n<blockquote class=\"wp-block-quote is-layout-flow wp-block-quote-is-layout-flow\"><p><strong><em><span style=\"color:#0001a3\" class=\"has-inline-color\">Quantum Computing<\/span><\/em><\/strong><\/p><\/blockquote>\n\n\n\n<p>A computa\u00e7\u00e3o qu\u00e2ntica est\u00e1 entre as tecnologias de maior alcance e desafio. Baseada em bits qu\u00e2nticos que podem ser zero e um ao mesmo tempo e correla\u00e7\u00f5es instant\u00e2neas entre os dispositivos, um computador qu\u00e2ntico atua como um dispositivo paralelo massivo com um n\u00famero exponencialmente grande de c\u00e1lculos que ocorrem todos ao mesmo tempo. J\u00e1 existem muitos algoritmos que investem nesta modalidade computacional, o que permitir\u00e1 resolver problemas que mesmo os supercomputadores cl\u00e1ssicos mais poderosos nunca resolveriam ou demorariam centenas de anos a resolver. Para saber mais consultar o <a href=\"https:\/\/www.uni-ulm.de\/fileadmin\/website_uni_ulm\/presse\/pressemitteilungen\/2016\/Quantum_Manifesto.pdf\" data-type=\"URL\" data-id=\"https:\/\/www.uni-ulm.de\/fileadmin\/website_uni_ulm\/presse\/pressemitteilungen\/2016\/Quantum_Manifesto.pdf\">&#8220;Quantum manifesto&#8221; <\/a><\/p>\n","protected":false},"excerpt":{"rendered":"<p>O que \u00e9 a Computa\u00e7\u00e3o Avan\u00e7ada? \u00c9 um conjunto de recursos computacionais e tecnol\u00f3gicos de elevado rendimento e processamento, que facilitam a coopera\u00e7\u00e3o, o progresso e a partilha de conhecimento. &#8230;<\/p>","protected":false},"author":1,"featured_media":0,"parent":0,"menu_order":0,"comment_status":"closed","ping_status":"closed","template":"","meta":{"inline_featured_image":false,"_monsterinsights_skip_tracking":false,"_monsterinsights_sitenote_active":false,"_monsterinsights_sitenote_note":"","_monsterinsights_sitenote_category":0,"footnotes":""},"class_list":["post-1557","page","type-page","status-publish","hentry"],"_links":{"self":[{"href":"https:\/\/rnca.fccn.pt\/en\/wp-json\/wp\/v2\/pages\/1557","targetHints":{"allow":["GET"]}}],"collection":[{"href":"https:\/\/rnca.fccn.pt\/en\/wp-json\/wp\/v2\/pages"}],"about":[{"href":"https:\/\/rnca.fccn.pt\/en\/wp-json\/wp\/v2\/types\/page"}],"author":[{"embeddable":true,"href":"https:\/\/rnca.fccn.pt\/en\/wp-json\/wp\/v2\/users\/1"}],"replies":[{"embeddable":true,"href":"https:\/\/rnca.fccn.pt\/en\/wp-json\/wp\/v2\/comments?post=1557"}],"version-history":[{"count":2,"href":"https:\/\/rnca.fccn.pt\/en\/wp-json\/wp\/v2\/pages\/1557\/revisions"}],"predecessor-version":[{"id":1893,"href":"https:\/\/rnca.fccn.pt\/en\/wp-json\/wp\/v2\/pages\/1557\/revisions\/1893"}],"wp:attachment":[{"href":"https:\/\/rnca.fccn.pt\/en\/wp-json\/wp\/v2\/media?parent=1557"}],"curies":[{"name":"wp","href":"https:\/\/api.w.org\/{rel}","templated":true}]}}