{"id":1641,"date":"2021-02-17T10:31:53","date_gmt":"2021-02-17T10:31:53","guid":{"rendered":"https:\/\/rnca.fccn.pt\/?page_id=1641"},"modified":"2025-08-27T09:54:14","modified_gmt":"2025-08-27T09:54:14","slug":"projetos-2","status":"publish","type":"page","link":"https:\/\/rnca.fccn.pt\/en\/projetos-2\/","title":{"rendered":"Projects"},"content":{"rendered":"<div class=\"wp-block-cover aligncenter\" style=\"min-height:154px;aspect-ratio:unset;\"><img loading=\"lazy\" decoding=\"async\" width=\"567\" height=\"376\" class=\"wp-block-cover__image-background wp-image-2191\" alt=\"\" src=\"https:\/\/rnca.fccn.pt\/wp-content\/uploads\/2021\/03\/Picture8.jpg\" data-object-fit=\"cover\" srcset=\"https:\/\/rnca.fccn.pt\/wp-content\/uploads\/2021\/03\/Picture8.jpg 567w, https:\/\/rnca.fccn.pt\/wp-content\/uploads\/2021\/03\/Picture8-300x199.jpg 300w\" sizes=\"auto, (max-width: 567px) 100vw, 567px\" \/><span aria-hidden=\"true\" class=\"wp-block-cover__background has-vivid-cyan-blue-background-color has-background-dim\"><\/span><div class=\"wp-block-cover__inner-container is-layout-flow wp-block-cover-is-layout-flow\">\n<p class=\"has-text-align-center has-large-font-size\"><\/p>\n<\/div><\/div>\n\n\n\n<div style=\"height:28px\" aria-hidden=\"true\" class=\"wp-block-spacer\"><\/div>\n\n\n\n<h1 class=\"wp-block-heading\"><mark style=\"background-color:rgba(0, 0, 0, 0)\" class=\"has-inline-color has-black-color\"><strong>Projects<\/strong><\/mark><\/h1>\n\n\n\n<div style=\"height:69px\" aria-hidden=\"true\" class=\"wp-block-spacer\"><\/div>\n\n\n\n<h2 class=\"wp-block-heading\"><strong>Advanced Computing Projects<\/strong><\/h2>\n\n\n\n<p>National Calls: <a href=\"https:\/\/rnca.fccn.pt\/en\/projetos\/\">List of approved projects<\/a> <\/p>\n\n\n\n<p>EuroHPC Calls: <a href=\"https:\/\/eurohpc-ju.europa.eu\/access-our-supercomputers\/awarded-projects_en?f%5B0%5D=country_country%3A47\">PT Awarded Projects<\/a><\/p>\n\n\n\n<div style=\"height:54px\" aria-hidden=\"true\" class=\"wp-block-spacer\"><\/div>\n\n\n\n<h2 class=\"wp-block-heading\"><strong>EuroCC Project \u2013<\/strong> <strong><mark style=\"background-color:rgba(0, 0, 0, 0)\" class=\"has-inline-color has-black-color\"><a href=\"https:\/\/eurocc.fccn.pt\/\" data-type=\"URL\" data-id=\"https:\/\/eurocc.fccn.pt\/\">NCC Portugal<\/a><\/mark><\/strong><\/h2>\n\n\n\n<p class=\"translation-block\">The <a href=\"https:\/\/ec.europa.eu\/digital-single-market\/en\/news\/eurocc-and-castiel-two-new-projects-boost-european-hpc-knowledge-and-opportunities\" data-type=\"URL\" data-id=\"https:\/\/ec.europa.eu\/digital-single-market\/en\/news\/eurocc-and-castiel-two-new-projects-boost-european-hpc-knowledge-and-opportunities\" target=\"_self\"> <\/a><a href=\"https:\/\/eurocc.fccn.pt\/\" data-type=\"URL\" data-id=\"https:\/\/eurocc.fccn.pt\/\" target=\"_blank\" rel=\"noreferrer noopener\">EuroCC (National Competence Center) project<\/a> was created to promote knowledge in high-performance computing (HPC) and its opportunities in Europe. The first phase of this project ran from 2020 to 2022, and now includes Phase 2 through 2026 and Phase 3 through 2029.<\/p>\n\n\n\n<p class=\"translation-block\">With funding from the <a href=\"https:\/\/eurohpc-ju.europa.eu\/\" target=\"_blank\" rel=\"noreferrer noopener\">European HPC Joint Undertaking<\/a> (EuroHPC-JU), EuroCC and CASTIEL (Coordination and Support for National Competence Centers at European level) are building a European network of HPC competence centers. These projects will address existing HPC skills gaps, fostering cooperation and the implementation of best practices across Europe.<\/p>\n\n\n\n<p class=\"translation-block\">Visit the <a href=\"https:\/\/eurocc.fccn.pt\/\" data-type=\"URL\" data-id=\"https:\/\/eurocc.fccn.pt\/\" target=\"_self\">EuroCC Portugal page<\/a> and learn about its core competencies, use cases, resources, events, and national and international training.<\/p>\n\n\n<div class=\"wp-block-image\">\n<figure class=\"aligncenter size-large is-resized\"><a href=\"https:\/\/eurocc.fccn.pt\/\"><img loading=\"lazy\" decoding=\"async\" width=\"866\" height=\"503\" src=\"https:\/\/rnca.fccn.pt\/wp-content\/uploads\/2021\/05\/image-2.png\" alt=\"\" class=\"wp-image-2393\" style=\"width:339px;height:193px\" srcset=\"https:\/\/rnca.fccn.pt\/wp-content\/uploads\/2021\/05\/image-2.png 866w, https:\/\/rnca.fccn.pt\/wp-content\/uploads\/2021\/05\/image-2-300x174.png 300w, https:\/\/rnca.fccn.pt\/wp-content\/uploads\/2021\/05\/image-2-768x446.png 768w\" sizes=\"auto, (max-width: 866px) 100vw, 866px\" \/><\/a><\/figure>\n<\/div>\n\n\n<p class=\"has-text-align-center\"><a href=\"https:\/\/www.linkedin.com\/company\/eurocc-portugal\/\" data-type=\"URL\" data-id=\"https:\/\/www.linkedin.com\/company\/eurocc-portugal\/\" target=\"_blank\" rel=\"noreferrer noopener\"><img loading=\"lazy\" decoding=\"async\" width=\"100\" height=\"53\" class=\"wp-image-1665\" style=\"width: 100px;\" src=\"https:\/\/rnca.fccn.pt\/wp-content\/uploads\/2021\/02\/Linkedin-logo.png\" alt=\"\" srcset=\"https:\/\/rnca.fccn.pt\/wp-content\/uploads\/2021\/02\/Linkedin-logo.png 1200w, https:\/\/rnca.fccn.pt\/wp-content\/uploads\/2021\/02\/Linkedin-logo-300x158.png 300w, https:\/\/rnca.fccn.pt\/wp-content\/uploads\/2021\/02\/Linkedin-logo-1024x538.png 1024w, https:\/\/rnca.fccn.pt\/wp-content\/uploads\/2021\/02\/Linkedin-logo-768x403.png 768w\" sizes=\"auto, (max-width: 100px) 100vw, 100px\" \/><\/a><\/p>\n\n\n\n<div style=\"height:100px\" aria-hidden=\"true\" class=\"wp-block-spacer\"><\/div>\n\n\n\n<h2 class=\"wp-block-heading\"><strong>BSC AI Factory Project<\/strong><\/h2>\n\n\n\n<p>AI factories bring together national and European Union (EU) resources in a collaborative effort across several European countries.<\/p>\n\n\n\n<p>The EuroHPC AI Factories initiative is designed to create a robust and interconnected network of AI centers. These centers, one of which is based in Portugal, aim to serve as one-stop shops for comprehensive support for start-ups, SMEs, and researchers, including access to AI-optimized high-performance computing (HPC) resources, training, and specialized technical expertise.<\/p>\n\n\n\n<p>The system installed at the AI Factory will develop and operate an Artificial Intelligence-enabled computing infrastructure. It will serve the European Union&#039;s AI innovation ecosystem, enabling the use of Artificial Intelligence by Portuguese businesses, Small and Medium-sized Enterprises (SMEs), public administration entities, and national researchers in both academic and non-academic contexts.<\/p>\n\n\n\n<p>These new computing resources will join the Deucalion and MareNostrum 5 supercomputers currently made available by the FCT to the national community.<\/p>\n\n\n\n<p>Portuguese participation in <a href=\"https:\/\/bsc.es\/AI-FACTORY\" data-type=\"link\" data-id=\"https:\/\/bsc.es\/AI-FACTORY\" target=\"_blank\" rel=\"noreferrer noopener\">BSC AI Factory<\/a> It is led by the Foundation for Science and Technology (FCT), following the guidelines of the Portuguese government, through the Ministry of Education, Science and Innovation, the Ministry of Economy and the Ministry of Youth and Modernization.<\/p>\n\n\n<div class=\"wp-block-image\">\n<figure class=\"aligncenter size-full is-resized\"><img loading=\"lazy\" decoding=\"async\" width=\"1000\" height=\"1000\" src=\"https:\/\/rnca.fccn.pt\/wp-content\/uploads\/2025\/08\/Logos-BSC-AI-Factory-v3-vertical.jpg\" alt=\"\" class=\"wp-image-10432\" style=\"width:359px;height:auto\" srcset=\"https:\/\/rnca.fccn.pt\/wp-content\/uploads\/2025\/08\/Logos-BSC-AI-Factory-v3-vertical.jpg 1000w, https:\/\/rnca.fccn.pt\/wp-content\/uploads\/2025\/08\/Logos-BSC-AI-Factory-v3-vertical-300x300.jpg 300w, https:\/\/rnca.fccn.pt\/wp-content\/uploads\/2025\/08\/Logos-BSC-AI-Factory-v3-vertical-150x150.jpg 150w, https:\/\/rnca.fccn.pt\/wp-content\/uploads\/2025\/08\/Logos-BSC-AI-Factory-v3-vertical-768x768.jpg 768w\" sizes=\"auto, (max-width: 1000px) 100vw, 1000px\" \/><\/figure>\n<\/div>\n\n\n<div style=\"height:100px\" aria-hidden=\"true\" class=\"wp-block-spacer\"><\/div>\n\n\n\n<h2 class=\"wp-block-heading\"><mark style=\"background-color:rgba(0, 0, 0, 0)\" class=\"has-inline-color has-black-color\"><strong>Other co-financed projects: <\/strong><\/mark><\/h2>\n\n\n\n<figure class=\"wp-block-table is-style-stripes\"><table><thead><tr><th>PROJECT<\/th><th>TITLE<\/th><th>ENTITIES<\/th><\/tr><\/thead><tbody><tr><td><a rel=\"noreferrer noopener\" href=\"https:\/\/bighpc.wavecom.pt\/\" target=\"_blank\">BigHPC<\/a><\/td><td>COMPETE2020\/UTAustin: A Management Framework for Consolidated Big Data and High-Performance Computing<\/td><td>MACC, LIP, UTA, TACC, Wavecom<\/td><\/tr><tr><td><a href=\"https:\/\/www.uevora.pt\/en\/study\/Mobility\/Mobility-Programmes\/Within-Europe\/High-Performance-Computing-and-High-Performance-Data-Analytics-Consortium-HPC-HPDA-ERASMUS\" data-type=\"URL\" data-id=\"https:\/\/www.uevora.pt\/en\/study\/Mobility\/Mobility-Programmes\/Within-Europe\/High-Performance-Computing-and-High-Performance-Data-Analytics-Consortium-HPC-HPDA-ERASMUS\" target=\"_blank\" rel=\"noreferrer noopener\">HPC+HPDA<\/a><\/td><td>ERASMUS+, ref. 2019-1-PT01-KA103-060660: High Performance Computing and High Performance Data Analytics. It enables outgoing mobility of students, academic and non-academic staff of the consortium university partners to program countries.<\/td><td>U\u00c9vora, UCoimbra and others<\/td><\/tr><tr><td><a href=\"https:\/\/www.inesc-id.pt\/projects\/PR08002\/\" data-type=\"URL\" data-id=\"https:\/\/www.inesc-id.pt\/projects\/PR08002\/\" target=\"_blank\" rel=\"noreferrer noopener\">SPARCITY<\/a><\/td><td>H2020-JTIEuroHPC-2019-1, ref. 956213: An Optimization and Co-Design Framework for Sparse Computation<\/td><td>INESC-ID<\/td><\/tr><tr><td><a href=\"https:\/\/cordis.europa.eu\/project\/id\/956416\" data-type=\"URL\" data-id=\"https:\/\/cordis.europa.eu\/project\/id\/956416\" target=\"_blank\" rel=\"noreferrer noopener\">exaFOAM<\/a><\/td><td>H2020-JTIEuroHPC-2019-3, ref 956416: Exploitation of Exascale Systems for Open-Source Computational Fluid Dynamics by Mainstream Industry<\/td><td>UMinho and others<\/td><\/tr><tr><td><a href=\"https:\/\/team.inria.fr\/zenith\/risc2\/\" data-type=\"URL\" data-id=\"https:\/\/team.inria.fr\/zenith\/risc2\/\" target=\"_blank\" rel=\"noreferrer noopener\">RISC2<\/a><\/td><td>H2020 FETHPC: A network for supporting the coordination of High-Performance Computing research between Europe and Latin America<\/td><td>UCoimbra, INESCTEC and others<\/td><\/tr><tr><td><a href=\"https:\/\/utaustinportugal.org\/projects\/sentinel\/\" data-type=\"URL\" data-id=\"https:\/\/utaustinportugal.org\/projects\/sentinel\/\" target=\"_blank\" rel=\"noreferrer noopener\">SENTINEL<\/a><\/td><td>NORTE2020: Novel injectable biosensor for continuous remote monitoring of cancer patients at high-risk of relapse<\/td><td>Stemmatters, LIN, UMinho, CCA, UTA<\/td><\/tr><tr><td><a href=\"https:\/\/utaustinportugal.org\/projects\/pastor-programmable-and-adaptable-storage-for-ai-oriented-hpc-ecosystems\/\" data-type=\"URL\" data-id=\"https:\/\/utaustinportugal.org\/projects\/pastor-programmable-and-adaptable-storage-for-ai-oriented-hpc-ecosystems\/\" target=\"_blank\" rel=\"noreferrer noopener\">PASTOR<\/a><\/td><td>UTAustin Portugal, ref: <br>UTA-EXPL\/CA\/0075\/2019: Programmable and Adaptable Storage for AI-oriented HPC Ecosystems. <a href=\"https:\/\/pastor-project.github.io\/\" data-type=\"URL\" data-id=\"https:\/\/pastor-project.github.io\/\" target=\"_blank\" rel=\"noreferrer noopener\">Project URL<\/a><\/td><td>INESCTEC, MACC, UTA, TACC<\/td><\/tr><tr><td><a href=\"https:\/\/utaustinportugal.org\/projects\/act-pm-automating-crash-consistency-testing-for-persistent-memory\/\" data-type=\"URL\" data-id=\"https:\/\/utaustinportugal.org\/projects\/act-pm-automating-crash-consistency-testing-for-persistent-memory\/\" target=\"_blank\" rel=\"noreferrer noopener\">ACT-PM<\/a><\/td><td>UTAustin Portugal, ref: UTA-EXPL\/CA\/0080\/2019: Automating Crash-Consistency Testing for Persistent Memory<\/td><td>INESCTEC, INESC-ID, UTA<\/td><\/tr><tr><td><a href=\"https:\/\/utaustinportugal.org\/projects\/streacker\/\" data-type=\"URL\" data-id=\"https:\/\/utaustinportugal.org\/projects\/streacker\/\" target=\"_blank\" rel=\"noreferrer noopener\">STREACKER<\/a><\/td><td>UTAustin Portugal, ref: UTAP-EXPL\/CA\/0065\/2017: Skeletal Tracking Enhanced with Anatomically Correct Kinematics for Exergames and Rehabilitation. <a href=\"https:\/\/streacker.inesc-id.pt\/home\/\" data-type=\"URL\" data-id=\"https:\/\/streacker.inesc-id.pt\/home\/\" target=\"_blank\" rel=\"noreferrer noopener\">Project URL<\/a><\/td><td>INESC-ID, UTA, HFF-EPE, IDMEC<\/td><\/tr><\/tbody><\/table><\/figure>","protected":false},"excerpt":{"rendered":"<p>Projetos Projetos de Computa\u00e7\u00e3o Avan\u00e7ada Concursos Nacionais: Listagens de Projetos aprovados Concursos EuroHPC: PT Awarded Projects Projeto EuroCC &#8211; NCC Portugal O projeto EuroCC &#8211; Centro Nacional de Compet\u00eancia &#8211; &#8230;<\/p>","protected":false},"author":3,"featured_media":0,"parent":0,"menu_order":0,"comment_status":"closed","ping_status":"closed","template":"","meta":{"inline_featured_image":false,"_monsterinsights_skip_tracking":false,"_monsterinsights_sitenote_active":false,"_monsterinsights_sitenote_note":"","_monsterinsights_sitenote_category":0,"footnotes":""},"class_list":["post-1641","page","type-page","status-publish","hentry"],"_links":{"self":[{"href":"https:\/\/rnca.fccn.pt\/en\/wp-json\/wp\/v2\/pages\/1641","targetHints":{"allow":["GET"]}}],"collection":[{"href":"https:\/\/rnca.fccn.pt\/en\/wp-json\/wp\/v2\/pages"}],"about":[{"href":"https:\/\/rnca.fccn.pt\/en\/wp-json\/wp\/v2\/types\/page"}],"author":[{"embeddable":true,"href":"https:\/\/rnca.fccn.pt\/en\/wp-json\/wp\/v2\/users\/3"}],"replies":[{"embeddable":true,"href":"https:\/\/rnca.fccn.pt\/en\/wp-json\/wp\/v2\/comments?post=1641"}],"version-history":[{"count":49,"href":"https:\/\/rnca.fccn.pt\/en\/wp-json\/wp\/v2\/pages\/1641\/revisions"}],"predecessor-version":[{"id":10435,"href":"https:\/\/rnca.fccn.pt\/en\/wp-json\/wp\/v2\/pages\/1641\/revisions\/10435"}],"wp:attachment":[{"href":"https:\/\/rnca.fccn.pt\/en\/wp-json\/wp\/v2\/media?parent=1641"}],"curies":[{"name":"wp","href":"https:\/\/api.w.org\/{rel}","templated":true}]}}