{"id":2118,"date":"2021-03-17T11:17:50","date_gmt":"2021-03-17T11:17:50","guid":{"rendered":"https:\/\/rnca.fccn.pt\/?page_id=2118"},"modified":"2022-10-04T15:28:57","modified_gmt":"2022-10-04T15:28:57","slug":"notas-tecnicas","status":"publish","type":"page","link":"https:\/\/rnca.fccn.pt\/en\/notas-tecnicas\/","title":{"rendered":"Technical notes"},"content":{"rendered":"<h2 class=\"wp-block-heading\"><span class=\"has-inline-color has-vivid-cyan-blue-color\">Technical notes <\/span><\/h2>\n\n\n\n<div style=\"height:38px\" aria-hidden=\"true\" class=\"wp-block-spacer\"><\/div>\n\n\n\n<p>Internal study on the state of the art of HTC (<em>High-throughput computing<\/em>) in the context of the notice of opening of calls for the use of the RNCA <\/p>\n\n\n\n<div class=\"wp-block-buttons is-layout-flex wp-block-buttons-is-layout-flex\">\n<div class=\"wp-block-button is-style-fill\"><a class=\"wp-block-button__link\" href=\"https:\/\/rnca.fccn.pt\/wp-content\/uploads\/2021\/03\/Estudo_HTC.pdf\" style=\"border-radius:44px\" target=\"_blank\" rel=\"noreferrer noopener\">Download<\/a><\/div>\n<\/div>\n\n\n\n<div style=\"height:100px\" aria-hidden=\"true\" class=\"wp-block-spacer\"><\/div>\n\n\n\n<p>MPI cluster configuration experience (<em>Message Passing Interface<\/em>) small-scale public cloud \u2013 May 2022<\/p>\n\n\n\n<div class=\"wp-block-buttons is-layout-flex wp-block-buttons-is-layout-flex\">\n<div class=\"wp-block-button\"><a class=\"wp-block-button__link\" href=\"https:\/\/rnca.fccn.pt\/wp-content\/uploads\/2022\/05\/CasoUso_GCP_HPC.pdf\" target=\"_blank\" rel=\"noreferrer noopener\">Download<\/a><\/div>\n<\/div>","protected":false},"excerpt":{"rendered":"<p>Notas t\u00e9cnicas Estudo interno sobre o estado da arte do HTC (High-throughput computing) no contexto do aviso de abertura de concursos para uso da RNCA Experi\u00eancia de configura\u00e7\u00e3o de cluster &#8230;<\/p>","protected":false},"author":3,"featured_media":0,"parent":0,"menu_order":0,"comment_status":"closed","ping_status":"closed","template":"","meta":{"inline_featured_image":false,"_monsterinsights_skip_tracking":false,"_monsterinsights_sitenote_active":false,"_monsterinsights_sitenote_note":"","_monsterinsights_sitenote_category":0,"footnotes":""},"class_list":["post-2118","page","type-page","status-publish","hentry"],"_links":{"self":[{"href":"https:\/\/rnca.fccn.pt\/en\/wp-json\/wp\/v2\/pages\/2118","targetHints":{"allow":["GET"]}}],"collection":[{"href":"https:\/\/rnca.fccn.pt\/en\/wp-json\/wp\/v2\/pages"}],"about":[{"href":"https:\/\/rnca.fccn.pt\/en\/wp-json\/wp\/v2\/types\/page"}],"author":[{"embeddable":true,"href":"https:\/\/rnca.fccn.pt\/en\/wp-json\/wp\/v2\/users\/3"}],"replies":[{"embeddable":true,"href":"https:\/\/rnca.fccn.pt\/en\/wp-json\/wp\/v2\/comments?post=2118"}],"version-history":[{"count":8,"href":"https:\/\/rnca.fccn.pt\/en\/wp-json\/wp\/v2\/pages\/2118\/revisions"}],"predecessor-version":[{"id":5350,"href":"https:\/\/rnca.fccn.pt\/en\/wp-json\/wp\/v2\/pages\/2118\/revisions\/5350"}],"wp:attachment":[{"href":"https:\/\/rnca.fccn.pt\/en\/wp-json\/wp\/v2\/media?parent=2118"}],"curies":[{"name":"wp","href":"https:\/\/api.w.org\/{rel}","templated":true}]}}