{"id":3190,"date":"2023-06-01T08:00:00","date_gmt":"2023-06-01T08:00:00","guid":{"rendered":"https:\/\/rnca.fccn.pt\/?page_id=3190"},"modified":"2023-07-26T15:14:40","modified_gmt":"2023-07-26T15:14:40","slug":"candidaturas-iac-acesso-variavel","status":"publish","type":"page","link":"https:\/\/rnca.fccn.pt\/en\/candidaturas-iac-acesso-variavel\/","title":{"rendered":"Candidaturas CPCA-IAC &#8211; Acesso Variavel"},"content":{"rendered":"<h2 class=\"wp-block-heading\">Advanced Computing Project Competition:<\/h2>\n\n\n\n<h2 class=\"wp-block-heading\">Artificial Intelligence in <em>Cloud<\/em> <\/h2>\n\n\n\n<h2 class=\"wp-block-heading\">2nd edition<\/h2>\n\n\n\n<p><em><sup>Ref.: FCT\/CPCA-IAC\/2023\/01<\/sup><\/em><\/p>\n\n\n\n<h5 class=\"wp-block-heading has-text-align-center has-white-color has-pale-cyan-blue-background-color has-text-color has-background\"><strong><mark style=\"background-color:rgba(0, 0, 0, 0)\" class=\"has-inline-color has-black-color\">SUBMISSIONS OPEN FROM June 1st to July 26th 2023 (1 PM, Lisbon time)<\/mark><\/strong> \u2013 Applications closed<\/h5>","protected":false},"excerpt":{"rendered":"<p>Concurso de Projetos de Computa\u00e7\u00e3o Avan\u00e7ada: Intelig\u00eancia Artificial em Cloud 2\u00ba edi\u00e7\u00e3o Ref.: FCT\/CPCA-IAC\/2023\/01 SUBMISS\u00d5ES ABERTAS DE 1 de junho at\u00e9 26 de julho 2023 (13H, hora de Lisboa) &#8211; &#8230;<\/p>","protected":false},"author":11,"featured_media":0,"parent":0,"menu_order":0,"comment_status":"closed","ping_status":"closed","template":"","meta":{"inline_featured_image":false,"_monsterinsights_skip_tracking":false,"_monsterinsights_sitenote_active":false,"_monsterinsights_sitenote_note":"","_monsterinsights_sitenote_category":0,"footnotes":""},"class_list":["post-3190","page","type-page","status-publish","hentry"],"_links":{"self":[{"href":"https:\/\/rnca.fccn.pt\/en\/wp-json\/wp\/v2\/pages\/3190","targetHints":{"allow":["GET"]}}],"collection":[{"href":"https:\/\/rnca.fccn.pt\/en\/wp-json\/wp\/v2\/pages"}],"about":[{"href":"https:\/\/rnca.fccn.pt\/en\/wp-json\/wp\/v2\/types\/page"}],"author":[{"embeddable":true,"href":"https:\/\/rnca.fccn.pt\/en\/wp-json\/wp\/v2\/users\/11"}],"replies":[{"embeddable":true,"href":"https:\/\/rnca.fccn.pt\/en\/wp-json\/wp\/v2\/comments?post=3190"}],"version-history":[{"count":29,"href":"https:\/\/rnca.fccn.pt\/en\/wp-json\/wp\/v2\/pages\/3190\/revisions"}],"predecessor-version":[{"id":7738,"href":"https:\/\/rnca.fccn.pt\/en\/wp-json\/wp\/v2\/pages\/3190\/revisions\/7738"}],"wp:attachment":[{"href":"https:\/\/rnca.fccn.pt\/en\/wp-json\/wp\/v2\/media?parent=3190"}],"curies":[{"name":"wp","href":"https:\/\/api.w.org\/{rel}","templated":true}]}}