{"id":3336,"date":"2022-03-09T12:55:05","date_gmt":"2022-03-09T12:55:05","guid":{"rendered":"https:\/\/rnca.fccn.pt\/?page_id=3336"},"modified":"2022-10-06T14:21:26","modified_gmt":"2022-10-06T14:21:26","slug":"3ca-ubi","status":"publish","type":"page","link":"https:\/\/rnca.fccn.pt\/en\/3ca-ubi\/","title":{"rendered":"3CA-UBI"},"content":{"rendered":"<div class=\"wp-block-group has-white-background-color has-background\"><div class=\"wp-block-group__inner-container is-layout-flow wp-block-group-is-layout-flow\">\n<div class=\"wp-block-columns alignwide is-layout-flex wp-container-core-columns-is-layout-9d6595d7 wp-block-columns-is-layout-flex\">\n<div class=\"wp-block-column is-layout-flow wp-block-column-is-layout-flow\">\n<p class=\"has-black-color has-text-color\" style=\"font-size:60px;line-height:1.1\"><strong>3CA-UBI<\/strong><\/p>\n\n\n\n<p style=\"font-size:25px\"><strong>Competence Center and<\/strong> <strong> Visualization in Advanced Computing<\/strong><\/p>\n<\/div>\n<\/div>\n\n\n\n<div class=\"wp-block-columns alignwide is-layout-flex wp-container-core-columns-is-layout-9d6595d7 wp-block-columns-is-layout-flex\">\n<div class=\"wp-block-column is-layout-flow wp-block-column-is-layout-flow\">\n<figure class=\"wp-block-image alignfull size-large\"><img loading=\"lazy\" decoding=\"async\" width=\"1024\" height=\"506\" src=\"https:\/\/rnca.fccn.pt\/wp-content\/uploads\/2022\/09\/3caubi_12-1024x506.jpg\" alt=\"3caubi\" class=\"wp-image-4786\" srcset=\"https:\/\/rnca.fccn.pt\/wp-content\/uploads\/2022\/09\/3caubi_12-1024x506.jpg 1024w, https:\/\/rnca.fccn.pt\/wp-content\/uploads\/2022\/09\/3caubi_12-300x148.jpg 300w, https:\/\/rnca.fccn.pt\/wp-content\/uploads\/2022\/09\/3caubi_12-768x379.jpg 768w, https:\/\/rnca.fccn.pt\/wp-content\/uploads\/2022\/09\/3caubi_12.jpg 1280w\" sizes=\"auto, (max-width: 1024px) 100vw, 1024px\" \/><\/figure>\n<\/div>\n\n\n\n<div class=\"wp-block-column is-layout-flow wp-block-column-is-layout-flow\">\n<p class=\"has-extra-small-font-size\"> This Competence Center connects the<a rel=\"noreferrer noopener\" href=\"https:\/\/www.ubi.pt\/\" data-type=\"URL\" data-id=\"https:\/\/www.ubi.pt\/\" target=\"_blank\"> University of Beira Interior <\/a>(UBI) to national supercomputing structures, constituting an important tool for scientific production in various fields of knowledge: economics, health, climate, energy, and the study of social processes. This Center also aims to strengthen the connection between the scientific system and the industrial sector.<\/p>\n\n\n\n<p class=\"has-extra-small-font-size\">The protocol that created this structure was signed on November 16, 2020, between FCT IP and UBI. Learn more at <a rel=\"noreferrer noopener\" href=\"https:\/\/www.ubi.pt\/Noticia\/6908\" target=\"_blank\">news<\/a>.<\/p>\n<\/div>\n<\/div>\n\n\n\n<div style=\"height:100px\" aria-hidden=\"true\" class=\"wp-block-spacer\"><\/div>\n<\/div><\/div>\n\n\n\n<div class=\"wp-block-columns is-layout-flex wp-container-core-columns-is-layout-9d6595d7 wp-block-columns-is-layout-flex\">\n<div class=\"wp-block-column is-layout-flow wp-block-column-is-layout-flow\">\n<h2 class=\"has-large-font-size wp-block-heading\">Main valences<\/h2>\n\n\n\n<div class=\"wp-block-group has-black-color has-text-color\"><div class=\"wp-block-group__inner-container is-layout-flow wp-block-group-is-layout-flow\">\n<p class=\"has-black-color has-text-color\">HPC Support<\/p>\n\n\n\n<p class=\"has-black-color has-text-color\">Artificial Intelligence on GPU<\/p>\n\n\n\n<p class=\"has-black-color has-text-color\">Data Processing and Visualization<\/p>\n<\/div><\/div>\n<\/div>\n\n\n\n<div class=\"wp-block-column has-white-background-color has-background is-layout-flow wp-block-column-is-layout-flow\">\n<h2 class=\"has-large-font-size wp-block-heading\">Technical specifications<\/h2>\n\n\n\n<div class=\"wp-block-group\"><div class=\"wp-block-group__inner-container is-layout-flow wp-block-group-is-layout-flow\">\n<p>DELL EMC Precision 5820 Workstation \u2013 i9 CPU 18 cores 3GHz, 64GB RAM, 1TB SSD, 2xNVIDIA Quadro RTC5000 GPU (16GB)<\/p>\n\n\n\n<p>2\u00d73 videowall with NEC MultiSync\u00ae UN552VS LCD 55\u2033, native 1920\u00d71080, supporting up to 3840\u00d72160, bezel of 0.88mm<\/p>\n<\/div><\/div>\n<\/div>\n\n\n\n<div class=\"wp-block-column is-vertically-aligned-top has-white-color has-vivid-cyan-blue-background-color has-text-color has-background is-layout-flow wp-block-column-is-layout-flow\">\n<div class=\"wp-block-group alignfull\"><div class=\"wp-block-group__inner-container is-layout-flow wp-block-group-is-layout-flow\">\n<div class=\"wp-block-group alignfull\"><div class=\"wp-block-group__inner-container is-layout-flow wp-block-group-is-layout-flow\">\n<div class=\"wp-block-group alignfull\"><div class=\"wp-block-group__inner-container is-layout-flow wp-block-group-is-layout-flow\">\n<h2 class=\"alignfull has-white-color has-text-color has-large-font-size wp-block-heading\">Useful information <\/h2>\n<\/div><\/div>\n\n\n\n<p>web: <a href=\"http:\/\/3ca.ubi.pt\/\" target=\"_blank\" rel=\"noreferrer noopener\">http:\/\/3ca.ubi.pt\/<\/a><\/p>\n\n\n\n<p>tel: <a href=\"tel:+351275319886\">275319886 <\/a>(Computer Services)<\/p>\n\n\n\n<p>address: University of Beira Interior, Room 3CA.UBI, Marqu\u00eas D&#039;\u00c1vila and Bolama Street, 6201-001 Covilh\u00e3<\/p>\n\n\n\n<p>markings:  <a href=\"http:\/\/3ca.ubi.pt\/\" target=\"_blank\" rel=\"noreferrer noopener\">http:\/\/3ca.ubi.pt\/ <\/a><\/p>\n<\/div><\/div>\n<\/div><\/div>\n<\/div>\n<\/div>\n\n\n\n<div style=\"height:100px\" aria-hidden=\"true\" class=\"wp-block-spacer\"><\/div>\n\n\n\n<p>Access Policy: The center&#039;s room and resources are accessible via Access Requests based on scientific or pedagogical grounds.<\/p>\n\n\n\n<div style=\"height:100px\" aria-hidden=\"true\" class=\"wp-block-spacer\"><\/div>","protected":false},"excerpt":{"rendered":"<p>3CA-UBI Centro de Compet\u00eancias e Visualiza\u00e7\u00e3o em Computa\u00e7\u00e3o Avan\u00e7ada Este Centro de Compet\u00eancias liga a Universidade da Beira Interior (UBI) \u00e0s estruturas de supercomputa\u00e7\u00e3o nacionais, constituindo uma importante ferramenta de &#8230;<\/p>","protected":false},"author":11,"featured_media":0,"parent":0,"menu_order":0,"comment_status":"closed","ping_status":"closed","template":"","meta":{"inline_featured_image":false,"_monsterinsights_skip_tracking":false,"_monsterinsights_sitenote_active":false,"_monsterinsights_sitenote_note":"","_monsterinsights_sitenote_category":0,"footnotes":""},"class_list":["post-3336","page","type-page","status-publish","hentry"],"_links":{"self":[{"href":"https:\/\/rnca.fccn.pt\/en\/wp-json\/wp\/v2\/pages\/3336","targetHints":{"allow":["GET"]}}],"collection":[{"href":"https:\/\/rnca.fccn.pt\/en\/wp-json\/wp\/v2\/pages"}],"about":[{"href":"https:\/\/rnca.fccn.pt\/en\/wp-json\/wp\/v2\/types\/page"}],"author":[{"embeddable":true,"href":"https:\/\/rnca.fccn.pt\/en\/wp-json\/wp\/v2\/users\/11"}],"replies":[{"embeddable":true,"href":"https:\/\/rnca.fccn.pt\/en\/wp-json\/wp\/v2\/comments?post=3336"}],"version-history":[{"count":168,"href":"https:\/\/rnca.fccn.pt\/en\/wp-json\/wp\/v2\/pages\/3336\/revisions"}],"predecessor-version":[{"id":5390,"href":"https:\/\/rnca.fccn.pt\/en\/wp-json\/wp\/v2\/pages\/3336\/revisions\/5390"}],"wp:attachment":[{"href":"https:\/\/rnca.fccn.pt\/en\/wp-json\/wp\/v2\/media?parent=3336"}],"curies":[{"name":"wp","href":"https:\/\/api.w.org\/{rel}","templated":true}]}}