{"id":44,"date":"2020-04-28T15:42:02","date_gmt":"2020-04-28T15:42:02","guid":{"rendered":"http:\/\/10.10.10.130:8080\/?page_id=44"},"modified":"2026-02-02T12:35:48","modified_gmt":"2026-02-02T12:35:48","slug":"inicio2","status":"publish","type":"page","link":"https:\/\/rnca.fccn.pt\/en\/","title":{"rendered":"About"},"content":{"rendered":"<div class=\"wp-block-cover alignwide\" style=\"min-height:314px;aspect-ratio:unset;\"><img loading=\"lazy\" decoding=\"async\" width=\"1400\" height=\"486\" class=\"wp-block-cover__image-background wp-image-2907\" alt=\" Datacenter\" src=\"https:\/\/rnca.fccn.pt\/wp-content\/uploads\/2021\/10\/destaque.jpg\" style=\"object-position:0% 50%\" data-object-fit=\"cover\" data-object-position=\"0% 50%\" srcset=\"https:\/\/rnca.fccn.pt\/wp-content\/uploads\/2021\/10\/destaque.jpg 1400w, https:\/\/rnca.fccn.pt\/wp-content\/uploads\/2021\/10\/destaque-300x104.jpg 300w, https:\/\/rnca.fccn.pt\/wp-content\/uploads\/2021\/10\/destaque-1024x355.jpg 1024w, https:\/\/rnca.fccn.pt\/wp-content\/uploads\/2021\/10\/destaque-768x267.jpg 768w\" sizes=\"auto, (max-width: 1400px) 100vw, 1400px\" \/><span aria-hidden=\"true\" class=\"wp-block-cover__background has-background-dim-0 has-background-dim\"><\/span><div class=\"wp-block-cover__inner-container is-layout-flow wp-block-cover-is-layout-flow\">\n<h1 class=\"wp-block-heading has-text-align-right has-white-color has-text-color has-link-color has-medium-font-size wp-elements-bd9aa2131e4c6c0a4bc804b01fe769dc\"><strong>What is the Advanced Computing Service at FCT?<\/strong><\/h1>\n\n\n\n<p class=\"has-text-align-right has-small-font-size\"><strong>The Advanced Computing Service aims to provide advanced computing services to the research, technology, innovation, and industry communities. It brings together infrastructure, human resources, and partnerships related to Advanced Computing within the country.<\/strong><\/p>\n<\/div><\/div>\n\n\n\n<p class=\"has-text-align-center first-center has-black-color has-text-color has-link-color wp-elements-4aa08e3b1e90ecd898c0410622e51b9c\">The Advanced Computing Service&#039;s mission is to provide advanced computing services to the research, technology, and innovation\/industry communities in Portugal.<\/p>\n\n\n\n<p class=\"has-text-align-center last-center\"><strong><em>The internal regulations of the Service <a href=\"https:\/\/dre.pt\/home\/-\/dre\/149532837\/details\/maximized\">can be consulted online<\/a><\/em><\/strong><\/p>\n\n\n\n<hr class=\"wp-block-separator has-text-color has-alpha-channel-opacity has-background is-style-default\" style=\"background-color:#ffffff00;color:#ffffff00\"\/>\n\n\n\n<div class=\"wp-block-buttons is-content-justification-center is-layout-flex wp-container-core-buttons-is-layout-16018d1d wp-block-buttons-is-layout-flex\">\n<div class=\"wp-block-button is-style-fill\"><a class=\"wp-block-button__link has-vivid-cyan-blue-background-color has-background wp-element-button\" href=\"https:\/\/lp.egoi.page\/peCeT0S\/subscrever\" target=\"_blank\" rel=\"noreferrer noopener\"><strong>Subscribe to the Newsletter<\/strong><\/a><\/div>\n<\/div>\n\n\n\n<div class=\"wp-block-columns services is-layout-flex wp-container-core-columns-is-layout-9d6595d7 wp-block-columns-is-layout-flex\">\n<div class=\"wp-block-column is-layout-flow wp-block-column-is-layout-flow\"><div class=\"wp-block-image\">\n<figure class=\"aligncenter size-large\"><img loading=\"lazy\" decoding=\"async\" width=\"124\" height=\"124\" src=\"https:\/\/rnca.fccn.pt\/wp-content\/uploads\/2021\/10\/ca.svg\" alt=\"ca\" class=\"wp-image-2905\"\/><\/figure>\n<\/div>\n\n\n<p class=\"has-text-align-center has-black-color has-text-color has-link-color has-medium-font-size wp-elements-78eb1a3aaa36fa5de456f8e893f22bdd\"><strong>ADVANCED COMPUTING<\/strong><\/p>\n\n\n\n<p class=\"has-text-align-center has-black-color has-text-color has-link-color wp-elements-ec9950f92e45aeaaa4f4d28e2e6bdf44\"><strong>WHAT IS IT?<\/strong><\/p>\n\n\n\n<p class=\"has-text-align-center translation-block\">Advanced computing is today an essential tool for scientific, technological, and economic development. <a href=\"https:\/\/www.fccn.pt\/noticias\/rnca-conheca-os-supercomputadores-nacionais\/\" data-type=\"URL\" data-id=\"https:\/\/www.fccn.pt\/noticias\/rnca-conheca-os-supercomputadores-nacionais\/\" target=\"_blank\" rel=\"noreferrer noopener\"><strong>Learn more about this concept and its uses<\/strong><\/a> .<\/p>\n<\/div>\n\n\n\n<div class=\"wp-block-column is-layout-flow wp-block-column-is-layout-flow\"><div class=\"wp-block-image\">\n<figure class=\"aligncenter size-large\"><img loading=\"lazy\" decoding=\"async\" width=\"138\" height=\"130\" src=\"https:\/\/rnca.fccn.pt\/wp-content\/uploads\/2021\/10\/cos.svg\" alt=\"cos\" class=\"wp-image-2906\"\/><\/figure>\n<\/div>\n\n\n<p class=\"has-text-align-center has-black-color has-text-color has-link-color has-medium-font-size wp-elements-81f0701bf848e494c63c61f21d1375b7\"><strong>OPERATIONAL CENTERS<\/strong><\/p>\n\n\n\n<p class=\"has-text-align-center has-black-color has-text-color has-link-color wp-elements-cab54e0343bb31210d086b6923c30ff8\"><strong>WHERE TO USE?<\/strong><\/p>\n\n\n\n<p class=\"has-text-align-center translation-block\">The <a href=\"\/en\/recursos\/\" data-type=\"URL\" data-id=\"\/recursos\/\" target=\"_self\"><strong>Operational Centers<\/strong><\/a> provide the user community with HPC, HTC, Cloud and other computing services, particularly in terms of technological capacity.<\/p>\n<\/div>\n\n\n\n<div class=\"wp-block-column is-layout-flow wp-block-column-is-layout-flow\"><div class=\"wp-block-image\">\n<figure class=\"aligncenter size-large\"><img loading=\"lazy\" decoding=\"async\" width=\"142\" height=\"132\" src=\"https:\/\/rnca.fccn.pt\/wp-content\/uploads\/2021\/10\/acesso.svg\" alt=\"acesso\" class=\"wp-image-2904\"\/><\/figure>\n<\/div>\n\n\n<p class=\"has-text-align-center has-black-color has-text-color has-link-color has-medium-font-size wp-elements-9635e469077a5a5027175ab939e238f4\"><strong>ACCESS AND CALLS<\/strong><\/p>\n\n\n\n<p class=\"has-text-align-center has-black-color has-text-color has-link-color wp-elements-212676c6309c86bebf80bf428b01060b\"><strong>HOW TO USE?<\/strong><\/p>\n\n\n\n<p class=\"has-text-align-center translation-block\">RNCA computing resources are destined to the research, technology, and innovation\/industry communities. Public and private institutions in any scientific field may request <a href=\"\/en\/acesso\/\" data-type=\"URL\" data-id=\"\/acesso\/\" target=\"_self\"><strong>access<\/strong><\/a> .<\/p>\n<\/div>\n<\/div>\n\n\n\n<hr class=\"wp-block-separator has-css-opacity\"\/>\n\n\n\n<div class=\"wp-block-columns is-layout-flex wp-container-core-columns-is-layout-9d6595d7 wp-block-columns-is-layout-flex\">\n<div class=\"wp-block-column is-layout-flow wp-block-column-is-layout-flow\"><div class=\"wp-block-image\">\n<figure class=\"alignright size-full is-resized\"><img loading=\"lazy\" decoding=\"async\" width=\"100\" height=\"100\" src=\"https:\/\/rnca.fccn.pt\/wp-content\/uploads\/2024\/10\/PT_PRETO_Horizontal.svg\" alt=\"\" class=\"wp-image-9396\" style=\"aspect-ratio:3.909090909090909;width:350px;height:auto\"\/><\/figure>\n<\/div><\/div>\n\n\n\n<div class=\"wp-block-column is-vertically-aligned-center is-layout-flow wp-block-column-is-layout-flow\"><div class=\"wp-block-image\">\n<figure class=\"alignleft size-large is-resized\"><img decoding=\"async\" src=\"https:\/\/rnca.fccn.pt\/wp-content\/uploads\/2024\/10\/footer_logo-fccn-fct-preto.svg\" alt=\"Logo FCCN | FCT\" class=\"wp-image-9394\" style=\"width:313px;height:auto\"\/><\/figure>\n<\/div><\/div>\n<\/div>\n\n\n\n<p><\/p>","protected":false},"excerpt":{"rendered":"<p>O Servi\u00e7o de Computa\u00e7\u00e3o Avan\u00e7ada tem como miss\u00e3o disponibilizar servi\u00e7os de computa\u00e7\u00e3o avan\u00e7ada \u00e0s comunidades de investiga\u00e7\u00e3o, tecnologia e inova\u00e7\u00e3o\/ind\u00fastria em Portugal. O regulamento interno do Servi\u00e7o pode ser consultado &#8230;<\/p>","protected":false},"author":8,"featured_media":0,"parent":0,"menu_order":0,"comment_status":"closed","ping_status":"closed","template":"","meta":{"inline_featured_image":false,"_monsterinsights_skip_tracking":false,"_monsterinsights_sitenote_active":false,"_monsterinsights_sitenote_note":"","_monsterinsights_sitenote_category":0,"footnotes":""},"class_list":["post-44","page","type-page","status-publish","hentry"],"_links":{"self":[{"href":"https:\/\/rnca.fccn.pt\/en\/wp-json\/wp\/v2\/pages\/44","targetHints":{"allow":["GET"]}}],"collection":[{"href":"https:\/\/rnca.fccn.pt\/en\/wp-json\/wp\/v2\/pages"}],"about":[{"href":"https:\/\/rnca.fccn.pt\/en\/wp-json\/wp\/v2\/types\/page"}],"author":[{"embeddable":true,"href":"https:\/\/rnca.fccn.pt\/en\/wp-json\/wp\/v2\/users\/8"}],"replies":[{"embeddable":true,"href":"https:\/\/rnca.fccn.pt\/en\/wp-json\/wp\/v2\/comments?post=44"}],"version-history":[{"count":145,"href":"https:\/\/rnca.fccn.pt\/en\/wp-json\/wp\/v2\/pages\/44\/revisions"}],"predecessor-version":[{"id":10655,"href":"https:\/\/rnca.fccn.pt\/en\/wp-json\/wp\/v2\/pages\/44\/revisions\/10655"}],"wp:attachment":[{"href":"https:\/\/rnca.fccn.pt\/en\/wp-json\/wp\/v2\/media?parent=44"}],"curies":[{"name":"wp","href":"https:\/\/api.w.org\/{rel}","templated":true}]}}