{"id":460,"date":"2020-05-27T13:53:50","date_gmt":"2020-05-27T13:53:50","guid":{"rendered":"http:\/\/10.10.10.130:8080\/?page_id=460"},"modified":"2025-02-13T15:19:21","modified_gmt":"2025-02-13T15:19:21","slug":"organizacao","status":"publish","type":"page","link":"https:\/\/rnca.fccn.pt\/en\/organizacao\/","title":{"rendered":"Organization"},"content":{"rendered":"<h2 class=\"wp-block-heading\"><strong><span class=\"has-inline-color has-vivid-cyan-blue-color\">Organization<\/span><\/strong><\/h2>\n\n\n\n<div style=\"height:50px\" aria-hidden=\"true\" class=\"wp-block-spacer\"><\/div>\n\n\n\n<p>The RNCA \u2013 National Advanced Computing Network \u2013 is managed by <a rel=\"noreferrer noopener\" href=\"https:\/\/www.fct.pt\/financiamento\/programas-de-financiamento\/computacao\/\" type=\"URL\" id=\"https:\/\/www.fct.pt\/index.phtml.pt\" target=\"_blank\">Foundation for Science and Technology, IP (FCT)<\/a>, designed to provide advanced computing services to the research, technology, and innovation communities. It was created by the Digital Skills Initiative <strong><a rel=\"noreferrer noopener\" href=\"https:\/\/www.incode2030.gov.pt\/\" type=\"URL\" id=\"https:\/\/www.incode2030.gov.pt\/computacao-avancada\" target=\"_blank\">Portugal INCoDe.2030<\/a><\/strong>, through Council of Ministers resolution 26\/2018. It was integrated into the National Roadmap for Research Infrastructures of Strategic Interest (RNIE) in April 2019 through Order No. 4157\/2019 of the Office of the Minister of Science, Technology and Higher Education.<\/p>\n\n\n\n<p>According to its internal regulations, the RNCA has the following organization, after formal appointment of its respective bodies:<\/p>\n\n\n\n<div style=\"height:20px\" aria-hidden=\"true\" class=\"wp-block-spacer\"><\/div>\n\n\n\n<div class=\"wp-block-group\"><div class=\"wp-block-group__inner-container is-layout-flow wp-block-group-is-layout-flow\">\n<div class=\"wp-block-group\"><div class=\"wp-block-group__inner-container is-layout-flow wp-block-group-is-layout-flow\"><div class=\"wp-block-image\">\n<figure class=\"aligncenter size-large\"><img loading=\"lazy\" decoding=\"async\" width=\"552\" height=\"294\" src=\"https:\/\/rnca.fccn.pt\/wp-content\/uploads\/2020\/12\/orgRNCA2-1.png\" alt=\"\" class=\"wp-image-1110\" srcset=\"https:\/\/rnca.fccn.pt\/wp-content\/uploads\/2020\/12\/orgRNCA2-1.png 552w, https:\/\/rnca.fccn.pt\/wp-content\/uploads\/2020\/12\/orgRNCA2-1-300x160.png 300w\" sizes=\"auto, (max-width: 552px) 100vw, 552px\" \/><\/figure>\n<\/div><\/div><\/div>\n<\/div><\/div>\n\n\n\n<div style=\"height:26px\" aria-hidden=\"true\" class=\"wp-block-spacer\"><\/div>\n\n\n\n<p>Where,  <\/p>\n\n\n\n<ul class=\"wp-block-list\">\n<li>The \u201cCoordination Council\u201d is the highest management body of the RNCA, consisting of a representative from each Operational Center and each Competence Center.<\/li>\n\n\n\n<li>\u201cRNCA Manager\u201d is responsible for conducting the RNCA\u2019s activities and is accountable to the Coordination Council.<\/li>\n\n\n\n<li>The &quot;Access Committee&quot; is responsible for implementing access to RNCA resources. It reviews and prioritizes usage proposals from user communities, based on an access policy.<\/li>\n\n\n\n<li>The \u201cExternal Advisory Committee\u201d supports the FCT and the RNCA bodies, advising them whenever necessary, on the strategic orientation of the RNCA.<\/li>\n\n\n\n<li>\u201cRNCA User Forum\u201d is the body for sharing knowledge and advice from the wider RNCA user community.<\/li>\n<\/ul>\n\n\n\n<p><\/p>\n\n\n\n<p>The COs and CCs are also essential components of the RNCA:<\/p>\n\n\n\n<h2 class=\"wp-block-heading has-vivid-cyan-blue-color has-text-color has-link-color has-small-font-size wp-elements-16e38475b4d08f1d426d4330d7f74850\"><a href=\"https:\/\/rnca.fccn.pt\/en\/recursos\/\" data-type=\"page\" data-id=\"34\" target=\"_blank\" rel=\"noreferrer noopener\">Operational Centers (CO)<\/a><\/h2>\n\n\n\n<p>COs provide the user community with advanced computing services as well as the corresponding technical support services, with a set of minimum requirements that they must meet, particularly in terms of technological capacity.<\/p>\n\n\n\n<h2 class=\"wp-block-heading has-vivid-cyan-blue-color has-text-color has-link-color has-small-font-size wp-elements-e3f11b6eb83c5fdeffe46bbed6a8692b\"><strong><a href=\"https:\/\/rnca.fccn.pt\/en\/centros-de-competencias\/\" data-type=\"page\" data-id=\"4832\">Competence Centers<\/a><\/strong> (CC)<\/h2>\n\n\n\n<p class=\"translation-block\">The CC guarantees the user community, in a logic of proximity, supports the effective and efficient application of advanced computing resources, namely technical support services, information visualization, training, advice and aid for program development.<\/p>\n\n\n\n<p><\/p>","protected":false},"excerpt":{"rendered":"<p>Organiza\u00e7\u00e3o A RNCA \u2013 Rede Nacional de Computa\u00e7\u00e3o Avan\u00e7ada \u2013 \u00e9 gerida pela Funda\u00e7\u00e3o para a Ci\u00eancia e a Tecnologia, I.P. (FCT), destinando-se a disponibilizar servi\u00e7os de computa\u00e7\u00e3o avan\u00e7ada \u00e0s &#8230;<\/p>","protected":false},"author":2,"featured_media":0,"parent":0,"menu_order":0,"comment_status":"closed","ping_status":"closed","template":"","meta":{"inline_featured_image":false,"_monsterinsights_skip_tracking":false,"_monsterinsights_sitenote_active":false,"_monsterinsights_sitenote_note":"","_monsterinsights_sitenote_category":0,"footnotes":""},"class_list":["post-460","page","type-page","status-publish","hentry"],"_links":{"self":[{"href":"https:\/\/rnca.fccn.pt\/en\/wp-json\/wp\/v2\/pages\/460","targetHints":{"allow":["GET"]}}],"collection":[{"href":"https:\/\/rnca.fccn.pt\/en\/wp-json\/wp\/v2\/pages"}],"about":[{"href":"https:\/\/rnca.fccn.pt\/en\/wp-json\/wp\/v2\/types\/page"}],"author":[{"embeddable":true,"href":"https:\/\/rnca.fccn.pt\/en\/wp-json\/wp\/v2\/users\/2"}],"replies":[{"embeddable":true,"href":"https:\/\/rnca.fccn.pt\/en\/wp-json\/wp\/v2\/comments?post=460"}],"version-history":[{"count":64,"href":"https:\/\/rnca.fccn.pt\/en\/wp-json\/wp\/v2\/pages\/460\/revisions"}],"predecessor-version":[{"id":9619,"href":"https:\/\/rnca.fccn.pt\/en\/wp-json\/wp\/v2\/pages\/460\/revisions\/9619"}],"wp:attachment":[{"href":"https:\/\/rnca.fccn.pt\/en\/wp-json\/wp\/v2\/media?parent=460"}],"curies":[{"name":"wp","href":"https:\/\/api.w.org\/{rel}","templated":true}]}}