{"id":4652,"date":"2022-07-20T16:22:42","date_gmt":"2022-07-20T16:22:42","guid":{"rendered":"https:\/\/rnca.fccn.pt\/?page_id=4652"},"modified":"2024-09-24T14:00:51","modified_gmt":"2024-09-24T14:00:51","slug":"concursos-europeus","status":"publish","type":"page","link":"https:\/\/rnca.fccn.pt\/en\/concursos-europeus\/","title":{"rendered":"European Competitions"},"content":{"rendered":"<h2 class=\"wp-block-heading\"><\/h2>\n\n\n\n<div style=\"height:77px\" aria-hidden=\"true\" class=\"wp-block-spacer\"><\/div>\n\n\n\n<h1 class=\"wp-block-heading\"><strong><strong><span class=\"has-inline-color has-black-color\">Open European competitions<\/span><\/strong><\/strong><\/h1>\n\n\n\n<div style=\"height:19px\" aria-hidden=\"true\" class=\"wp-block-spacer\"><\/div>\n\n\n\n<figure class=\"wp-block-image size-large is-resized\"><img loading=\"lazy\" decoding=\"async\" width=\"801\" height=\"348\" src=\"https:\/\/rnca.fccn.pt\/wp-content\/uploads\/2021\/05\/hpc_logo.jpg\" alt=\"Logo EuroHPC\" class=\"wp-image-2383\" style=\"aspect-ratio:2.2962962962962963;width:454px;height:auto\" srcset=\"https:\/\/rnca.fccn.pt\/wp-content\/uploads\/2021\/05\/hpc_logo.jpg 801w, https:\/\/rnca.fccn.pt\/wp-content\/uploads\/2021\/05\/hpc_logo-300x130.jpg 300w, https:\/\/rnca.fccn.pt\/wp-content\/uploads\/2021\/05\/hpc_logo-768x334.jpg 768w\" sizes=\"auto, (max-width: 801px) 100vw, 801px\" \/><\/figure>\n\n\n\n<p><mark style=\"background-color:rgba(0, 0, 0, 0)\" class=\"has-inline-color has-black-color\"><strong>Access to supercomputers<\/strong><strong>: <\/strong><\/mark><\/p>\n\n\n\n<ul class=\"wp-block-list\">\n<li><a href=\"https:\/\/eurohpc-ju.europa.eu\/eurohpc-ju-call-proposals-benchmark-access_en\" data-type=\"URL\" data-id=\"https:\/\/prace-ri.eu\/hpc-access\/eurohpc-access\/eurohpc-ju-benchmark-and-development-access-calls\/\" target=\"_blank\" rel=\"noreferrer noopener\">EuroHPC JU Benchmark and Development Access Calls<\/a><\/li>\n\n\n\n<li><a href=\"https:\/\/eurohpc-ju.europa.eu\/eurohpc-ju-call-proposals-regular-access-mode_en\" data-type=\"URL\" data-id=\"https:\/\/prace-ri.eu\/hpc-access\/eurohpc-access\/eurohpc-ju-regular-access-mode\/\" target=\"_blank\" rel=\"noreferrer noopener\">EuroHPC JU Call For Proposals For Regular Access Mode<\/a><\/li>\n\n\n\n<li><a href=\"https:\/\/eurohpc-ju.europa.eu\/eurohpc-ju-call-proposals-extreme-scale-access-mode_en\" data-type=\"URL\" data-id=\"https:\/\/prace-ri.eu\/hpc-access\/eurohpc-access\/eurohpc-extreme-scale-access\/\" target=\"_blank\" rel=\"noreferrer noopener\">EuroHPC JU Call For Proposals For Extreme Scale Access Mode<\/a><\/li>\n\n\n\n<li><a href=\"https:\/\/eurohpc-ju.europa.eu\/eurohpc-ju-access-call-ai-and-data-intensive-applications_en\">EuroHPC JU Access Call for AI and Data-Intensive Applications <\/a><\/li>\n<\/ul>\n\n\n\n<p><mark style=\"background-color:rgba(0, 0, 0, 0)\" class=\"has-inline-color has-black-color\"><strong>Access to funding for Research &amp; Innovation projects:<\/strong><\/mark><\/p>\n\n\n\n<ul class=\"wp-block-list\">\n<li><a href=\"https:\/\/eurohpc-ju.europa.eu\/research-innovation_en\">Research &amp; Innovation Calls<\/a><\/li>\n<\/ul>\n\n\n\n<p><mark style=\"background-color:rgba(0, 0, 0, 0)\" class=\"has-inline-color has-black-color\"><strong>Applications for EuroHPC assessors<\/strong><\/mark>:<\/p>\n\n\n\n<ul class=\"wp-block-list\">\n<li><a href=\"https:\/\/eurohpc-ju.europa.eu\/about\/call-experts_en\">Call for Experts<\/a><\/li>\n<\/ul>\n\n\n\n<div style=\"height:111px\" aria-hidden=\"true\" class=\"wp-block-spacer\"><\/div>\n\n\n\n<h1 class=\"wp-block-heading\"><strong><strong><span class=\"has-inline-color has-black-color\">European competitions closed<\/span><\/strong><\/strong><\/h1>\n\n\n\n<div style=\"height:20px\" aria-hidden=\"true\" class=\"wp-block-spacer\"><\/div>\n\n\n\n<figure class=\"wp-block-image size-large is-resized\"><a href=\"https:\/\/web.archive.org\/web\/20221207210332\/https:\/\/www.fct.pt\/apoios\/Computacao\/index.phtml.pt\"><img loading=\"lazy\" decoding=\"async\" width=\"892\" height=\"567\" src=\"https:\/\/rnca.fccn.pt\/wp-content\/uploads\/2021\/05\/logo-icon.png\" alt=\"Logo Prace\" class=\"wp-image-2381\" style=\"aspect-ratio:1.5849056603773586;width:249px;height:auto\" srcset=\"https:\/\/rnca.fccn.pt\/wp-content\/uploads\/2021\/05\/logo-icon.png 892w, https:\/\/rnca.fccn.pt\/wp-content\/uploads\/2021\/05\/logo-icon-300x191.png 300w, https:\/\/rnca.fccn.pt\/wp-content\/uploads\/2021\/05\/logo-icon-768x488.png 768w\" sizes=\"auto, (max-width: 892px) 100vw, 892px\" \/><\/a><\/figure>\n\n\n\n<p><mark style=\"background-color:rgba(0, 0, 0, 0)\" class=\"has-inline-color has-black-color\"><strong>Access to supercomputers:<\/strong><\/mark><\/p>\n\n\n\n<ul class=\"wp-block-list\">\n<li><a href=\"https:\/\/eurohpc-ju.europa.eu\/access-our-supercomputers\/eurohpc-access-calls_en\" target=\"_blank\" rel=\"noreferrer noopener\">Access Benchmarking and Development<\/a><\/li>\n<\/ul>\n\n\n\n<div style=\"height:23px\" aria-hidden=\"true\" class=\"wp-block-spacer\"><\/div>\n\n\n\n<details class=\"wp-block-details is-layout-flow wp-block-details-is-layout-flow\"><summary><strong>High Performance Computing and High Performance Data Analytics \u2013<\/strong> <strong><a href=\"https:\/\/www.uevora.pt\/estudar\/Mobilidade\/Programas-de-Mobilidade\/Dentro-da-Europa\/Consorcio-High-Perfomance-Computing-and-High-Perfomance-Data-Analytics-HPC-HPDA-ERASMUS\">HPC+HPDA<\/a><\/strong><\/summary>\n<p>Approved under the scope of <strong>Erasmus+ Program<\/strong> This national consortium runs until May 31, 2022, and enables outbound mobility for students, faculty, and non-academic staff from member universities. Learn more about applications and eligibility requirements. <a rel=\"noreferrer noopener\" href=\"https:\/\/www.uevora.pt\/estudar\/Mobilidade\/Programas-de-Mobilidade\/Dentro-da-Europa\/Consorcio-High-Perfomance-Computing-and-High-Perfomance-Data-Analytics-HPC-HPDA-ERASMUS\" data-type=\"URL\" data-id=\"https:\/\/www.uevora.pt\/estudar\/Mobilidade\/Programas-de-Mobilidade\/Dentro-da-Europa\/Consorcio-High-Perfomance-Computing-and-High-Perfomance-Data-Analytics-HPC-HPDA-ERASMUS\" target=\"_blank\">here <\/a><\/p>\n<\/details>\n\n\n\n<div style=\"height:19px\" aria-hidden=\"true\" class=\"wp-block-spacer\"><\/div>\n\n\n\n<details class=\"wp-block-details is-layout-flow wp-block-details-is-layout-flow\"><summary>HPC3Europe \u2013 <em>Funding for research visits to build international networks in HPC<\/em><\/summary>\n<p>Submission schedule <a rel=\"noreferrer noopener\" href=\"https:\/\/web.archive.org\/web\/20221005224325\/http:\/\/www.hpc-europa.eu\/calendar\" type=\"URL\" id=\"http:\/\/www.hpc-europa.eu\/calendar\" target=\"_blank\">here<\/a><\/p>\n<\/details>\n\n\n\n<figure class=\"wp-block-image size-large is-resized\"><img loading=\"lazy\" decoding=\"async\" width=\"200\" height=\"125\" src=\"https:\/\/rnca.fccn.pt\/wp-content\/uploads\/2021\/08\/HPC3-logo_persito_trasp-02_low.png\" alt=\"\" class=\"wp-image-2811\" style=\"width:194px;height:122px\"\/><\/figure>\n\n\n\n<p><\/p>\n\n\n\n<p><\/p>","protected":false},"excerpt":{"rendered":"<p>Concursos europeus abertos Acesso aos supercomputadores: Acesso a financiamento para projetos de Investiga\u00e7\u00e3o &amp; Inova\u00e7\u00e3o: Candidaturas para avaliadores EuroHPC: Concursos europeus encerrados Acesso aos supercomputadores:<\/p>","protected":false},"author":11,"featured_media":0,"parent":0,"menu_order":0,"comment_status":"closed","ping_status":"closed","template":"","meta":{"inline_featured_image":false,"_monsterinsights_skip_tracking":false,"_monsterinsights_sitenote_active":false,"_monsterinsights_sitenote_note":"","_monsterinsights_sitenote_category":0,"footnotes":""},"class_list":["post-4652","page","type-page","status-publish","hentry"],"_links":{"self":[{"href":"https:\/\/rnca.fccn.pt\/en\/wp-json\/wp\/v2\/pages\/4652","targetHints":{"allow":["GET"]}}],"collection":[{"href":"https:\/\/rnca.fccn.pt\/en\/wp-json\/wp\/v2\/pages"}],"about":[{"href":"https:\/\/rnca.fccn.pt\/en\/wp-json\/wp\/v2\/types\/page"}],"author":[{"embeddable":true,"href":"https:\/\/rnca.fccn.pt\/en\/wp-json\/wp\/v2\/users\/11"}],"replies":[{"embeddable":true,"href":"https:\/\/rnca.fccn.pt\/en\/wp-json\/wp\/v2\/comments?post=4652"}],"version-history":[{"count":21,"href":"https:\/\/rnca.fccn.pt\/en\/wp-json\/wp\/v2\/pages\/4652\/revisions"}],"predecessor-version":[{"id":9341,"href":"https:\/\/rnca.fccn.pt\/en\/wp-json\/wp\/v2\/pages\/4652\/revisions\/9341"}],"wp:attachment":[{"href":"https:\/\/rnca.fccn.pt\/en\/wp-json\/wp\/v2\/media?parent=4652"}],"curies":[{"name":"wp","href":"https:\/\/api.w.org\/{rel}","templated":true}]}}