{"id":4788,"date":"2022-09-27T11:07:33","date_gmt":"2022-09-27T11:07:33","guid":{"rendered":"https:\/\/rnca.fccn.pt\/?page_id=4788"},"modified":"2024-11-14T11:03:45","modified_gmt":"2024-11-14T11:03:45","slug":"cva-ua","status":"publish","type":"page","link":"https:\/\/rnca.fccn.pt\/en\/cva-ua\/","title":{"rendered":"CVA-UA"},"content":{"rendered":"<div class=\"wp-block-group has-white-background-color has-background\"><div class=\"wp-block-group__inner-container is-layout-flow wp-block-group-is-layout-flow\">\n<div class=\"wp-block-columns alignwide is-layout-flex wp-container-core-columns-is-layout-9d6595d7 wp-block-columns-is-layout-flex\">\n<div class=\"wp-block-column is-layout-flow wp-block-column-is-layout-flow\">\n<p class=\"has-black-color has-text-color\" style=\"font-size:60px;line-height:1.1\"><strong>CVA-UA<\/strong><\/p>\n\n\n\n<p style=\"font-size:25px\"><strong>Competence Center and<\/strong> <strong> Visualization in Advanced Computing<\/strong><\/p>\n<\/div>\n<\/div>\n\n\n\n<div class=\"wp-block-columns alignwide is-layout-flex wp-container-core-columns-is-layout-9d6595d7 wp-block-columns-is-layout-flex\">\n<div class=\"wp-block-column is-layout-flow wp-block-column-is-layout-flow\">\n<figure class=\"wp-block-image alignfull size-full\"><img loading=\"lazy\" decoding=\"async\" width=\"858\" height=\"487\" src=\"https:\/\/rnca.fccn.pt\/wp-content\/uploads\/2022\/10\/ccvca_ua.jpg\" alt=\"ccvca_ua\" class=\"wp-image-5123\" srcset=\"https:\/\/rnca.fccn.pt\/wp-content\/uploads\/2022\/10\/ccvca_ua.jpg 858w, https:\/\/rnca.fccn.pt\/wp-content\/uploads\/2022\/10\/ccvca_ua-300x170.jpg 300w, https:\/\/rnca.fccn.pt\/wp-content\/uploads\/2022\/10\/ccvca_ua-768x436.jpg 768w\" sizes=\"auto, (max-width: 858px) 100vw, 858px\" \/><\/figure>\n<\/div>\n\n\n\n<div class=\"wp-block-column is-layout-flow wp-block-column-is-layout-flow\">\n<p>The Advanced Visualization Center<a rel=\"noreferrer noopener\" href=\"https:\/\/www.ua.pt\/\" data-type=\"URL\" data-id=\"https:\/\/www.ua.pt\/\" target=\"_blank\"> University of Aveiro<\/a> (UA) aims to strengthen the environment for research, innovation, and entrepreneurship, as well as ensure the mobilization of effective and diverse data processing in all areas of knowledge: economics, health, climate, energy, mobility, and social processes. It also aims to adopt standards and best practices to create interoperability. <\/p>\n\n\n\n<p>\u201c<em>We provide companies with equipment that requires a large investment and, thus, enable new forms of interaction and visualization that would otherwise be difficult to achieve.<\/em>\u201d \u2013 Paulo Dias, Assistant Professor in the Department of Electronics, Telecommunications and Computer Science, at UA<\/p>\n<\/div>\n<\/div>\n\n\n\n<div style=\"height:100px\" aria-hidden=\"true\" class=\"wp-block-spacer\"><\/div>\n<\/div><\/div>\n\n\n\n<div class=\"wp-block-columns is-layout-flex wp-container-core-columns-is-layout-9d6595d7 wp-block-columns-is-layout-flex\">\n<div class=\"wp-block-column is-layout-flow wp-block-column-is-layout-flow\">\n<p class=\"has-black-color has-text-color has-link-color has-medium-font-size wp-elements-c81728d0f5447c1e0d00eeb28e429833\"><strong>Main valences<\/strong><\/p>\n\n\n\n<div class=\"wp-block-group has-black-color has-text-color\"><div class=\"wp-block-group__inner-container is-layout-flow wp-block-group-is-layout-flow\">\n<p><span style=\"font-size: revert;\">Virtual and Augmented Reality<\/span><\/p>\n\n\n\n<p><span style=\"font-size: revert;\">Visualization<\/span> 3D<\/p>\n\n\n\n<p>Remote Collaboration<\/p>\n<\/div><\/div>\n<\/div>\n\n\n\n<div class=\"wp-block-column has-white-background-color has-background is-layout-flow wp-block-column-is-layout-flow\">\n<p class=\"has-black-color has-text-color has-link-color has-medium-font-size wp-elements-a86489aa84341c39007aa960332c783f\"><strong>Technical specifications<\/strong><\/p>\n\n\n\n<div class=\"wp-block-group\"><div class=\"wp-block-group__inner-container is-layout-flow wp-block-group-is-layout-flow\">\n<p class=\"has-black-color has-text-color has-link-color wp-elements-74e28375c5b6b578c7b5c415585435a5\">Video wall 3.60\u00d72.04m<br>8k resolution, 5760x3240px<br>9 NEC UN552V, 55\u201d screens<\/p>\n\n\n\n<p class=\"has-black-color has-text-color has-link-color wp-elements-f2b68c0239f81f930294b1588916d0e5\">Desktop ALIENWARE AURORA R10 AMD Ryzen 9 5900x<br>Windows 10 Home<br>NVIDIA GeForce RTX\u2122 3060 Ti<br>64GB, DDR4, 3200MHz, XMP<br>1TB 7200RPM SATA 6Gb\/s<\/p>\n\n\n\n<p class=\"has-black-color has-text-color has-link-color wp-elements-69e919a151a7e53feb25baa3a72927a6\">Microsoft Hololens with gaze tracking, gesture input, voice support, and spatial sound<\/p>\n\n\n\n<p class=\"has-black-color has-text-color has-link-color wp-elements-ca0f8149935b08dec869a3807ecf4239\">Quest 64GB glasses with 3D cinematic sound<\/p>\n\n\n\n<p class=\"has-black-color has-text-color has-link-color wp-elements-4a10b2b577cecc6423c3370827ac0418\">HTC Vive<\/p>\n\n\n\n<p class=\"has-black-color has-text-color has-link-color wp-elements-48301497ffbd0a8c56eae562eaf8aef7\">Mobile Precision 7550<\/p>\n\n\n\n<p class=\"has-black-color has-text-color has-link-color wp-elements-c4b43726b8b60f49ae4b0fdcc98349f1\">SAGE2 Software<\/p>\n<\/div><\/div>\n<\/div>\n\n\n\n<div class=\"wp-block-column is-vertically-aligned-top has-white-color has-vivid-cyan-blue-background-color has-text-color has-background is-layout-flow wp-block-column-is-layout-flow\">\n<div class=\"wp-block-group alignfull\"><div class=\"wp-block-group__inner-container is-layout-flow wp-block-group-is-layout-flow\">\n<div class=\"wp-block-group alignfull\"><div class=\"wp-block-group__inner-container is-layout-flow wp-block-group-is-layout-flow\">\n<div class=\"wp-block-group alignfull\"><div class=\"wp-block-group__inner-container is-layout-flow wp-block-group-is-layout-flow\">\n<p class=\"has-white-color has-text-color has-medium-font-size\">Useful information <\/p>\n<\/div><\/div>\n\n\n\n<p>web: <a rel=\"noreferrer noopener\" href=\"https:\/\/www.ua.pt\/\" data-type=\"URL\" data-id=\"https:\/\/www.ua.pt\/\" target=\"_blank\"><\/a><a href=\"http:\/\/videowall.web.ua.pt\/\" target=\"_blank\" rel=\"noreferrer noopener\">http:\/\/videowall.web.ua.pt\/<\/a><\/p>\n\n\n\n<p>tel: <a href=\"tel:+351234370531\" data-type=\"tel\" data-id=\"tel:+351234370531\">234 370 531<\/a><\/p>\n\n\n\n<p>address: IEETA \/ Santiago University Campus, 3810-193, Aveiro<\/p>\n\n\n\n<p class=\"has-black-color has-text-color has-link-color wp-elements-1cc7c4af5d66d14202bed1a84ebc1f08\">M<strong>arches: <\/strong><br>Antonio Neves (IEETA) <a href=\"mailto:an@ua.pt\">an@ua.pt<\/a><br>Jose Vieira (IEETA) <a href=\"mailto:jnvieira@ua.pt\">jnvieira@ua.pt<\/a><br>Daniel Canedo (IEETA) danielduartecanedo@ua.pt <\/p>\n<\/div><\/div>\n<\/div><\/div>\n<\/div>\n<\/div>\n\n\n\n<div style=\"height:100px\" aria-hidden=\"true\" class=\"wp-block-spacer\"><\/div>\n\n\n\n<p>Access Policy: To be assessed on a case-by-case basis.<\/p>\n\n\n\n<div style=\"height:100px\" aria-hidden=\"true\" class=\"wp-block-spacer\"><\/div>","protected":false},"excerpt":{"rendered":"<p>CVA-UA Centro de Compet\u00eancias e Visualiza\u00e7\u00e3o em Computa\u00e7\u00e3o Avan\u00e7ada O Centro de Visualiza\u00e7\u00e3o Avan\u00e7ada da Universidade de Aveiro (UA) pretende fortalecer o ambiente de investiga\u00e7\u00e3o, inova\u00e7\u00e3o e empreendedorismo, bem como &#8230;<\/p>","protected":false},"author":11,"featured_media":0,"parent":0,"menu_order":0,"comment_status":"closed","ping_status":"closed","template":"","meta":{"inline_featured_image":false,"_monsterinsights_skip_tracking":false,"_monsterinsights_sitenote_active":false,"_monsterinsights_sitenote_note":"","_monsterinsights_sitenote_category":0,"footnotes":""},"class_list":["post-4788","page","type-page","status-publish","hentry"],"_links":{"self":[{"href":"https:\/\/rnca.fccn.pt\/en\/wp-json\/wp\/v2\/pages\/4788","targetHints":{"allow":["GET"]}}],"collection":[{"href":"https:\/\/rnca.fccn.pt\/en\/wp-json\/wp\/v2\/pages"}],"about":[{"href":"https:\/\/rnca.fccn.pt\/en\/wp-json\/wp\/v2\/types\/page"}],"author":[{"embeddable":true,"href":"https:\/\/rnca.fccn.pt\/en\/wp-json\/wp\/v2\/users\/11"}],"replies":[{"embeddable":true,"href":"https:\/\/rnca.fccn.pt\/en\/wp-json\/wp\/v2\/comments?post=4788"}],"version-history":[{"count":31,"href":"https:\/\/rnca.fccn.pt\/en\/wp-json\/wp\/v2\/pages\/4788\/revisions"}],"predecessor-version":[{"id":9441,"href":"https:\/\/rnca.fccn.pt\/en\/wp-json\/wp\/v2\/pages\/4788\/revisions\/9441"}],"wp:attachment":[{"href":"https:\/\/rnca.fccn.pt\/en\/wp-json\/wp\/v2\/media?parent=4788"}],"curies":[{"name":"wp","href":"https:\/\/api.w.org\/{rel}","templated":true}]}}