{"id":4794,"date":"2022-10-03T15:40:40","date_gmt":"2022-10-03T15:40:40","guid":{"rendered":"https:\/\/rnca.fccn.pt\/?page_id=4794"},"modified":"2022-10-17T10:39:46","modified_gmt":"2022-10-17T10:39:46","slug":"ccvca-ist-ul","status":"publish","type":"page","link":"https:\/\/rnca.fccn.pt\/en\/ccvca-ist-ul\/","title":{"rendered":"CCVCA-IST.UL"},"content":{"rendered":"<div class=\"wp-block-group has-white-background-color has-background\"><div class=\"wp-block-group__inner-container is-layout-flow wp-block-group-is-layout-flow\">\n<div class=\"wp-block-columns alignwide is-layout-flex wp-container-core-columns-is-layout-9d6595d7 wp-block-columns-is-layout-flex\">\n<div class=\"wp-block-column is-layout-flow wp-block-column-is-layout-flow\">\n<p class=\"has-black-color has-text-color\" style=\"font-size:60px;line-height:1.1\"><strong>CCVCA-IST.UL<\/strong><\/p>\n\n\n\n<p style=\"font-size:25px\"><strong>Competence Center and<\/strong> <strong> Visualization in Advanced Computing<\/strong><\/p>\n<\/div>\n<\/div>\n\n\n\n<div class=\"wp-block-columns alignwide is-layout-flex wp-container-core-columns-is-layout-9d6595d7 wp-block-columns-is-layout-flex\">\n<div class=\"wp-block-column is-layout-flow wp-block-column-is-layout-flow\">\n<figure class=\"wp-block-image alignfull size-large\"><img loading=\"lazy\" decoding=\"async\" width=\"1024\" height=\"576\" src=\"https:\/\/rnca.fccn.pt\/wp-content\/uploads\/2022\/10\/videowall_ist-1024x576.jpg\" alt=\"ist_videowall\" class=\"wp-image-5096\" srcset=\"https:\/\/rnca.fccn.pt\/wp-content\/uploads\/2022\/10\/videowall_ist-1024x576.jpg 1024w, https:\/\/rnca.fccn.pt\/wp-content\/uploads\/2022\/10\/videowall_ist-300x169.jpg 300w, https:\/\/rnca.fccn.pt\/wp-content\/uploads\/2022\/10\/videowall_ist-768x432.jpg 768w, https:\/\/rnca.fccn.pt\/wp-content\/uploads\/2022\/10\/videowall_ist-1536x864.jpg 1536w, https:\/\/rnca.fccn.pt\/wp-content\/uploads\/2022\/10\/videowall_ist-2048x1152.jpg 2048w\" sizes=\"auto, (max-width: 1024px) 100vw, 1024px\" \/><\/figure>\n<\/div>\n\n\n\n<div class=\"wp-block-column is-layout-flow wp-block-column-is-layout-flow\">\n<p>The Advanced Computing Competence and Visualization Center of the <a rel=\"noreferrer noopener\" href=\"https:\/\/tecnico.ulisboa.pt\/pt\/\" target=\"_blank\">Higher Technical Institute of the University of Lisbon <\/a>(IST-UL) serves as a meeting point for the scientific community associated with IST&#039;s High Performance Computing. It is open to research projects upon prior registration and subject to the center&#039;s availability. <\/p>\n\n\n\n<p>\u201c<em>The Visualization Center is a unique resource not only for presenting new products and solutions in all sectors of Science, Engineering and Architecture, but also as a tool for collaborative work in Computational Science and Engineering, and in all areas where data and its exploration with tools associated with Advanced Computing are critical.<\/em>\u201d \u2013 Lu\u00eds Oliveira e Silva, full professor in the physics department at IST<\/p>\n<\/div>\n<\/div>\n\n\n\n<div style=\"height:100px\" aria-hidden=\"true\" class=\"wp-block-spacer\"><\/div>\n<\/div><\/div>\n\n\n\n<div class=\"wp-block-columns is-layout-flex wp-container-core-columns-is-layout-9d6595d7 wp-block-columns-is-layout-flex\">\n<div class=\"wp-block-column is-layout-flow wp-block-column-is-layout-flow\">\n<h2 class=\"has-large-font-size wp-block-heading\">Main valences<\/h2>\n\n\n\n<div class=\"wp-block-group has-black-color has-text-color\"><div class=\"wp-block-group__inner-container is-layout-flow wp-block-group-is-layout-flow\">\n<p>Meeting room<\/p>\n\n\n\n<p>Video wall for collaborative exploration of local and remote data<\/p>\n\n\n\n<p>Immersive VC Equipment<\/p>\n<\/div><\/div>\n<\/div>\n\n\n\n<div class=\"wp-block-column has-white-background-color has-background is-layout-flow wp-block-column-is-layout-flow\">\n<h2 class=\"has-large-font-size wp-block-heading\">Technical specifications<\/h2>\n\n\n\n<div class=\"wp-block-group\"><div class=\"wp-block-group__inner-container is-layout-flow wp-block-group-is-layout-flow\">\n<p>VideoWall 3\u00d74 monitors 55\u2033 HD LEDs (4.87mx 2.06m) with thin bezel, 12 NUC i7, 16GB ram, 512GB<\/p>\n\n\n\n<p>Video conference room<\/p>\n\n\n\n<p>2x 60\u2033 4K Professional UHD Monitors<\/p>\n\n\n\n<p>2x Video Conferencing Infrastructures (Two High Resolution PTZ Cameras)<\/p>\n\n\n\n<p>Tabletop microphone (boundary)<\/p>\n\n\n\n<p>10Gbit\/s RCTS connectivity and wireless infrastructure<\/p>\n\n\n\n<p>Graphics workstation<\/p>\n<\/div><\/div>\n<\/div>\n\n\n\n<div class=\"wp-block-column is-vertically-aligned-top has-white-color has-vivid-cyan-blue-background-color has-text-color has-background is-layout-flow wp-block-column-is-layout-flow\">\n<div class=\"wp-block-group alignfull\"><div class=\"wp-block-group__inner-container is-layout-flow wp-block-group-is-layout-flow\">\n<div class=\"wp-block-group alignfull\"><div class=\"wp-block-group__inner-container is-layout-flow wp-block-group-is-layout-flow\">\n<div class=\"wp-block-group alignfull\"><div class=\"wp-block-group__inner-container is-layout-flow wp-block-group-is-layout-flow\">\n<h2 class=\"alignfull has-white-color has-text-color has-large-font-size wp-block-heading\">Useful information <\/h2>\n<\/div><\/div>\n\n\n\n<p>web: <a href=\"http:\/\/tecnico.ulisboa.pt\/\" data-type=\"URL\" data-id=\"tecnico.ulisboa.pt\/\" target=\"_blank\" rel=\"noreferrer noopener\">tecnico.ulisboa.pt\/<\/a><\/p>\n\n\n\n<p>tel: <a href=\"tel:+351218417506\" data-type=\"tel\" data-id=\"tel:+351218417506\">218 417 506<\/a><\/p>\n\n\n\n<p>Address: Av. Rovisco Pais, 1049-001 Lisbon<\/p>\n\n\n\n<p>appointments: si@tecnico.ulisboa.pt  <\/p>\n<\/div><\/div>\n<\/div><\/div>\n<\/div>\n<\/div>\n\n\n\n<div style=\"height:100px\" aria-hidden=\"true\" class=\"wp-block-spacer\"><\/div>\n\n\n\n<p>Access Policy: Free for research projects, subject to prior registration and according to available slots.<\/p>\n\n\n\n<div style=\"height:53px\" aria-hidden=\"true\" class=\"wp-block-spacer\"><\/div>","protected":false},"excerpt":{"rendered":"<p>CCVCA-IST.UL Centro de Compet\u00eancias e Visualiza\u00e7\u00e3o em Computa\u00e7\u00e3o Avan\u00e7ada O Centro de Compet\u00eancias e Visualiza\u00e7\u00e3o em Computa\u00e7\u00e3o Avan\u00e7ada do Instituto Superior T\u00e9cnico da Universidade de Lisboa (IST-UL) serve de ponto &#8230;<\/p>","protected":false},"author":11,"featured_media":0,"parent":0,"menu_order":0,"comment_status":"closed","ping_status":"closed","template":"","meta":{"inline_featured_image":false,"_monsterinsights_skip_tracking":false,"_monsterinsights_sitenote_active":false,"_monsterinsights_sitenote_note":"","_monsterinsights_sitenote_category":0,"footnotes":""},"class_list":["post-4794","page","type-page","status-publish","hentry"],"_links":{"self":[{"href":"https:\/\/rnca.fccn.pt\/en\/wp-json\/wp\/v2\/pages\/4794","targetHints":{"allow":["GET"]}}],"collection":[{"href":"https:\/\/rnca.fccn.pt\/en\/wp-json\/wp\/v2\/pages"}],"about":[{"href":"https:\/\/rnca.fccn.pt\/en\/wp-json\/wp\/v2\/types\/page"}],"author":[{"embeddable":true,"href":"https:\/\/rnca.fccn.pt\/en\/wp-json\/wp\/v2\/users\/11"}],"replies":[{"embeddable":true,"href":"https:\/\/rnca.fccn.pt\/en\/wp-json\/wp\/v2\/comments?post=4794"}],"version-history":[{"count":23,"href":"https:\/\/rnca.fccn.pt\/en\/wp-json\/wp\/v2\/pages\/4794\/revisions"}],"predecessor-version":[{"id":5472,"href":"https:\/\/rnca.fccn.pt\/en\/wp-json\/wp\/v2\/pages\/4794\/revisions\/5472"}],"wp:attachment":[{"href":"https:\/\/rnca.fccn.pt\/en\/wp-json\/wp\/v2\/media?parent=4794"}],"curies":[{"name":"wp","href":"https:\/\/api.w.org\/{rel}","templated":true}]}}