{"id":4802,"date":"2022-09-27T11:13:05","date_gmt":"2022-09-27T11:13:05","guid":{"rendered":"https:\/\/rnca.fccn.pt\/?page_id=4802"},"modified":"2022-12-16T13:25:14","modified_gmt":"2022-12-16T13:25:14","slug":"ccvca-utad","status":"publish","type":"page","link":"https:\/\/rnca.fccn.pt\/en\/ccvca-utad\/","title":{"rendered":"CCVCA-UTAD"},"content":{"rendered":"<div class=\"wp-block-group has-white-background-color has-background\"><div class=\"wp-block-group__inner-container is-layout-flow wp-block-group-is-layout-flow\">\n<div class=\"wp-block-columns alignwide is-layout-flex wp-container-core-columns-is-layout-9d6595d7 wp-block-columns-is-layout-flex\">\n<div class=\"wp-block-column is-layout-flow wp-block-column-is-layout-flow\">\n<p class=\"has-black-color has-text-color\" style=\"font-size:60px;line-height:1.1\"><strong>CCVCA-UTAD<\/strong><\/p>\n\n\n\n<p style=\"font-size:25px\"><strong>Competence Center and<\/strong> <strong> Visualization in Advanced Computing<\/strong><\/p>\n<\/div>\n<\/div>\n\n\n\n<div class=\"wp-block-columns alignwide is-layout-flex wp-container-core-columns-is-layout-9d6595d7 wp-block-columns-is-layout-flex\">\n<div class=\"wp-block-column is-layout-flow wp-block-column-is-layout-flow\">\n<figure class=\"wp-block-image alignfull size-large\"><img loading=\"lazy\" decoding=\"async\" width=\"1024\" height=\"683\" src=\"https:\/\/rnca.fccn.pt\/wp-content\/uploads\/2022\/12\/CCVCA-RCNA_v2-1024x683.jpg\" alt=\"utad\" class=\"wp-image-6377\" srcset=\"https:\/\/rnca.fccn.pt\/wp-content\/uploads\/2022\/12\/CCVCA-RCNA_v2-1024x683.jpg 1024w, https:\/\/rnca.fccn.pt\/wp-content\/uploads\/2022\/12\/CCVCA-RCNA_v2-300x200.jpg 300w, https:\/\/rnca.fccn.pt\/wp-content\/uploads\/2022\/12\/CCVCA-RCNA_v2-768x512.jpg 768w, https:\/\/rnca.fccn.pt\/wp-content\/uploads\/2022\/12\/CCVCA-RCNA_v2-1536x1024.jpg 1536w, https:\/\/rnca.fccn.pt\/wp-content\/uploads\/2022\/12\/CCVCA-RCNA_v2-2048x1365.jpg 2048w\" sizes=\"auto, (max-width: 1024px) 100vw, 1024px\" \/><\/figure>\n<\/div>\n\n\n\n<div class=\"wp-block-column is-layout-flow wp-block-column-is-layout-flow\" style=\"flex-basis:600px\">\n<p>The Advanced Computing Competence and Visualization Center of <a rel=\"noreferrer noopener\" href=\"http:\/\/utad.pt\/\" target=\"_blank\">University of Tr\u00e1s os Montes and Alto Douro<\/a> (UTAD) acts as a facilitator of advanced computing skills, providing researchers, teachers, students and the business community with the ability to process and visualize data. <\/p>\n\n\n\n<p>\u201c<em>Reflecting UTAD&#039;s main strengths, the Visualization Center focuses on the areas of computer vision, artificial intelligence and virtual reality, and is equipped with equipment that facilitates access to and use of these technologies.<\/em>\u201d \u2013 Hugo Paredes, Pro-Rector for Digital Transition and Administrative Modernization, Associate Professor at UTAD.<\/p>\n<\/div>\n<\/div>\n\n\n\n<div style=\"height:100px\" aria-hidden=\"true\" class=\"wp-block-spacer\"><\/div>\n<\/div><\/div>\n\n\n\n<div class=\"wp-block-columns is-layout-flex wp-container-core-columns-is-layout-9d6595d7 wp-block-columns-is-layout-flex\">\n<div class=\"wp-block-column is-layout-flow wp-block-column-is-layout-flow\">\n<h2 class=\"has-large-font-size wp-block-heading\">Main valences<\/h2>\n\n\n\n<div class=\"wp-block-group has-black-color has-text-color\"><div class=\"wp-block-group__inner-container is-layout-flow wp-block-group-is-layout-flow\">\n<p><span style=\"font-size: revert;\">Support for the business sector<\/span><\/p>\n\n\n\n<p> <\/p>\n<\/div><\/div>\n<\/div>\n\n\n\n<div class=\"wp-block-column has-white-background-color has-background is-layout-flow wp-block-column-is-layout-flow\">\n<h2 class=\"has-large-font-size wp-block-heading\">Technical specifications<\/h2>\n\n\n\n<div class=\"wp-block-group\"><div class=\"wp-block-group__inner-container is-layout-flow wp-block-group-is-layout-flow\">\n<p>Alienware Aurora R12 Workstation with 11th Gen Intel\u00ae Core\u2122 i9 11900KF and NVIDIA\u00ae GeForce RTX\u2122 3090, 24GB GDDR6X<\/p>\n\n\n\n<p>3x4 Video Wall<\/p>\n\n\n\n<p>DELL T7920 Visualization Server, 2 Intel Xeon Gold 5220R processors totaling 48 processing cores and 4 NVIDIA RTX400 GPU cards<\/p>\n\n\n\n<p>HTC Vive Pro 3D visualization equipment<\/p>\n\n\n\n<p>Optitrack Prime x13 motion capture sensors with 8 cameras<\/p>\n\n\n\n<p>SAGE2 Software<\/p>\n<\/div><\/div>\n<\/div>\n\n\n\n<div class=\"wp-block-column is-vertically-aligned-top has-white-color has-vivid-cyan-blue-background-color has-text-color has-background is-layout-flow wp-block-column-is-layout-flow\">\n<div class=\"wp-block-group alignfull\"><div class=\"wp-block-group__inner-container is-layout-flow wp-block-group-is-layout-flow\">\n<div class=\"wp-block-group alignfull\"><div class=\"wp-block-group__inner-container is-layout-flow wp-block-group-is-layout-flow\">\n<div class=\"wp-block-group alignfull\"><div class=\"wp-block-group__inner-container is-layout-flow wp-block-group-is-layout-flow\">\n<h2 class=\"alignfull has-white-color has-text-color has-large-font-size wp-block-heading\">Useful information <\/h2>\n<\/div><\/div>\n\n\n\n<p>tel: <a href=\"tel:+351259350000\" data-type=\"tel\" data-id=\"tel:+351259350000\">259 350 000<\/a>(Computer Services)<\/p>\n\n\n\n<p>address: University of Tr\u00e1s-os-Montes and Alto Douro \u2013 Quinta de Prados, Vila Real<\/p>\n\n\n\n<p>appointments: ccvca@utad.pt<\/p>\n<\/div><\/div>\n<\/div><\/div>\n<\/div>\n<\/div>\n\n\n\n<div style=\"height:100px\" aria-hidden=\"true\" class=\"wp-block-spacer\"><\/div>\n\n\n\n<p>Access Policy: The center&#039;s space and resources are accessible upon prior registration via email. <a href=\"mailto:ccvca@utad.pt\">ccvca@utad.pt<\/a>.<\/p>\n\n\n\n<div style=\"height:100px\" aria-hidden=\"true\" class=\"wp-block-spacer\"><\/div>","protected":false},"excerpt":{"rendered":"<p>CCVCA-UTAD Centro de Compet\u00eancias e Visualiza\u00e7\u00e3o em Computa\u00e7\u00e3o Avan\u00e7ada O Centro de Compet\u00eancias e Visualiza\u00e7\u00e3o em Computa\u00e7\u00e3o Avan\u00e7ada da Universidade de Tr\u00e1s os Montes e Alto Douro (UTAD) atua como &#8230;<\/p>","protected":false},"author":11,"featured_media":0,"parent":0,"menu_order":0,"comment_status":"closed","ping_status":"closed","template":"","meta":{"inline_featured_image":false,"_monsterinsights_skip_tracking":false,"_monsterinsights_sitenote_active":false,"_monsterinsights_sitenote_note":"","_monsterinsights_sitenote_category":0,"footnotes":""},"class_list":["post-4802","page","type-page","status-publish","hentry"],"_links":{"self":[{"href":"https:\/\/rnca.fccn.pt\/en\/wp-json\/wp\/v2\/pages\/4802","targetHints":{"allow":["GET"]}}],"collection":[{"href":"https:\/\/rnca.fccn.pt\/en\/wp-json\/wp\/v2\/pages"}],"about":[{"href":"https:\/\/rnca.fccn.pt\/en\/wp-json\/wp\/v2\/types\/page"}],"author":[{"embeddable":true,"href":"https:\/\/rnca.fccn.pt\/en\/wp-json\/wp\/v2\/users\/11"}],"replies":[{"embeddable":true,"href":"https:\/\/rnca.fccn.pt\/en\/wp-json\/wp\/v2\/comments?post=4802"}],"version-history":[{"count":23,"href":"https:\/\/rnca.fccn.pt\/en\/wp-json\/wp\/v2\/pages\/4802\/revisions"}],"predecessor-version":[{"id":6380,"href":"https:\/\/rnca.fccn.pt\/en\/wp-json\/wp\/v2\/pages\/4802\/revisions\/6380"}],"wp:attachment":[{"href":"https:\/\/rnca.fccn.pt\/en\/wp-json\/wp\/v2\/media?parent=4802"}],"curies":[{"name":"wp","href":"https:\/\/api.w.org\/{rel}","templated":true}]}}