{"id":486,"date":"2020-05-27T14:27:47","date_gmt":"2020-05-27T14:27:47","guid":{"rendered":"http:\/\/10.10.10.130:8080\/?page_id=486"},"modified":"2024-05-07T15:39:35","modified_gmt":"2024-05-07T15:39:35","slug":"estrategia","status":"publish","type":"page","link":"https:\/\/rnca.fccn.pt\/en\/estrategia\/","title":{"rendered":"Strategy"},"content":{"rendered":"<h2 class=\"wp-block-heading\"><strong><span class=\"has-inline-color has-vivid-cyan-blue-color\">Strategy<\/span><\/strong><\/h2>\n\n\n\n<div style=\"height:41px\" aria-hidden=\"true\" class=\"wp-block-spacer\"><\/div>\n\n\n<div class=\"wp-block-image\">\n<figure class=\"aligncenter size-large is-resized\"><img loading=\"lazy\" decoding=\"async\" width=\"400\" height=\"200\" src=\"https:\/\/rnca.fccn.pt\/wp-content\/uploads\/2021\/01\/computacaoavancada.png\" alt=\"Estrat\u00e9gia Computa\u00e7\u00e3o Avan\u00e7ada 2030\" class=\"wp-image-1503\" style=\"width:350px;height:175px\" srcset=\"https:\/\/rnca.fccn.pt\/wp-content\/uploads\/2021\/01\/computacaoavancada.png 400w, https:\/\/rnca.fccn.pt\/wp-content\/uploads\/2021\/01\/computacaoavancada-300x150.png 300w\" sizes=\"auto, (max-width: 400px) 100vw, 400px\" \/><\/figure>\n<\/div>\n\n\n<p>The National Advanced Computing Network contributes to the initiative&#039;s goals <a href=\"https:\/\/www.incode2030.gov.pt\/\" type=\"URL\" id=\"https:\/\/www.incode2030.gov.pt\/computacao-avancada\" target=\"_blank\" rel=\"noreferrer noopener\">Portugal INCoDe2030<\/a>, particularly in its axis 5, which aims to ensure the conditions for the production of new knowledge and active participation in international R&amp;D networks and programs. In this context, the following objectives have already been defined for the RNCA:<\/p>\n\n\n\n<ul class=\"wp-block-list\">\n<li>Promote the increase of national digital skills in the area of advanced computing;<\/li>\n<\/ul>\n\n\n\n<ul class=\"wp-block-list\">\n<li>Promote the increased use of advanced computing by national research and innovation communities;<\/li>\n<\/ul>\n\n\n\n<ul class=\"wp-block-list\">\n<li>Manage and articulate the various national digital infrastructures, both existing and emerging, in terms of the development and operation of advanced computing services.<\/li>\n<\/ul>\n\n\n\n<ul class=\"wp-block-list\">\n<li>Ensure the international coordination of national advanced computing resources, in particular with the TACC, the BSC and the European advanced computing networks.<\/li>\n<\/ul>\n\n\n\n<p><\/p>\n\n\n\n<p>The main areas of activity of advanced computing are represented in the following diagram:<\/p>\n\n\n\n<div style=\"height:21px\" aria-hidden=\"true\" class=\"wp-block-spacer\"><\/div>\n\n\n<div class=\"wp-block-image\">\n<figure class=\"aligncenter size-large\"><img loading=\"lazy\" decoding=\"async\" width=\"408\" height=\"411\" src=\"https:\/\/rnca.fccn.pt\/wp-content\/uploads\/2020\/11\/areas-acao-RNCA.png\" alt=\"Estrat\u00e9gia e componentes \" class=\"wp-image-790\" srcset=\"https:\/\/rnca.fccn.pt\/wp-content\/uploads\/2020\/11\/areas-acao-RNCA.png 408w, https:\/\/rnca.fccn.pt\/wp-content\/uploads\/2020\/11\/areas-acao-RNCA-298x300.png 298w, https:\/\/rnca.fccn.pt\/wp-content\/uploads\/2020\/11\/areas-acao-RNCA-150x150.png 150w\" sizes=\"auto, (max-width: 408px) 100vw, 408px\" \/><figcaption class=\"wp-element-caption\"> <\/figcaption><\/figure>\n<\/div>\n\n\n<div style=\"height:100px\" aria-hidden=\"true\" class=\"wp-block-spacer\"><\/div>\n\n\n\n<h2 class=\"wp-block-heading\">Related documents<\/h2>\n\n\n\n<p><a rel=\"noreferrer noopener\" href=\"https:\/\/rnca.fccn.pt\/wp-content\/uploads\/2020\/05\/out_acp_pt.pdf\" data-type=\"URL\" data-id=\"https:\/\/rnca.fccn.pt\/wp-content\/uploads\/2020\/05\/out_acp_pt.pdf\" target=\"_blank\">Advanced Computing Portugal.2030: Flyer <\/a><\/p>\n\n\n\n<p><a href=\"https:\/\/rnca.fccn.pt\/wp-content\/uploads\/2022\/04\/acp2030_progress_report_2019-2020_november2020-atualizado.pdf\" data-type=\"URL\" target=\"_blank\" rel=\"noreferrer noopener\">Advanced Computing Portugal.2030 \u2013 full version<\/a><\/p>\n\n\n\n<div style=\"height:38px\" aria-hidden=\"true\" class=\"wp-block-spacer\"><\/div>\n\n\n\n<div style=\"height:68px\" aria-hidden=\"true\" class=\"wp-block-spacer\"><\/div>\n\n\n\n<p><\/p>","protected":false},"excerpt":{"rendered":"<p>Estrat\u00e9gia A Rede Nacional de Computa\u00e7\u00e3o Avan\u00e7ada concorre para as metas da iniciativa Portugal INCoDe2030, nomeadamente no seu eixo 5, que visa garantir as condi\u00e7\u00f5es para a produ\u00e7\u00e3o de novos &#8230;<\/p>","protected":false},"author":2,"featured_media":0,"parent":0,"menu_order":0,"comment_status":"closed","ping_status":"closed","template":"","meta":{"inline_featured_image":false,"_monsterinsights_skip_tracking":false,"_monsterinsights_sitenote_active":false,"_monsterinsights_sitenote_note":"","_monsterinsights_sitenote_category":0,"footnotes":""},"class_list":["post-486","page","type-page","status-publish","hentry"],"_links":{"self":[{"href":"https:\/\/rnca.fccn.pt\/en\/wp-json\/wp\/v2\/pages\/486","targetHints":{"allow":["GET"]}}],"collection":[{"href":"https:\/\/rnca.fccn.pt\/en\/wp-json\/wp\/v2\/pages"}],"about":[{"href":"https:\/\/rnca.fccn.pt\/en\/wp-json\/wp\/v2\/types\/page"}],"author":[{"embeddable":true,"href":"https:\/\/rnca.fccn.pt\/en\/wp-json\/wp\/v2\/users\/2"}],"replies":[{"embeddable":true,"href":"https:\/\/rnca.fccn.pt\/en\/wp-json\/wp\/v2\/comments?post=486"}],"version-history":[{"count":28,"href":"https:\/\/rnca.fccn.pt\/en\/wp-json\/wp\/v2\/pages\/486\/revisions"}],"predecessor-version":[{"id":8683,"href":"https:\/\/rnca.fccn.pt\/en\/wp-json\/wp\/v2\/pages\/486\/revisions\/8683"}],"wp:attachment":[{"href":"https:\/\/rnca.fccn.pt\/en\/wp-json\/wp\/v2\/media?parent=486"}],"curies":[{"name":"wp","href":"https:\/\/api.w.org\/{rel}","templated":true}]}}