{"id":4929,"date":"2022-09-30T16:32:43","date_gmt":"2022-09-30T16:32:43","guid":{"rendered":"https:\/\/rnca.fccn.pt\/?page_id=4929"},"modified":"2024-05-24T13:28:10","modified_gmt":"2024-05-24T13:28:10","slug":"vislabmacc","status":"publish","type":"page","link":"https:\/\/rnca.fccn.pt\/en\/vislabmacc\/","title":{"rendered":"VisLab:MACC"},"content":{"rendered":"<div class=\"wp-block-group has-white-background-color has-background\"><div class=\"wp-block-group__inner-container is-layout-flow wp-block-group-is-layout-flow\">\n<p class=\"has-black-color has-text-color\" style=\"font-size:60px\"><strong>VisLab:MACC<\/strong><\/p>\n\n\n\n<p class=\"has-black-color has-text-color\" style=\"font-size:25px\"><strong>Center for Competence and Visualization in Advanced Computing<\/strong><\/p>\n\n\n\n<div style=\"height:25px\" aria-hidden=\"true\" class=\"wp-block-spacer\"><\/div>\n\n\n\n<div class=\"wp-block-columns alignwide is-layout-flex wp-container-core-columns-is-layout-9d6595d7 wp-block-columns-is-layout-flex\">\n<div class=\"wp-block-column is-layout-flow wp-block-column-is-layout-flow\">\n<figure class=\"wp-block-image alignfull size-large\"><img loading=\"lazy\" decoding=\"async\" width=\"1440\" height=\"811\" src=\"https:\/\/rnca.fccn.pt\/wp-content\/uploads\/2022\/10\/VisLab-UMinho-MACC-edited.jpg\" alt=\"Vislabmacc\" class=\"wp-image-5082\" srcset=\"https:\/\/rnca.fccn.pt\/wp-content\/uploads\/2022\/10\/VisLab-UMinho-MACC-edited.jpg 1440w, https:\/\/rnca.fccn.pt\/wp-content\/uploads\/2022\/10\/VisLab-UMinho-MACC-edited-300x169.jpg 300w, https:\/\/rnca.fccn.pt\/wp-content\/uploads\/2022\/10\/VisLab-UMinho-MACC-edited-1024x577.jpg 1024w, https:\/\/rnca.fccn.pt\/wp-content\/uploads\/2022\/10\/VisLab-UMinho-MACC-edited-768x433.jpg 768w\" sizes=\"auto, (max-width: 1440px) 100vw, 1440px\" \/><\/figure>\n<\/div>\n\n\n\n<div class=\"wp-block-column is-layout-flow wp-block-column-is-layout-flow\" style=\"flex-basis:550px\">\n<p>The Advanced Computing Competence and Visualization Center of the <a href=\"https:\/\/macc.fccn.pt\/\" target=\"_blank\" rel=\"noreferrer noopener\">Minho Advanced Computing Center<\/a> (MACC) provides computing, storage, and visualization resources and services to users in the research and innovation communities. As industry partners, they work together to understand how advanced computing can make companies more productive and competitive.<\/p>\n\n\n\n<p>They offer advanced training, hands-on courses, and hackathons on various advanced computing topics in collaboration with their network of academic partners and advanced computing centers.<\/p>\n<\/div>\n<\/div>\n\n\n\n<div style=\"height:100px\" aria-hidden=\"true\" class=\"wp-block-spacer\"><\/div>\n<\/div><\/div>\n\n\n\n<div class=\"wp-block-columns is-layout-flex wp-container-core-columns-is-layout-9d6595d7 wp-block-columns-is-layout-flex\">\n<div class=\"wp-block-column is-layout-flow wp-block-column-is-layout-flow\">\n<h2 class=\"wp-block-heading has-large-font-size\">Main valences<\/h2>\n\n\n\n<div class=\"wp-block-group has-black-color has-text-color\"><div class=\"wp-block-group__inner-container is-layout-flow wp-block-group-is-layout-flow\">\n<p class=\"has-black-color has-text-color\">HPC Support<\/p>\n\n\n\n<p>Collaborative meetings<\/p>\n\n\n\n<p>Scientific visualization<\/p>\n\n\n\n<p>Research in: Artificial Intelligence (AI),<em>&nbsp;<\/em>DataScience (DS), Machine Learning (ML)<\/p>\n\n\n\n<p>Support for Scientific Communication and Dissemination<\/p>\n<\/div><\/div>\n<\/div>\n\n\n\n<div class=\"wp-block-column has-white-background-color has-background is-layout-flow wp-block-column-is-layout-flow\">\n<h2 class=\"wp-block-heading has-large-font-size\">Technical specifications<\/h2>\n\n\n\n<div class=\"wp-block-group\"><div class=\"wp-block-group__inner-container is-layout-flow wp-block-group-is-layout-flow\">\n<p>Intel(R) Xeon(R) CPU E5-2680 32GB Infiniband 54Gbps Lustre FS Memory<\/p>\n\n\n\n<p>4\u00d73 DisplayWall with LG OLED 55\u201d 4K monitors<\/p>\n\n\n\n<p>8x Intel NUC i7\/16GB\/120GB SSD<\/p>\n\n\n\n<p>4x Dell Aurora R7 i7\/32GB\/256 SSD<\/p>\n\n\n\n<p>4x Nvidia RTX 2070 GPU<\/p>\n\n\n\n<p>Software: SAGE2<\/p>\n<\/div><\/div>\n<\/div>\n\n\n\n<div class=\"wp-block-column has-white-color has-vivid-cyan-blue-background-color has-text-color has-background is-layout-flow wp-block-column-is-layout-flow\">\n<h2 class=\"wp-block-heading has-white-color has-text-color has-large-font-size\">Useful information <\/h2>\n\n\n\n<p>web: <a href=\"https:\/\/macc.fccn.pt\/resources\" target=\"_blank\" rel=\"noreferrer noopener\">https:\/\/macc.fccn.pt\/<\/a><\/p>\n\n\n\n<p>tel: <a href=\"tel:+351253604477\" data-type=\"tel\" data-id=\"tel:+351253604477\">253 604 477<\/a><\/p>\n\n\n\n<p>address: University of Minho \u2013 Department of Informatics, Rua da Universidade, 4710 \u2013 057 Braga<\/p>\n\n\n\n<p>appointments: hello@macc.fccn.pt<\/p>\n<\/div>\n<\/div>\n\n\n\n<div style=\"height:100px\" aria-hidden=\"true\" class=\"wp-block-spacer\"><\/div>\n\n\n\n<p>Access Policy: SSH.<\/p>\n\n\n\n<div style=\"height:100px\" aria-hidden=\"true\" class=\"wp-block-spacer\"><\/div>","protected":false},"excerpt":{"rendered":"<p>VisLab:MACC Centro de Compet\u00eancias e Visualiza\u00e7\u00e3o em Computa\u00e7\u00e3o Avan\u00e7ada O Centro de Compet\u00eancias e Visualiza\u00e7\u00e3o em Computa\u00e7\u00e3o Avan\u00e7ada do Minho Advanced Computing Center (MACC) fornece recursos e servi\u00e7os de computa\u00e7\u00e3o, &#8230;<\/p>","protected":false},"author":11,"featured_media":0,"parent":0,"menu_order":0,"comment_status":"closed","ping_status":"closed","template":"","meta":{"inline_featured_image":false,"_monsterinsights_skip_tracking":false,"_monsterinsights_sitenote_active":false,"_monsterinsights_sitenote_note":"","_monsterinsights_sitenote_category":0,"footnotes":""},"class_list":["post-4929","page","type-page","status-publish","hentry"],"_links":{"self":[{"href":"https:\/\/rnca.fccn.pt\/en\/wp-json\/wp\/v2\/pages\/4929","targetHints":{"allow":["GET"]}}],"collection":[{"href":"https:\/\/rnca.fccn.pt\/en\/wp-json\/wp\/v2\/pages"}],"about":[{"href":"https:\/\/rnca.fccn.pt\/en\/wp-json\/wp\/v2\/types\/page"}],"author":[{"embeddable":true,"href":"https:\/\/rnca.fccn.pt\/en\/wp-json\/wp\/v2\/users\/11"}],"replies":[{"embeddable":true,"href":"https:\/\/rnca.fccn.pt\/en\/wp-json\/wp\/v2\/comments?post=4929"}],"version-history":[{"count":30,"href":"https:\/\/rnca.fccn.pt\/en\/wp-json\/wp\/v2\/pages\/4929\/revisions"}],"predecessor-version":[{"id":8963,"href":"https:\/\/rnca.fccn.pt\/en\/wp-json\/wp\/v2\/pages\/4929\/revisions\/8963"}],"wp:attachment":[{"href":"https:\/\/rnca.fccn.pt\/en\/wp-json\/wp\/v2\/media?parent=4929"}],"curies":[{"name":"wp","href":"https:\/\/api.w.org\/{rel}","templated":true}]}}