{"id":4938,"date":"2022-09-30T16:41:33","date_gmt":"2022-09-30T16:41:33","guid":{"rendered":"https:\/\/rnca.fccn.pt\/?page_id=4938"},"modified":"2022-12-16T13:49:28","modified_gmt":"2022-12-16T13:49:28","slug":"ccvca-ualg","status":"publish","type":"page","link":"https:\/\/rnca.fccn.pt\/en\/ccvca-ualg\/","title":{"rendered":"CCVCA-UAlg"},"content":{"rendered":"<div class=\"wp-block-group has-white-background-color has-background\"><div class=\"wp-block-group__inner-container is-layout-flow wp-block-group-is-layout-flow\">\n<p class=\"has-black-color has-text-color\" style=\"font-size:60px;line-height:1.1\"><strong>CCVCA-UAlg<\/strong><\/p>\n\n\n\n<p style=\"font-size:25px\"><strong>Center for Competence and Visualization in Advanced Computing<\/strong><\/p>\n\n\n\n<div style=\"height:43px\" aria-hidden=\"true\" class=\"wp-block-spacer\"><\/div>\n\n\n\n<div class=\"wp-block-columns alignwide is-layout-flex wp-container-core-columns-is-layout-9d6595d7 wp-block-columns-is-layout-flex\">\n<div class=\"wp-block-column is-layout-flow wp-block-column-is-layout-flow\" style=\"flex-basis:350px\">\n<figure class=\"wp-block-image alignfull size-large\"><img loading=\"lazy\" decoding=\"async\" width=\"1024\" height=\"1024\" src=\"https:\/\/rnca.fccn.pt\/wp-content\/uploads\/2022\/09\/CCVUALG3-edited-1024x1024.jpg\" alt=\"UAlg\" class=\"wp-image-4966\" srcset=\"https:\/\/rnca.fccn.pt\/wp-content\/uploads\/2022\/09\/CCVUALG3-edited-1024x1024.jpg 1024w, https:\/\/rnca.fccn.pt\/wp-content\/uploads\/2022\/09\/CCVUALG3-edited-300x300.jpg 300w, https:\/\/rnca.fccn.pt\/wp-content\/uploads\/2022\/09\/CCVUALG3-edited-150x150.jpg 150w, https:\/\/rnca.fccn.pt\/wp-content\/uploads\/2022\/09\/CCVUALG3-edited-768x768.jpg 768w, https:\/\/rnca.fccn.pt\/wp-content\/uploads\/2022\/09\/CCVUALG3-edited.jpg 1059w\" sizes=\"auto, (max-width: 1024px) 100vw, 1024px\" \/><\/figure>\n<\/div>\n\n\n\n<div class=\"wp-block-column is-layout-flow wp-block-column-is-layout-flow\">\n<p>The Advanced Computing Competence and Visualization Center of&nbsp;<a rel=\"noreferrer noopener\" href=\"https:\/\/www.ualg.pt\/\" target=\"_blank\">University of Algarve<\/a>&nbsp; (UAlg) has as its main focus the area of classical scientific visualization with equipment that guarantees a good visualization experience, both in terms of processing and image quality, in an environment integrated with the UAlg Data Center to take advantage of calculation capacity.<\/p>\n\n\n\n<p>\u201c<em>Innovation and technology discovery with processing and visualization capabilities, as well as technology transfer to the community, are the center&#039;s main contributions.<\/em>\u201d \u2013 Joel Guerreiro, Invited Assistant Professor and Director of Computer Services at UAlg.<\/p>\n<\/div>\n<\/div>\n\n\n\n<div style=\"height:61px\" aria-hidden=\"true\" class=\"wp-block-spacer\"><\/div>\n\n\n\n<p><\/p>\n<\/div><\/div>\n\n\n\n<div class=\"wp-block-columns is-layout-flex wp-container-core-columns-is-layout-9d6595d7 wp-block-columns-is-layout-flex\">\n<div class=\"wp-block-column is-layout-flow wp-block-column-is-layout-flow\">\n<h2 class=\"has-large-font-size wp-block-heading\">Main valences<\/h2>\n\n\n\n<div class=\"wp-block-group has-black-color has-text-color\"><div class=\"wp-block-group__inner-container is-layout-flow wp-block-group-is-layout-flow\">\n<p>Classical scientific viewing area<\/p>\n\n\n\n<p>GPUs for processing<\/p>\n\n\n\n<p>Virtual Reality<\/p>\n\n\n\n<p>Environment integrated with the UAlg Data Center<\/p>\n<\/div><\/div>\n<\/div>\n\n\n\n<div class=\"wp-block-column has-white-background-color has-background is-layout-flow wp-block-column-is-layout-flow\">\n<h2 class=\"has-large-font-size wp-block-heading\">Technical specifications<\/h2>\n\n\n\n<div class=\"wp-block-group\"><div class=\"wp-block-group__inner-container is-layout-flow wp-block-group-is-layout-flow\">\n<p>2x 84\u201d Ultra HD Monitor<\/p>\n\n\n\n<p>Desktop i9, 64 GB Ram, 4Tb SSD, GPU 3072C<\/p>\n\n\n\n<p>NAS with 4TB<\/p>\n\n\n\n<p>Server with GPU<\/p>\n\n\n\n<p>VR glasses with accelerometer, gyroscope and magnetometer<\/p>\n<\/div><\/div>\n<\/div>\n\n\n\n<div class=\"wp-block-column has-white-color has-vivid-cyan-blue-background-color has-text-color has-background is-layout-flow wp-block-column-is-layout-flow\">\n<h2 class=\"has-white-color has-text-color has-large-font-size wp-block-heading\">Useful information <\/h2>\n\n\n\n<p>web: <a href=\"https:\/\/www.ualg.pt\/\" data-type=\"URL\" data-id=\"https:\/\/www.ualg.pt\/\" target=\"_blank\" rel=\"noreferrer noopener\">www.ualg.pt\/<\/a><\/p>\n\n\n\n<p>tel: <a href=\"tel:+351289244450\" data-type=\"tel\" data-id=\"tel:+351289244450\">289 244 450<\/a><\/p>\n\n\n\n<p>Address: Gambelas Campus Building 1, room 1.17. 8005-139 Faro<\/p>\n\n\n\n<p>appointments: helpmail@ualg.pt<\/p>\n<\/div>\n<\/div>\n\n\n\n<div style=\"height:100px\" aria-hidden=\"true\" class=\"wp-block-spacer\"><\/div>\n\n\n\n<p> Access Policy: Request to IT Services via helpmail@ualg.pt for 2-hour time slots.<\/p>\n\n\n\n<div style=\"height:100px\" aria-hidden=\"true\" class=\"wp-block-spacer\"><\/div>\n\n\n\n<h1 class=\"wp-block-heading\"><em><img loading=\"lazy\" decoding=\"async\" width=\"450\" height=\"81\" class=\"wp-image-6385\" style=\"width: 450px;\" src=\"https:\/\/rnca.fccn.pt\/wp-content\/uploads\/2022\/12\/logos.png\" alt=\"\" srcset=\"https:\/\/rnca.fccn.pt\/wp-content\/uploads\/2022\/12\/logos.png 900w, https:\/\/rnca.fccn.pt\/wp-content\/uploads\/2022\/12\/logos-300x54.png 300w, https:\/\/rnca.fccn.pt\/wp-content\/uploads\/2022\/12\/logos-768x138.png 768w\" sizes=\"auto, (max-width: 450px) 100vw, 450px\" \/><\/em><img loading=\"lazy\" decoding=\"async\" width=\"150\" height=\"73\" class=\"wp-image-6384\" style=\"width: 150px;\" src=\"https:\/\/rnca.fccn.pt\/wp-content\/uploads\/2022\/12\/logo_compete2020.png\" alt=\"\" srcset=\"https:\/\/rnca.fccn.pt\/wp-content\/uploads\/2022\/12\/logo_compete2020.png 741w, https:\/\/rnca.fccn.pt\/wp-content\/uploads\/2022\/12\/logo_compete2020-300x147.png 300w\" sizes=\"auto, (max-width: 150px) 100vw, 150px\" \/>  <img loading=\"lazy\" decoding=\"async\" width=\"150\" height=\"91\" class=\"wp-image-6383\" style=\"width: 150px;\" src=\"https:\/\/rnca.fccn.pt\/wp-content\/uploads\/2022\/12\/logo_crescealgarve.png\" alt=\"\">       <img loading=\"lazy\" decoding=\"async\" width=\"150\" height=\"46\" class=\"wp-image-6386\" style=\"width: 150px;\" src=\"https:\/\/rnca.fccn.pt\/wp-content\/uploads\/2022\/12\/logo_rcts100.png\" alt=\"\" srcset=\"https:\/\/rnca.fccn.pt\/wp-content\/uploads\/2022\/12\/logo_rcts100.png 1200w, https:\/\/rnca.fccn.pt\/wp-content\/uploads\/2022\/12\/logo_rcts100-300x92.png 300w, https:\/\/rnca.fccn.pt\/wp-content\/uploads\/2022\/12\/logo_rcts100-1024x312.png 1024w, https:\/\/rnca.fccn.pt\/wp-content\/uploads\/2022\/12\/logo_rcts100-768x234.png 768w\" sizes=\"auto, (max-width: 150px) 100vw, 150px\" \/><\/h1>","protected":false},"excerpt":{"rendered":"<p>CCVCA-UAlg Centro de Compet\u00eancias e Visualiza\u00e7\u00e3o em Computa\u00e7\u00e3o Avan\u00e7ada O Centro de Compet\u00eancias e Visualiza\u00e7\u00e3o em Computa\u00e7\u00e3o Avan\u00e7ada da&nbsp;Universidade do Algarve&nbsp; (UAlg) tem como principal val\u00eancia a \u00e1rea de visualiza\u00e7\u00e3o &#8230;<\/p>","protected":false},"author":11,"featured_media":0,"parent":0,"menu_order":0,"comment_status":"closed","ping_status":"closed","template":"","meta":{"inline_featured_image":false,"_monsterinsights_skip_tracking":false,"_monsterinsights_sitenote_active":false,"_monsterinsights_sitenote_note":"","_monsterinsights_sitenote_category":0,"footnotes":""},"class_list":["post-4938","page","type-page","status-publish","hentry"],"_links":{"self":[{"href":"https:\/\/rnca.fccn.pt\/en\/wp-json\/wp\/v2\/pages\/4938","targetHints":{"allow":["GET"]}}],"collection":[{"href":"https:\/\/rnca.fccn.pt\/en\/wp-json\/wp\/v2\/pages"}],"about":[{"href":"https:\/\/rnca.fccn.pt\/en\/wp-json\/wp\/v2\/types\/page"}],"author":[{"embeddable":true,"href":"https:\/\/rnca.fccn.pt\/en\/wp-json\/wp\/v2\/users\/11"}],"replies":[{"embeddable":true,"href":"https:\/\/rnca.fccn.pt\/en\/wp-json\/wp\/v2\/comments?post=4938"}],"version-history":[{"count":34,"href":"https:\/\/rnca.fccn.pt\/en\/wp-json\/wp\/v2\/pages\/4938\/revisions"}],"predecessor-version":[{"id":6388,"href":"https:\/\/rnca.fccn.pt\/en\/wp-json\/wp\/v2\/pages\/4938\/revisions\/6388"}],"wp:attachment":[{"href":"https:\/\/rnca.fccn.pt\/en\/wp-json\/wp\/v2\/media?parent=4938"}],"curies":[{"name":"wp","href":"https:\/\/api.w.org\/{rel}","templated":true}]}}