{"id":5752,"date":"2022-10-25T13:18:45","date_gmt":"2022-10-25T13:18:45","guid":{"rendered":"https:\/\/rnca.fccn.pt\/?page_id=5752"},"modified":"2023-05-23T10:43:13","modified_gmt":"2023-05-23T10:43:13","slug":"cpca-info-session-registration","status":"publish","type":"page","link":"https:\/\/rnca.fccn.pt\/en\/cpca-info-session-registration\/","title":{"rendered":"CPCA Info Session registration"},"content":{"rendered":"<h2 class=\"wp-block-heading\">Register for the online information session<\/h2>\n\n\n\n<div style=\"height:33px\" aria-hidden=\"true\" class=\"wp-block-spacer\"><\/div>\n\n\n\n<h4 class=\"wp-block-heading\">These sessions are intended for users with or without experience who wish to submit A0 or A1 applications in this competition. <\/h4>\n\n\n\n<div style=\"height:57px\" aria-hidden=\"true\" class=\"wp-block-spacer\"><\/div>\n\n\n\n<hr class=\"wp-block-separator has-css-opacity\"\/>\n\n\n\n<hr class=\"wp-block-separator has-alpha-channel-opacity\"\/>\n\n\n\n<h2 class=\"wp-block-heading has-text-align-center\"><strong>Subscribe<\/strong>closed conditions<\/h2>\n\n\n\n\n\n<hr class=\"wp-block-separator has-alpha-channel-opacity\"\/>\n\n\n\n<div style=\"height:81px\" aria-hidden=\"true\" class=\"wp-block-spacer\"><\/div>\n\n\n\n<h2 class=\"wp-block-heading\">Sessions already held:<\/h2>\n\n\n\n<h4 class=\"wp-block-heading\">May 16, 2023, 11:30 AM - 12:30 PM<\/h4>\n\n\n\n<h4 class=\"wp-block-heading\">March 28, 2023, 12:00 PM - 1:00 PM<\/h4>\n\n\n\n<h4 class=\"wp-block-heading\">January 25, 2023, 11:30 AM \u2013 12:30 PM<\/h4>\n\n\n\n<h4 class=\"wp-block-heading\">November 30, 2022, 11:30 AM \u2013 1:00 PM<\/h4>\n\n\n\n<h4 class=\"wp-block-heading\">November 3, 2022, 11:30 AM \u2013 12:30 PM<\/h4>\n\n\n\n<div style=\"height:24px\" aria-hidden=\"true\" class=\"wp-block-spacer\"><\/div>\n\n\n\n<p class=\"has-text-align-center\">Thank you to the more than 200 participants in these five information sessions.<\/p>\n\n\n\n<p><\/p>","protected":false},"excerpt":{"rendered":"<p>Registo na Sess\u00e3o Informativa online Estas sess\u00f5es destinam-se a utilizadores com ou sem experi\u00eancia que pretendam submeter candidaturas A0 ou A1 neste concurso. Inscri\u00e7\u00f5es encerradas Sess\u00f5es j\u00e1 realizadas: 16 de &#8230;<\/p>","protected":false},"author":2,"featured_media":0,"parent":0,"menu_order":0,"comment_status":"closed","ping_status":"closed","template":"","meta":{"inline_featured_image":false,"_monsterinsights_skip_tracking":false,"_monsterinsights_sitenote_active":false,"_monsterinsights_sitenote_note":"","_monsterinsights_sitenote_category":0,"footnotes":""},"class_list":["post-5752","page","type-page","status-publish","hentry"],"_links":{"self":[{"href":"https:\/\/rnca.fccn.pt\/en\/wp-json\/wp\/v2\/pages\/5752","targetHints":{"allow":["GET"]}}],"collection":[{"href":"https:\/\/rnca.fccn.pt\/en\/wp-json\/wp\/v2\/pages"}],"about":[{"href":"https:\/\/rnca.fccn.pt\/en\/wp-json\/wp\/v2\/types\/page"}],"author":[{"embeddable":true,"href":"https:\/\/rnca.fccn.pt\/en\/wp-json\/wp\/v2\/users\/2"}],"replies":[{"embeddable":true,"href":"https:\/\/rnca.fccn.pt\/en\/wp-json\/wp\/v2\/comments?post=5752"}],"version-history":[{"count":46,"href":"https:\/\/rnca.fccn.pt\/en\/wp-json\/wp\/v2\/pages\/5752\/revisions"}],"predecessor-version":[{"id":7386,"href":"https:\/\/rnca.fccn.pt\/en\/wp-json\/wp\/v2\/pages\/5752\/revisions\/7386"}],"wp:attachment":[{"href":"https:\/\/rnca.fccn.pt\/en\/wp-json\/wp\/v2\/media?parent=5752"}],"curies":[{"name":"wp","href":"https:\/\/api.w.org\/{rel}","templated":true}]}}