{"id":607,"date":"2020-07-15T09:13:34","date_gmt":"2020-07-15T09:13:34","guid":{"rendered":"http:\/\/10.10.10.130:8080\/?page_id=607"},"modified":"2026-02-19T16:36:24","modified_gmt":"2026-02-19T16:36:24","slug":"software","status":"publish","type":"page","link":"https:\/\/rnca.fccn.pt\/en\/software\/","title":{"rendered":"Software"},"content":{"rendered":"<h2 class=\"wp-block-heading\"><strong><span class=\"has-inline-color has-vivid-cyan-blue-color\">Software<\/span><\/strong><\/h2>\n\n\n\n<div style=\"height:33px\" aria-hidden=\"true\" class=\"wp-block-spacer\"><\/div>\n\n\n\n<p>Operational centers have installed software to support advanced computing activities in various domains and scientific areas. <\/p>\n\n\n\n<div style=\"height:27px\" aria-hidden=\"true\" class=\"wp-block-spacer\"><\/div>\n\n\n\n<figure class=\"wp-block-gallery aligncenter has-nested-images columns-4 is-cropped wp-block-gallery-2 is-layout-flex wp-block-gallery-is-layout-flex\">\n<figure class=\"wp-block-image size-thumbnail\"><img loading=\"lazy\" decoding=\"async\" width=\"150\" height=\"150\" data-id=\"8395\" src=\"https:\/\/rnca.fccn.pt\/wp-content\/uploads\/2024\/01\/Deucalion-16-150x150.jpg\" alt=\"Deucalion\" class=\"wp-image-8395\"\/><figcaption class=\"wp-element-caption\">Deucalion<br><a href=\"https:\/\/docs.macc.fccn.pt\/software_x86\/\" target=\"_blank\" rel=\"noreferrer noopener\">Available software<\/a><\/figcaption><\/figure>\n\n\n\n<figure class=\"wp-block-image size-full\"><img loading=\"lazy\" decoding=\"async\" width=\"864\" height=\"872\" data-id=\"1229\" src=\"https:\/\/rnca.fccn.pt\/wp-content\/uploads\/2021\/01\/IMG_20190918_170406-INCD-Copy.jpg\" alt=\"Cirrus\" class=\"wp-image-1229\" srcset=\"https:\/\/rnca.fccn.pt\/wp-content\/uploads\/2021\/01\/IMG_20190918_170406-INCD-Copy.jpg 864w, https:\/\/rnca.fccn.pt\/wp-content\/uploads\/2021\/01\/IMG_20190918_170406-INCD-Copy-297x300.jpg 297w, https:\/\/rnca.fccn.pt\/wp-content\/uploads\/2021\/01\/IMG_20190918_170406-INCD-Copy-150x150.jpg 150w, https:\/\/rnca.fccn.pt\/wp-content\/uploads\/2021\/01\/IMG_20190918_170406-INCD-Copy-768x775.jpg 768w\" sizes=\"auto, (max-width: 864px) 100vw, 864px\" \/><figcaption class=\"wp-element-caption\">Cirrus<br><a rel=\"noreferrer noopener\" href=\"https:\/\/wiki.incd.pt\/books\/software\/page\/software-list\" target=\"_blank\">Available software<\/a><\/figcaption><\/figure>\n\n\n\n<figure class=\"wp-block-image size-full\"><img loading=\"lazy\" decoding=\"async\" width=\"512\" height=\"341\" data-id=\"822\" src=\"https:\/\/rnca.fccn.pt\/wp-content\/uploads\/2020\/11\/navigator5.jpg\" alt=\"Navigator\" class=\"wp-image-822\" srcset=\"https:\/\/rnca.fccn.pt\/wp-content\/uploads\/2020\/11\/navigator5.jpg 512w, https:\/\/rnca.fccn.pt\/wp-content\/uploads\/2020\/11\/navigator5-300x200.jpg 300w\" sizes=\"auto, (max-width: 512px) 100vw, 512px\" \/><figcaption class=\"wp-element-caption\">Navigator<br><a href=\"https:\/\/www.uc.pt\/lca\/computing-resources\/navigator-cluster\/#available-software\" data-type=\"URL\" data-id=\"https:\/\/www.uc.pt\/lca\/computing-resources\/navigator-cluster\/#available-software\" target=\"_blank\" rel=\"noreferrer noopener\">Available software<\/a><\/figcaption><\/figure>\n\n\n\n<figure class=\"wp-block-image size-full\"><img loading=\"lazy\" decoding=\"async\" width=\"1210\" height=\"908\" data-id=\"1228\" src=\"https:\/\/rnca.fccn.pt\/wp-content\/uploads\/2021\/01\/IMG_0393-Copy.jpg\" alt=\"Oblivion\" class=\"wp-image-1228\" srcset=\"https:\/\/rnca.fccn.pt\/wp-content\/uploads\/2021\/01\/IMG_0393-Copy.jpg 1210w, https:\/\/rnca.fccn.pt\/wp-content\/uploads\/2021\/01\/IMG_0393-Copy-300x225.jpg 300w, https:\/\/rnca.fccn.pt\/wp-content\/uploads\/2021\/01\/IMG_0393-Copy-1024x768.jpg 1024w, https:\/\/rnca.fccn.pt\/wp-content\/uploads\/2021\/01\/IMG_0393-Copy-768x576.jpg 768w\" sizes=\"auto, (max-width: 1210px) 100vw, 1210px\" \/><figcaption class=\"wp-element-caption\">Oblivion<br><a href=\"https:\/\/web.archive.org\/web\/20230402022456\/https:\/\/oblivion.hpc.uevora.pt\/software-stack\/\" type=\"URL\" id=\"https:\/\/oblivion.hpc.uevora.pt\/software-stack\/\" target=\"_blank\" rel=\"noreferrer noopener\">Available software<\/a><\/figcaption><\/figure>\n<\/figure>\n\n\n\n<div class=\"wp-block-columns is-layout-flex wp-container-core-columns-is-layout-9d6595d7 wp-block-columns-is-layout-flex\">\n<div class=\"wp-block-column is-layout-flow wp-block-column-is-layout-flow\"><\/div>\n\n\n\n<div class=\"wp-block-column is-layout-flow wp-block-column-is-layout-flow\">\n<figure class=\"wp-block-gallery aligncenter has-nested-images columns-4 is-cropped wp-block-gallery-4 is-layout-flex wp-block-gallery-is-layout-flex\">\n<figure class=\"wp-block-image size-full wp-duotone-unset-3\"><img loading=\"lazy\" decoding=\"async\" width=\"2080\" height=\"1170\" data-id=\"8999\" src=\"https:\/\/rnca.fccn.pt\/wp-content\/uploads\/2024\/05\/marenostrum5-1.webp\" alt=\"MN5\" class=\"wp-image-8999\" srcset=\"https:\/\/rnca.fccn.pt\/wp-content\/uploads\/2024\/05\/marenostrum5-1.webp 2080w, https:\/\/rnca.fccn.pt\/wp-content\/uploads\/2024\/05\/marenostrum5-1-300x169.webp 300w, https:\/\/rnca.fccn.pt\/wp-content\/uploads\/2024\/05\/marenostrum5-1-1024x576.webp 1024w, https:\/\/rnca.fccn.pt\/wp-content\/uploads\/2024\/05\/marenostrum5-1-768x432.webp 768w, https:\/\/rnca.fccn.pt\/wp-content\/uploads\/2024\/05\/marenostrum5-1-1536x864.webp 1536w, https:\/\/rnca.fccn.pt\/wp-content\/uploads\/2024\/05\/marenostrum5-1-2048x1152.webp 2048w\" sizes=\"auto, (max-width: 2080px) 100vw, 2080px\" \/><figcaption class=\"wp-element-caption\">MareNostrum 5 <br><a href=\"https:\/\/www.bsc.es\/supportkc\/docs\/MareNostrum5\/environment\" target=\"_blank\" rel=\"noreferrer noopener\">Available software<\/a><\/figcaption><\/figure>\n<\/figure>\n<\/div>\n\n\n\n<div class=\"wp-block-column is-layout-flow wp-block-column-is-layout-flow\"><\/div>\n<\/div>\n\n\n\n<div class=\"wp-block-columns is-layout-flex wp-container-core-columns-is-layout-9d6595d7 wp-block-columns-is-layout-flex\">\n<div class=\"wp-block-column is-layout-flow wp-block-column-is-layout-flow\"><\/div>\n\n\n\n<div class=\"wp-block-column is-layout-flow wp-block-column-is-layout-flow\"><\/div>\n\n\n\n<div class=\"wp-block-column is-layout-flow wp-block-column-is-layout-flow\"><\/div>\n<\/div>\n\n\n\n<p><\/p>\n\n\n\n<p><\/p>","protected":false},"excerpt":{"rendered":"<p>Software Os centros operacionais t\u00eam instalado software de suporte a atividades de computa\u00e7\u00e3o avan\u00e7ada em v\u00e1rios dom\u00ednios e \u00e1reas cient\u00edficas.<\/p>","protected":false},"author":2,"featured_media":0,"parent":0,"menu_order":0,"comment_status":"closed","ping_status":"closed","template":"","meta":{"inline_featured_image":false,"_monsterinsights_skip_tracking":false,"_monsterinsights_sitenote_active":false,"_monsterinsights_sitenote_note":"","_monsterinsights_sitenote_category":0,"footnotes":""},"class_list":["post-607","page","type-page","status-publish","hentry"],"_links":{"self":[{"href":"https:\/\/rnca.fccn.pt\/en\/wp-json\/wp\/v2\/pages\/607","targetHints":{"allow":["GET"]}}],"collection":[{"href":"https:\/\/rnca.fccn.pt\/en\/wp-json\/wp\/v2\/pages"}],"about":[{"href":"https:\/\/rnca.fccn.pt\/en\/wp-json\/wp\/v2\/types\/page"}],"author":[{"embeddable":true,"href":"https:\/\/rnca.fccn.pt\/en\/wp-json\/wp\/v2\/users\/2"}],"replies":[{"embeddable":true,"href":"https:\/\/rnca.fccn.pt\/en\/wp-json\/wp\/v2\/comments?post=607"}],"version-history":[{"count":38,"href":"https:\/\/rnca.fccn.pt\/en\/wp-json\/wp\/v2\/pages\/607\/revisions"}],"predecessor-version":[{"id":10671,"href":"https:\/\/rnca.fccn.pt\/en\/wp-json\/wp\/v2\/pages\/607\/revisions\/10671"}],"wp:attachment":[{"href":"https:\/\/rnca.fccn.pt\/en\/wp-json\/wp\/v2\/media?parent=607"}],"curies":[{"name":"wp","href":"https:\/\/api.w.org\/{rel}","templated":true}]}}