{"id":64,"date":"2020-04-28T16:50:00","date_gmt":"2020-04-28T16:50:00","guid":{"rendered":"http:\/\/10.10.10.130:8080\/?page_id=64"},"modified":"2025-09-17T10:11:56","modified_gmt":"2025-09-17T10:11:56","slug":"utilizacao","status":"publish","type":"page","link":"https:\/\/rnca.fccn.pt\/en\/utilizacao\/","title":{"rendered":"Usage"},"content":{"rendered":"<h2 class=\"wp-block-heading\">Usage<\/h2>\n\n\n\n<div style=\"height:51px\" aria-hidden=\"true\" class=\"wp-block-spacer\"><\/div>\n\n\n\n<div class=\"wp-block-columns is-layout-flex wp-container-core-columns-is-layout-9d6595d7 wp-block-columns-is-layout-flex\">\n<div class=\"wp-block-column is-layout-flow wp-block-column-is-layout-flow\" style=\"flex-basis:100%\">\n<div class=\"wp-block-group alignwide has-background-color has-white-color has-black-background-color has-text-color has-background has-link-color wp-elements-690b15642ba8c35062f1df1708bbd310 is-vertical is-content-justification-stretch is-layout-flex wp-container-core-group-is-layout-47eb2bc5 wp-block-group-is-layout-flex\" style=\"min-height:40vh;margin-top:0;margin-bottom:0;padding-top:var(--wp--preset--spacing--60);padding-right:var(--wp--preset--spacing--40);padding-bottom:var(--wp--preset--spacing--60);padding-left:var(--wp--preset--spacing--40)\">\n<div class=\"wp-block-columns alignwide has-small-font-size is-layout-flex wp-container-core-columns-is-layout-9d6595d7 wp-block-columns-is-layout-flex\">\n<div class=\"wp-block-column is-layout-flow wp-block-column-is-layout-flow\">\n<h1 class=\"wp-block-heading has-text-align-center\"><mark style=\"background-color:rgba(0, 0, 0, 0)\" class=\"has-inline-color has-white-color\">10<\/mark><\/h1>\n\n\n\n<p class=\"has-text-align-center\"><mark style=\"background-color:rgba(0, 0, 0, 0)\" class=\"has-inline-color has-cyan-bluish-gray-color\">Calls<\/mark><\/p>\n<\/div>\n\n\n\n<div class=\"wp-block-column is-layout-flow wp-block-column-is-layout-flow\">\n<h1 class=\"wp-block-heading has-text-align-center\"><mark style=\"background-color:rgba(0, 0, 0, 0)\" class=\"has-inline-color has-white-color\">901<\/mark><\/h1>\n\n\n\n<p class=\"has-text-align-center\"><mark style=\"background-color:rgba(0, 0, 0, 0)\" class=\"has-inline-color has-cyan-bluish-gray-color\">Approved Projects<\/mark><\/p>\n<\/div>\n\n\n\n<div class=\"wp-block-column is-layout-flow wp-block-column-is-layout-flow\">\n<h1 class=\"wp-block-heading has-text-align-center\"><mark style=\"background-color:rgba(0, 0, 0, 0)\" class=\"has-inline-color has-white-color\">851.000.000<\/mark><\/h1>\n\n\n\n<p class=\"has-text-align-center\"><mark style=\"background-color:rgba(0, 0, 0, 0)\" class=\"has-inline-color has-cyan-bluish-gray-color\">CPU core.hours<\/mark><\/p>\n<\/div>\n<\/div>\n<\/div>\n<\/div>\n<\/div>\n\n\n\n<div style=\"height:21px\" aria-hidden=\"true\" class=\"wp-block-spacer\"><\/div>\n\n\n\n<h3 class=\"wp-block-heading\"><strong>List of Advanced Computing Projects in Portugal<\/strong><\/h3>\n\n\n\n<p>Listing in the PROJECTS menu, sub-menu <a href=\"https:\/\/rnca.fccn.pt\/en\/projetos\/\">Advanced Computing Projects<\/a><\/p>\n\n\n\n<div style=\"height:34px\" aria-hidden=\"true\" class=\"wp-block-spacer\"><\/div>\n\n\n\n<h3 class=\"wp-block-heading\"><strong>List of Publications associated with Projects<\/strong><\/h3>\n\n\n\n<p>Listing in the PROJECTS menu, sub-menu <a href=\"https:\/\/rnca.fccn.pt\/en\/publicacoes\/\">Publications<\/a><\/p>\n\n\n\n<div style=\"height:28px\" aria-hidden=\"true\" class=\"wp-block-spacer\"><\/div>\n\n\n\n<h3 class=\"wp-block-heading\"><strong><span style=\"background-color:rgba(0, 0, 0, 0)\" class=\"has-inline-color has-black-color\">Use of RNCA platforms<\/span><\/strong><\/h3>\n\n\n\n<p>The following graphs show the statistics of computing resource usage in the operational centers for the first editions of the <a href=\"https:\/\/rnca.fccn.pt\/en\/concursos-id\/\" data-type=\"URL\" data-id=\"https:\/\/rnca.fccn.pt\/concursos-id\/\" target=\"_blank\" rel=\"noreferrer noopener\">Advanced Computing Project Calls (2020, 2021, 2022, 2023)<\/a>.<\/p>\n\n\n\n<div style=\"height:36px\" aria-hidden=\"true\" class=\"wp-block-spacer\"><\/div>\n\n\n\n<div class=\"wp-block-columns is-layout-flex wp-container-core-columns-is-layout-9d6595d7 wp-block-columns-is-layout-flex\">\n<div class=\"wp-block-column is-layout-flow wp-block-column-is-layout-flow\" style=\"flex-basis:100%\"><div class=\"wp-block-image\">\n<figure class=\"aligncenter size-full is-resized\"><img loading=\"lazy\" decoding=\"async\" width=\"647\" height=\"486\" src=\"https:\/\/rnca.fccn.pt\/wp-content\/uploads\/2024\/09\/areas.jpg\" alt=\"\" class=\"wp-image-9342\" style=\"width:907px\" srcset=\"https:\/\/rnca.fccn.pt\/wp-content\/uploads\/2024\/09\/areas.jpg 647w, https:\/\/rnca.fccn.pt\/wp-content\/uploads\/2024\/09\/areas-300x225.jpg 300w\" sizes=\"auto, (max-width: 647px) 100vw, 647px\" \/><figcaption class=\"wp-element-caption\">Projects approved by scientific domain between 2020 and 2024<\/figcaption><\/figure>\n<\/div><\/div>\n<\/div>\n\n\n\n<div style=\"height:69px\" aria-hidden=\"true\" class=\"wp-block-spacer\"><\/div>\n\n\n<div class=\"wp-block-image\">\n<figure class=\"aligncenter size-full is-resized\"><img loading=\"lazy\" decoding=\"async\" width=\"691\" height=\"546\" src=\"https:\/\/rnca.fccn.pt\/wp-content\/uploads\/2024\/09\/plat.jpg\" alt=\"\" class=\"wp-image-9343\" style=\"aspect-ratio:1.4377952755905512;object-fit:contain;width:900px\" srcset=\"https:\/\/rnca.fccn.pt\/wp-content\/uploads\/2024\/09\/plat.jpg 691w, https:\/\/rnca.fccn.pt\/wp-content\/uploads\/2024\/09\/plat-300x237.jpg 300w\" sizes=\"auto, (max-width: 691px) 100vw, 691px\" \/><figcaption class=\"wp-element-caption\">Resources approved by platform between 2020 and 2024<\/figcaption><\/figure>\n<\/div>\n\n\n<hr class=\"wp-block-separator has-css-opacity\"\/>\n\n\n\n<div style=\"height:58px\" aria-hidden=\"true\" class=\"wp-block-spacer\"><\/div>\n\n\n\n<div class=\"wp-block-columns is-layout-flex wp-container-core-columns-is-layout-9d6595d7 wp-block-columns-is-layout-flex\">\n<div class=\"wp-block-column is-layout-flow wp-block-column-is-layout-flow\" style=\"flex-basis:100%\">\n<figure class=\"wp-block-image alignwide size-full is-style-default\"><img loading=\"lazy\" decoding=\"async\" width=\"947\" height=\"508\" src=\"https:\/\/rnca.fccn.pt\/wp-content\/uploads\/2024\/09\/origem.jpg\" alt=\"\" class=\"wp-image-9344\" srcset=\"https:\/\/rnca.fccn.pt\/wp-content\/uploads\/2024\/09\/origem.jpg 947w, https:\/\/rnca.fccn.pt\/wp-content\/uploads\/2024\/09\/origem-300x161.jpg 300w, https:\/\/rnca.fccn.pt\/wp-content\/uploads\/2024\/09\/origem-768x412.jpg 768w\" sizes=\"auto, (max-width: 947px) 100vw, 947px\" \/><figcaption class=\"wp-element-caption\">Distribution of applications by district (IR Institution) between 2020 and 2024<\/figcaption><\/figure>\n<\/div>\n<\/div>\n\n\n\n<p class=\"has-text-align-right\"><\/p>\n\n\n\n<p><\/p>","protected":false},"excerpt":{"rendered":"<p>Utiliza\u00e7\u00e3o 10 Concursos 901 Projetos Aprovados 851.000.000 CPU core.horas Lista de Projetos de Computa\u00e7\u00e3o Avan\u00e7ada em Portugal Listagem no menu PROJETOS, sub-menu Projetos de Computa\u00e7\u00e3o Avan\u00e7ada Lista de Publica\u00e7\u00f5es associadas &#8230;<\/p>","protected":false},"author":2,"featured_media":0,"parent":0,"menu_order":0,"comment_status":"closed","ping_status":"closed","template":"","meta":{"inline_featured_image":false,"_monsterinsights_skip_tracking":false,"_monsterinsights_sitenote_active":false,"_monsterinsights_sitenote_note":"","_monsterinsights_sitenote_category":0,"footnotes":""},"class_list":["post-64","page","type-page","status-publish","hentry"],"_links":{"self":[{"href":"https:\/\/rnca.fccn.pt\/en\/wp-json\/wp\/v2\/pages\/64","targetHints":{"allow":["GET"]}}],"collection":[{"href":"https:\/\/rnca.fccn.pt\/en\/wp-json\/wp\/v2\/pages"}],"about":[{"href":"https:\/\/rnca.fccn.pt\/en\/wp-json\/wp\/v2\/types\/page"}],"author":[{"embeddable":true,"href":"https:\/\/rnca.fccn.pt\/en\/wp-json\/wp\/v2\/users\/2"}],"replies":[{"embeddable":true,"href":"https:\/\/rnca.fccn.pt\/en\/wp-json\/wp\/v2\/comments?post=64"}],"version-history":[{"count":101,"href":"https:\/\/rnca.fccn.pt\/en\/wp-json\/wp\/v2\/pages\/64\/revisions"}],"predecessor-version":[{"id":10495,"href":"https:\/\/rnca.fccn.pt\/en\/wp-json\/wp\/v2\/pages\/64\/revisions\/10495"}],"wp:attachment":[{"href":"https:\/\/rnca.fccn.pt\/en\/wp-json\/wp\/v2\/media?parent=64"}],"curies":[{"name":"wp","href":"https:\/\/api.w.org\/{rel}","templated":true}]}}