{"id":6818,"date":"2023-02-12T16:31:55","date_gmt":"2023-02-12T16:31:55","guid":{"rendered":"https:\/\/rnca.fccn.pt\/?page_id=6818"},"modified":"2024-11-14T10:00:02","modified_gmt":"2024-11-14T10:00:02","slug":"inca23","status":"publish","type":"page","link":"https:\/\/rnca.fccn.pt\/en\/inca23\/","title":{"rendered":"Inqu\u00e9rito"},"content":{"rendered":"\n<h2 class=\"wp-block-heading has-text-align-center\">Inqu\u00e9rito Nacional de Computa\u00e7\u00e3o Avan\u00e7ada<\/h2>\n\n\n\n<div style=\"height:25px\" aria-hidden=\"true\" class=\"wp-block-spacer\"><\/div>\n\n\n<div class=\"wp-block-image\">\n<figure class=\"aligncenter size-large is-resized\"><img loading=\"lazy\" decoding=\"async\" width=\"1024\" height=\"204\" src=\"https:\/\/rnca.fccn.pt\/wp-content\/uploads\/2023\/06\/MicrosoftTeams-image-12-1024x204.jpg\" alt=\"\" class=\"wp-image-7537\" style=\"width:856px;height:170px\" srcset=\"https:\/\/rnca.fccn.pt\/wp-content\/uploads\/2023\/06\/MicrosoftTeams-image-12-1024x204.jpg 1024w, https:\/\/rnca.fccn.pt\/wp-content\/uploads\/2023\/06\/MicrosoftTeams-image-12-300x60.jpg 300w, https:\/\/rnca.fccn.pt\/wp-content\/uploads\/2023\/06\/MicrosoftTeams-image-12-768x153.jpg 768w, https:\/\/rnca.fccn.pt\/wp-content\/uploads\/2023\/06\/MicrosoftTeams-image-12-1536x306.jpg 1536w, https:\/\/rnca.fccn.pt\/wp-content\/uploads\/2023\/06\/MicrosoftTeams-image-12.jpg 1920w\" sizes=\"auto, (max-width: 1024px) 100vw, 1024px\" \/><\/figure>\n<\/div>\n\n\n<div style=\"height:39px\" aria-hidden=\"true\" class=\"wp-block-spacer\"><\/div>\n\n\n\n<h3 class=\"wp-block-heading has-text-align-left\">Link para acesso: <a rel=\"noreferrer noopener\" href=\"https:\/\/ec.europa.eu\/eusurvey\/runner\/INCA-2023\" data-type=\"URL\" data-id=\"https:\/\/ec.europa.eu\/eusurvey\/runner\/INCA-2023\" target=\"_blank\"><mark style=\"background-color:rgba(0, 0, 0, 0);color:#0ca7ec\" class=\"has-inline-color\">EUSurvey &#8211; Survey (europa.eu) <\/mark><\/a><\/h3>\n\n\n\n<h3 class=\"wp-block-heading has-text-align-left\">Informa\u00e7\u00f5es adicionais <\/h3>\n\n\n\n<p>A <a rel=\"noreferrer noopener\" href=\"http:\/\/rnca.fccn.pt\/\" target=\"_blank\">RNCA \u2013 Rede Nacional de Computa\u00e7\u00e3o Avan\u00e7ada <\/a>\u2013 \u00e9 gerida pela <a rel=\"noreferrer noopener\" href=\"https:\/\/www.fct.pt\/financiamento\/programas-de-financiamento\/computacao\/\" target=\"_blank\">Funda\u00e7\u00e3o para a Ci\u00eancia e a Tecnologia, I.P. (FCT)<\/a>, destinando-se a disponibilizar servi\u00e7os de computa\u00e7\u00e3o avan\u00e7ada \u00e0s comunidades de investiga\u00e7\u00e3o, tecnologia e inova\u00e7\u00e3o. Foi criada pela iniciativa de compet\u00eancias digitais <a rel=\"noreferrer noopener\" href=\"https:\/\/www.incode2030.gov.pt\/\" target=\"_blank\">Portugal INCoDe.2030<\/a>, atrav\u00e9s da resolu\u00e7\u00e3o de Conselho de Ministros 26\/2018. Foi integrada no Roteiro Nacional das Infraestruturas de Investiga\u00e7\u00e3o de Interesse Estrat\u00e9gico (RNIE) em Abril de 2019 atrav\u00e9s do Despacho n.\u00ba 4157\/2019 do Gabinete do Ministro da Ci\u00eancia, Tecnologia e Ensino Superior.<\/p>\n\n\n\n<p>S\u00e3o componentes essenciais da RNCA:<\/p>\n\n\n\n<ul class=\"wp-block-list\">\n<li><a href=\"https:\/\/rnca.fccn.pt\/?page_id=34\" target=\"_blank\" rel=\"noreferrer noopener\"><strong>Centros Operacionais<\/strong> <\/a>(CO)<\/li>\n<\/ul>\n\n\n\n<p>Os CO disponibilizam \u00e0 comunidade de utilizadores servi\u00e7os computacionais avan\u00e7ados bem como os respetivos servi\u00e7os de suporte t\u00e9cnico, havendo um conjunto de requisitos m\u00ednimos que devem cumprir, designadamente em termos de capacidade t\u00e9cnol\u00f3gica.<\/p>\n\n\n\n<ul class=\"wp-block-list\">\n<li><strong><a href=\"https:\/\/rnca.fccn.pt\/centros-de-competencias\/\">Centros de Compet\u00eancia<\/a><\/strong> (CC)<\/li>\n<\/ul>\n\n\n\n<p class=\"has-text-align-left\">Os CC garantem \u00e0 comunidade de utilizadores, numa l\u00f3gica de proximidade, fun\u00e7\u00f5es de suporte \u00e0 aplica\u00e7\u00e3o eficaz e eficiente de recursos de computa\u00e7\u00e3o avan\u00e7ada, nomeadamente servi\u00e7os de suporte t\u00e9cnico, visualiza\u00e7\u00e3o de informa\u00e7\u00e3o, forma\u00e7\u00e3o, aconselhamento e apoio ao desenvolvimento de programas.<\/p>\n\n\n\n<p>O INCA pretende fazer o levantamento das necessidades nacionais em meios de computa\u00e7\u00e3o cient\u00edfica e das solu\u00e7\u00f5es a adotar para a satisfa\u00e7\u00e3o dessas necessidades.<\/p>\n\n\n\n<p>A informa\u00e7\u00e3o recolhida pelo INCA ser\u00e1 utilizada para informar sobre os desenvolvimentos da Rede Nacional de Computa\u00e7\u00e3o Avan\u00e7ada, que agrega um conjunto de recursos computacionais importantes de \u00e2mbito nacional, bem como para a revis\u00e3o da <a href=\"https:\/\/www.incode2030.gov.pt\/acp-2030\/\">Estrat\u00e9gia Nacional de Computa\u00e7\u00e3o Avan\u00e7ada.2023<\/a>. a realizar em 2023.<\/p>\n\n\n\n<p>No contexto deste inqu\u00e9rito o termo \u201cComputa\u00e7\u00e3o Avan\u00e7ada\u201d refere-se aos v\u00e1rios modelos computacionais de alto desempenho, usados para resolver problemas de elevada complexidade e custo.<\/p>\n\n\n\n<p>A realiza\u00e7\u00e3o do Inqu\u00e9rito \u00e9 da responsabilidade da FCT, no \u00e2mbito da Al\u00ednea (t) do Decreto de Lei 55\/2013 <strong><a href=\"https:\/\/rnca.fccn.pt\/wp-admin\/post.php?post=6818&amp;action=edit#_ftn1\">[1]<\/a><\/strong>, sendo a sua operacionaliza\u00e7\u00e3o feita em parceria com a Dire\u00e7\u00e3o-Geral de Estat\u00edsticas da Educa\u00e7\u00e3o e Ci\u00eancia (DGEEC) e da Ag\u00eancia Nacional de Inova\u00e7\u00e3o (ANI). <\/p>\n\n\n\n<p>Este inqu\u00e9rito \u00e9 digirido ao Sistema Nacional de Ci\u00eancia e Tecnologia, avaliado e financiado pela FCT, que se apresenta como um pilar fundamental na consolida\u00e7\u00e3o do sistema cient\u00edfico moderno e competitivo &#8211; pois engloba todos os dom\u00ednios cient\u00edficos integrados pelas entidades, estruturas e redes dedicadas \u00e0 produ\u00e7\u00e3o, difus\u00e3o e transmiss\u00e3o do conhecimento.<\/p>\n\n\n\n<p>O prazo de preenchimento para este inqu\u00e9rito \u00e9 at\u00e9 11 de agosto de 2023.<\/p>\n\n\n\n<p>Todos os dados coletados estar\u00e3o sobre responsabilidade da Rede Nacional de Computa\u00e7\u00e3o Avan\u00e7ada.<\/p>\n\n\n\n<p>Estima-se que o preenchimento deste inqu\u00e9rito demande entre 10 a 15 minutos.<\/p>\n\n\n\n<p>Quaisquer quest\u00f5es ou pedidos esclarecimentos poder\u00e3o ser direcionados para rnca-inca2023@fccn.pt <\/p>\n\n\n\n<h3 class=\"wp-block-heading has-text-align-left\"><a rel=\"noreferrer noopener\" href=\"https:\/\/rnca.fccn.pt\/wp-content\/uploads\/2023\/07\/FAQs.pdf\" data-type=\"URL\" data-id=\"https:\/\/rnca.fccn.pt\/wp-content\/uploads\/2023\/07\/FAQs.pdf\" target=\"_blank\"><mark style=\"background-color:rgba(0, 0, 0, 0)\" class=\"has-inline-color has-vivid-cyan-blue-color\">FAQs<\/mark><\/a><\/h3>\n\n\n\n<hr class=\"wp-block-separator has-alpha-channel-opacity\"\/>\n\n\n\n<p><a href=\"#_ftnref1\" id=\"_ftn1\">[1]<\/a> Al\u00ednea (t) do <a href=\"https:\/\/dre.pt\/dre\/detalhe\/decreto-lei\/55-2013-260419\" data-type=\"URL\" data-id=\"https:\/\/dre.pt\/dre\/detalhe\/decreto-lei\/55-2013-260419\">Decreto de Lei 55\/2013<\/a><\/p>\n\n\n\n<div class=\"wp-block-media-text is-stacked-on-mobile\" style=\"grid-template-columns:15% auto\"><figure class=\"wp-block-media-text__media\"><img loading=\"lazy\" decoding=\"async\" width=\"493\" height=\"700\" src=\"https:\/\/rnca.fccn.pt\/wp-content\/uploads\/2024\/11\/InCA.png\" alt=\"InCA\" class=\"wp-image-9433 size-full\" srcset=\"https:\/\/rnca.fccn.pt\/wp-content\/uploads\/2024\/11\/InCA.png 493w, https:\/\/rnca.fccn.pt\/wp-content\/uploads\/2024\/11\/InCA-211x300.png 211w\" sizes=\"auto, (max-width: 493px) 100vw, 493px\" \/><\/figure><div class=\"wp-block-media-text__content\">\n<p><a href=\"https:\/\/rnca.fccn.pt\/wp-content\/uploads\/2024\/11\/RelatorioINCA.pdf\" target=\"_blank\" rel=\"noreferrer noopener\">Relat\u00f3rio do Inqu\u00e9rito Nacional de Computa\u00e7\u00e3o Avan\u00e7ada 2023 (INCA): Publica\u00e7\u00e3o e an\u00e1lise dos resultados<\/a><\/p>\n<\/div><\/div>\n","protected":false},"excerpt":{"rendered":"<p>Inqu\u00e9rito Nacional de Computa\u00e7\u00e3o Avan\u00e7ada Link para acesso: EUSurvey &#8211; Survey (europa.eu) Informa\u00e7\u00f5es adicionais A RNCA \u2013 Rede Nacional de Computa\u00e7\u00e3o Avan\u00e7ada \u2013 \u00e9 gerida pela Funda\u00e7\u00e3o para a Ci\u00eancia &#8230;<\/p>","protected":false},"author":3,"featured_media":0,"parent":0,"menu_order":0,"comment_status":"closed","ping_status":"closed","template":"","meta":{"inline_featured_image":false,"_monsterinsights_skip_tracking":false,"_monsterinsights_sitenote_active":false,"_monsterinsights_sitenote_note":"","_monsterinsights_sitenote_category":0,"footnotes":""},"class_list":["post-6818","page","type-page","status-publish","hentry"],"_links":{"self":[{"href":"https:\/\/rnca.fccn.pt\/en\/wp-json\/wp\/v2\/pages\/6818","targetHints":{"allow":["GET"]}}],"collection":[{"href":"https:\/\/rnca.fccn.pt\/en\/wp-json\/wp\/v2\/pages"}],"about":[{"href":"https:\/\/rnca.fccn.pt\/en\/wp-json\/wp\/v2\/types\/page"}],"author":[{"embeddable":true,"href":"https:\/\/rnca.fccn.pt\/en\/wp-json\/wp\/v2\/users\/3"}],"replies":[{"embeddable":true,"href":"https:\/\/rnca.fccn.pt\/en\/wp-json\/wp\/v2\/comments?post=6818"}],"version-history":[{"count":36,"href":"https:\/\/rnca.fccn.pt\/en\/wp-json\/wp\/v2\/pages\/6818\/revisions"}],"predecessor-version":[{"id":9435,"href":"https:\/\/rnca.fccn.pt\/en\/wp-json\/wp\/v2\/pages\/6818\/revisions\/9435"}],"wp:attachment":[{"href":"https:\/\/rnca.fccn.pt\/en\/wp-json\/wp\/v2\/media?parent=6818"}],"curies":[{"name":"wp","href":"https:\/\/api.w.org\/{rel}","templated":true}]}}