{"id":7382,"date":"2023-05-23T10:41:32","date_gmt":"2023-05-23T10:41:32","guid":{"rendered":"https:\/\/rnca.fccn.pt\/?page_id=7382"},"modified":"2023-07-04T12:13:09","modified_gmt":"2023-07-04T12:13:09","slug":"cpca-iac-info-session-registration","status":"publish","type":"page","link":"https:\/\/rnca.fccn.pt\/en\/cpca-iac-info-session-registration\/","title":{"rendered":"CPCA-IAC Info Session registration"},"content":{"rendered":"<h2 class=\"wp-block-heading\">Registration for the 2nd Online Information Session<\/h2>\n\n\n\n<h2 class=\"wp-block-heading\"><mark style=\"background-color:#9666c4\" class=\"has-inline-color\">July 4th from 12:00 pm to 1:00 pm<\/mark><\/h2>\n\n\n\n<div style=\"height:57px\" aria-hidden=\"true\" class=\"wp-block-spacer\"><\/div>\n\n\n\n<p class=\"has-medium-font-size\">Location: Zoom<\/p>\n\n\n\n<p class=\"has-medium-font-size\">Target audience: Interested individuals, with or without experience, who wish to submit an application to the Advanced Computing Project Competition: Artificial Intelligence in the Cloud (2nd edition). National researchers, students from higher education institutions, CoLabs, and companies interested in advanced computing and Industry 4.0.<\/p>\n\n\n\n<p><\/p>\n\n\n\n<div style=\"height:57px\" aria-hidden=\"true\" class=\"wp-block-spacer\"><\/div>\n\n\n\n<h2 class=\"wp-block-heading has-text-align-center\">Information Session Registration \u2013 Closed<\/h2>\n\n\n\n<p><\/p>","protected":false},"excerpt":{"rendered":"<p>Registo na 2\u00ba Sess\u00e3o Informativa online 4 de julho das 12h00 \u00e0s 13h00 Local: Zoom P\u00fablico-alvo: Interessados com ou sem experi\u00eancia que pretendam submeter candidatura no Concurso de Projetos de &#8230;<\/p>","protected":false},"author":11,"featured_media":0,"parent":0,"menu_order":0,"comment_status":"closed","ping_status":"closed","template":"","meta":{"inline_featured_image":false,"_monsterinsights_skip_tracking":false,"_monsterinsights_sitenote_active":false,"_monsterinsights_sitenote_note":"","_monsterinsights_sitenote_category":0,"footnotes":""},"class_list":["post-7382","page","type-page","status-publish","hentry"],"_links":{"self":[{"href":"https:\/\/rnca.fccn.pt\/en\/wp-json\/wp\/v2\/pages\/7382","targetHints":{"allow":["GET"]}}],"collection":[{"href":"https:\/\/rnca.fccn.pt\/en\/wp-json\/wp\/v2\/pages"}],"about":[{"href":"https:\/\/rnca.fccn.pt\/en\/wp-json\/wp\/v2\/types\/page"}],"author":[{"embeddable":true,"href":"https:\/\/rnca.fccn.pt\/en\/wp-json\/wp\/v2\/users\/11"}],"replies":[{"embeddable":true,"href":"https:\/\/rnca.fccn.pt\/en\/wp-json\/wp\/v2\/comments?post=7382"}],"version-history":[{"count":27,"href":"https:\/\/rnca.fccn.pt\/en\/wp-json\/wp\/v2\/pages\/7382\/revisions"}],"predecessor-version":[{"id":7607,"href":"https:\/\/rnca.fccn.pt\/en\/wp-json\/wp\/v2\/pages\/7382\/revisions\/7607"}],"wp:attachment":[{"href":"https:\/\/rnca.fccn.pt\/en\/wp-json\/wp\/v2\/media?parent=7382"}],"curies":[{"name":"wp","href":"https:\/\/api.w.org\/{rel}","templated":true}]}}