{"id":754,"date":"2020-11-26T09:43:09","date_gmt":"2020-11-26T09:43:09","guid":{"rendered":"http:\/\/10.10.10.130:8080\/?page_id=754"},"modified":"2025-02-13T15:12:02","modified_gmt":"2025-02-13T15:12:02","slug":"incd","status":"publish","type":"page","link":"https:\/\/rnca.fccn.pt\/en\/incd\/","title":{"rendered":"INCD \/ CNCA"},"content":{"rendered":"<p><\/p>\n\n\n\n<div class=\"wp-block-columns alignwide is-layout-flex wp-container-core-columns-is-layout-9d6595d7 wp-block-columns-is-layout-flex\">\n<div class=\"wp-block-column is-layout-flow wp-block-column-is-layout-flow\">\n<div style=\"height:100px\" aria-hidden=\"true\" class=\"wp-block-spacer\"><\/div>\n\n\n\n<p class=\"has-text-color\" style=\"color:#000000;font-size:60px;line-height:1.1\"><strong><strong>INCD<\/strong><\/strong> <strong>\/ CNCA<\/strong><\/p>\n\n\n\n<p class=\"has-text-color\" style=\"color:#000000;font-size:25px;line-height:1.1\"><strong><span class=\"has-inline-color has-black-color\">National Distributed Computing Infrastructure<\/span><\/strong> <strong>\/ <\/strong><\/p>\n\n\n\n<p class=\"has-text-color\" style=\"color:#000000;font-size:25px;line-height:1.1\"><strong>National Center for Advanced Computing<\/strong><\/p>\n<\/div>\n<\/div>\n\n\n\n<div class=\"wp-block-columns are-vertically-aligned-top is-layout-flex wp-container-core-columns-is-layout-9d6595d7 wp-block-columns-is-layout-flex\">\n<div class=\"wp-block-column is-vertically-aligned-top is-layout-flow wp-block-column-is-layout-flow\" style=\"flex-basis:66.66%\">\n<p>THE&nbsp;<a href=\"https:\/\/www.incd.pt\/\" target=\"_blank\" rel=\"noreferrer noopener\">INCD \u2013 National Distributed Computing Infrastructure<\/a>&nbsp;is a digital infrastructure to support research, approved within the scope of the strategic research infrastructure roadmap of&nbsp;<a rel=\"noreferrer noopener\" href=\"http:\/\/www.fct.pt\/\" target=\"_blank\">Science and Technology Foundation<\/a>&nbsp;(FCT). <\/p>\n\n\n\n<p>It provides computing and storage services to the national scientific and academic community, across all fields of knowledge. The infrastructure is specifically designed to provide scientific computing services, supporting researchers and their participation in national and international projects.<\/p>\n\n\n\n<p>INCD&#039;s technical team closely monitors users, offering solutions tailored to the needs and specificities of each project.<\/p>\n\n\n\n<p>INCD participates in the&nbsp;<a rel=\"noreferrer noopener\" href=\"https:\/\/www.egi.eu\/\" target=\"_blank\">European Grid Infrastructure<\/a>&nbsp;(EGI), in&nbsp;<a rel=\"noreferrer noopener\" href=\"https:\/\/www.ibergrid.eu\/\" target=\"_blank\">Iberian Computing Infrastructure<\/a>&nbsp;(IBERGRID), in the&nbsp;<a rel=\"noreferrer noopener\" href=\"http:\/\/wlcg.web.cern.ch\/\" target=\"_blank\">Worldwide LHC Computing Grid<\/a>&nbsp;(WLCG), in the&nbsp;<a rel=\"noreferrer noopener\" href=\"https:\/\/www.eosc-hub.eu\/\" target=\"_blank\">European Open Science Cloud<\/a>&nbsp;through the project&nbsp;<a rel=\"noreferrer noopener\" href=\"https:\/\/www.eosc-hub.eu\/\" target=\"_blank\">EOSC-hub<\/a>&nbsp;and in the&nbsp;<a rel=\"noreferrer noopener\" href=\"https:\/\/www.eosc-synergy.eu\/\" target=\"_blank\">EOSC-synergy<\/a>.<\/p>\n\n\n\n<p>Since December 2024, INCD has become the new National Center for Advanced Computing (CNCA)<\/p>\n<\/div>\n\n\n\n<div class=\"wp-block-column is-vertically-aligned-top is-layout-flow wp-block-column-is-layout-flow\" style=\"flex-basis:65%\">\n<figure class=\"wp-block-image alignwide size-large\"><img loading=\"lazy\" decoding=\"async\" width=\"1024\" height=\"683\" src=\"https:\/\/rnca.fccn.pt\/wp-content\/uploads\/2022\/04\/DSC_0210-min-1024x683.jpeg\" alt=\"\" class=\"wp-image-4312\" srcset=\"https:\/\/rnca.fccn.pt\/wp-content\/uploads\/2022\/04\/DSC_0210-min-1024x683.jpeg 1024w, https:\/\/rnca.fccn.pt\/wp-content\/uploads\/2022\/04\/DSC_0210-min-300x200.jpeg 300w, https:\/\/rnca.fccn.pt\/wp-content\/uploads\/2022\/04\/DSC_0210-min-768x512.jpeg 768w, https:\/\/rnca.fccn.pt\/wp-content\/uploads\/2022\/04\/DSC_0210-min-1536x1024.jpeg 1536w, https:\/\/rnca.fccn.pt\/wp-content\/uploads\/2022\/04\/DSC_0210-min-2048x1365.jpeg 2048w\" sizes=\"auto, (max-width: 1024px) 100vw, 1024px\" \/><\/figure>\n\n\n\n<figure class=\"wp-block-image alignwide size-large is-style-default\"><img loading=\"lazy\" decoding=\"async\" width=\"1024\" height=\"683\" src=\"https:\/\/rnca.fccn.pt\/wp-content\/uploads\/2022\/04\/DSC_0227-min-1024x683.jpeg\" alt=\"\" class=\"wp-image-4314\" srcset=\"https:\/\/rnca.fccn.pt\/wp-content\/uploads\/2022\/04\/DSC_0227-min-1024x683.jpeg 1024w, https:\/\/rnca.fccn.pt\/wp-content\/uploads\/2022\/04\/DSC_0227-min-300x200.jpeg 300w, https:\/\/rnca.fccn.pt\/wp-content\/uploads\/2022\/04\/DSC_0227-min-768x512.jpeg 768w, https:\/\/rnca.fccn.pt\/wp-content\/uploads\/2022\/04\/DSC_0227-min-1536x1024.jpeg 1536w, https:\/\/rnca.fccn.pt\/wp-content\/uploads\/2022\/04\/DSC_0227-min-2048x1365.jpeg 2048w\" sizes=\"auto, (max-width: 1024px) 100vw, 1024px\" \/><\/figure>\n<\/div>\n<\/div>\n\n\n\n<p><\/p>\n\n\n\n<div style=\"height:69px\" aria-hidden=\"true\" class=\"wp-block-spacer\"><\/div>\n\n\n\n<h2 class=\"wp-block-heading has-text-align-center\" style=\"font-size:45px\">Available Resources<\/h2>\n\n\n\n<div style=\"height:100px\" aria-hidden=\"true\" class=\"wp-block-spacer\"><\/div>\n\n\n\n<div class=\"wp-block-cover alignwide is-light has-parallax\"><span aria-hidden=\"true\" class=\"wp-block-cover__background has-black-background-color has-background-dim-60 has-background-dim\"><\/span><div class=\"wp-block-cover__image-background wp-image-3816 has-parallax\" style=\"background-position:50% 50%;background-image:url(https:\/\/rnca.fccn.pt\/wp-content\/uploads\/2022\/04\/IMG_20190918_170406-INCD_3-scaled.jpg)\"><\/div><div class=\"wp-block-cover__inner-container is-layout-flow wp-block-cover-is-layout-flow\">\n<h2 class=\"wp-block-heading has-text-align-center\" style=\"font-size:48px\">Cirrus<\/h2>\n\n\n\n<div style=\"height:44px\" aria-hidden=\"true\" class=\"wp-block-spacer\"><\/div>\n\n\n\n<p style=\"text-align: center; padding: 0;\">\nEach node with 2x AMD EPYC 7643 2.3GHz (48-core) @2.3GHz<br>\nInfiniband FDR and HDR<br>\n8 Nvidia Tesla GPU cards<\/p>\n\n\n\n<div style=\"height:34px\" aria-hidden=\"true\" class=\"wp-block-spacer\"><\/div>\n\n\n\n<div class=\"wp-block-columns alignwide is-layout-flex wp-container-core-columns-is-layout-9d6595d7 wp-block-columns-is-layout-flex\">\n<div class=\"wp-block-column is-layout-flow wp-block-column-is-layout-flow\" style=\"flex-basis:100%\">\n<div class=\"wp-block-buttons is-horizontal is-content-justification-center is-layout-flex wp-container-core-buttons-is-layout-499968f5 wp-block-buttons-is-layout-flex\">\n<div class=\"wp-block-button has-custom-width wp-block-button__width-25 is-style-fill\"><a class=\"wp-block-button__link has-black-color has-pale-cyan-blue-background-color has-text-color has-background wp-element-button\" href=\"https:\/\/wiki.incd.pt\/shelves\/hpc-htc-user-documentation\" target=\"_blank\" rel=\"noreferrer noopener\">Learn more<\/a><\/div>\n<\/div>\n<\/div>\n<\/div>\n<\/div><\/div>\n\n\n\n<div style=\"height:100px\" aria-hidden=\"true\" class=\"wp-block-spacer\"><\/div>\n\n\n\n<div class=\"wp-block-cover alignwide is-light has-parallax\"><span aria-hidden=\"true\" class=\"wp-block-cover__background has-black-background-color has-background-dim-70 has-background-dim\"><\/span><div class=\"wp-block-cover__image-background wp-image-3891 has-parallax\" style=\"background-position:50% 50%;background-image:url(https:\/\/rnca.fccn.pt\/wp-content\/uploads\/2022\/04\/clouds-3576809_1280.jpg)\"><\/div><div class=\"wp-block-cover__inner-container is-layout-flow wp-block-cover-is-layout-flow\">\n<h2 class=\"wp-block-heading has-text-align-center alignwide has-white-color has-text-color\" style=\"font-size:48px;line-height:1.2\">Stratus<\/h2>\n\n\n\n<div style=\"height:32px\" aria-hidden=\"true\" class=\"wp-block-spacer\"><\/div>\n\n\n\n<div class=\"wp-block-columns alignwide is-layout-flex wp-container-core-columns-is-layout-9d6595d7 wp-block-columns-is-layout-flex\">\n<div class=\"wp-block-column is-layout-flow wp-block-column-is-layout-flow\" style=\"flex-basis:100%\">\n<div class=\"wp-block-group\"><div class=\"wp-block-group__inner-container is-layout-flow wp-block-group-is-layout-flow\">\n<p style=\"text-align: center; padding: 0;\">Cloud \u2013 Cloud Computing<\/p>\n<\/div><\/div>\n\n\n\n<div style=\"height:39px\" aria-hidden=\"true\" class=\"wp-block-spacer\"><\/div>\n\n\n\n<div class=\"wp-block-buttons is-horizontal is-content-justification-center is-layout-flex wp-container-core-buttons-is-layout-499968f5 wp-block-buttons-is-layout-flex\">\n<div class=\"wp-block-button has-custom-width wp-block-button__width-25 is-style-fill\"><a class=\"wp-block-button__link has-black-color has-pale-cyan-blue-background-color has-text-color has-background wp-element-button\" href=\"https:\/\/wiki.incd.pt\/shelves\/cloud-user-documentation\" target=\"_blank\" rel=\"noreferrer noopener\">Learn more<\/a><\/div>\n<\/div>\n<\/div>\n<\/div>\n<\/div><\/div>\n\n\n\n<div style=\"height:111px\" aria-hidden=\"true\" class=\"wp-block-spacer\"><\/div>\n\n\n\n<p><\/p>","protected":false},"excerpt":{"rendered":"<p>INCD \/ CNCA Infraestrutura Nacional de Computa\u00e7\u00e3o Distribu\u00edda \/ Centro Nacional de Computa\u00e7\u00e3o Avan\u00e7ada A&nbsp;INCD \u2013 Infraestrutura Nacional de Computa\u00e7\u00e3o Distribu\u00edda&nbsp;\u00e9 uma infraestrutura digital de suporte \u00e0 investiga\u00e7\u00e3o, aprovada no &#8230;<\/p>","protected":false},"author":11,"featured_media":0,"parent":0,"menu_order":0,"comment_status":"closed","ping_status":"closed","template":"","meta":{"inline_featured_image":false,"_monsterinsights_skip_tracking":false,"_monsterinsights_sitenote_active":false,"_monsterinsights_sitenote_note":"","_monsterinsights_sitenote_category":0,"footnotes":""},"class_list":["post-754","page","type-page","status-publish","hentry"],"_links":{"self":[{"href":"https:\/\/rnca.fccn.pt\/en\/wp-json\/wp\/v2\/pages\/754","targetHints":{"allow":["GET"]}}],"collection":[{"href":"https:\/\/rnca.fccn.pt\/en\/wp-json\/wp\/v2\/pages"}],"about":[{"href":"https:\/\/rnca.fccn.pt\/en\/wp-json\/wp\/v2\/types\/page"}],"author":[{"embeddable":true,"href":"https:\/\/rnca.fccn.pt\/en\/wp-json\/wp\/v2\/users\/11"}],"replies":[{"embeddable":true,"href":"https:\/\/rnca.fccn.pt\/en\/wp-json\/wp\/v2\/comments?post=754"}],"version-history":[{"count":30,"href":"https:\/\/rnca.fccn.pt\/en\/wp-json\/wp\/v2\/pages\/754\/revisions"}],"predecessor-version":[{"id":10342,"href":"https:\/\/rnca.fccn.pt\/en\/wp-json\/wp\/v2\/pages\/754\/revisions\/10342"}],"wp:attachment":[{"href":"https:\/\/rnca.fccn.pt\/en\/wp-json\/wp\/v2\/media?parent=754"}],"curies":[{"name":"wp","href":"https:\/\/api.w.org\/{rel}","templated":true}]}}