{"id":756,"date":"2020-11-26T09:43:35","date_gmt":"2020-11-26T09:43:35","guid":{"rendered":"http:\/\/10.10.10.130:8080\/?page_id=756"},"modified":"2024-05-17T15:43:28","modified_gmt":"2024-05-17T15:43:28","slug":"lca-uc","status":"publish","type":"page","link":"https:\/\/rnca.fccn.pt\/en\/lca-uc\/","title":{"rendered":"LCA-UC"},"content":{"rendered":"<div class=\"wp-block-group has-black-color has-white-background-color has-text-color has-background\"><div class=\"wp-block-group__inner-container is-layout-flow wp-block-group-is-layout-flow\">\n<div class=\"wp-block-columns alignwide is-layout-flex wp-container-core-columns-is-layout-9d6595d7 wp-block-columns-is-layout-flex\">\n<div class=\"wp-block-column is-layout-flow wp-block-column-is-layout-flow\">\n<div style=\"height:100px\" aria-hidden=\"true\" class=\"wp-block-spacer\"><\/div>\n\n\n\n<p class=\"has-text-color\" style=\"color:#000000;font-size:60px;line-height:1.1\"><strong>LCA-UC<\/strong><\/p>\n\n\n\n<p class=\"has-text-color\" style=\"color:#000000;font-size:25px;line-height:1.1\"><strong><span class=\"has-inline-color has-black-color\">Advanced Computing Laboratory of the University of Coimbra<\/span><\/strong><\/p>\n\n\n\n<div style=\"height:23px\" aria-hidden=\"true\" class=\"wp-block-spacer\"><\/div>\n\n\n\n<div class=\"wp-block-group alignfull has-white-background-color has-background\"><div class=\"wp-block-group__inner-container is-layout-flow wp-block-group-is-layout-flow\">\n<div class=\"wp-block-columns alignwide are-vertically-aligned-top is-layout-flex wp-container-core-columns-is-layout-9d6595d7 wp-block-columns-is-layout-flex\">\n<div class=\"wp-block-column is-vertically-aligned-top is-layout-flow wp-block-column-is-layout-flow\" style=\"flex-basis:60%\">\n<p class=\"has-black-color has-text-color has-link-color has-extra-small-font-size wp-elements-9a030e0349c9a0cbcfef9dca1ce46526\">THE <span class=\"has-inline-color has-vivid-cyan-blue-color\"><a href=\"https:\/\/www.uc.pt\/lca\" target=\"_blank\" rel=\"noreferrer noopener\">Advanced Computing Laboratory of the University of Coimbra<\/a>&nbsp;<\/span>was founded in 2007 to provide high-performance computing resources and services to enable computationally intensive research within the University. It currently also supports researchers across the country.<\/p>\n\n\n\n<p>LCA-UC is a member of the&nbsp;<a rel=\"noreferrer noopener\" href=\"https:\/\/rnca.fccn.pt\/en\/?page_id=122\" target=\"_blank\">PRACE<\/a>&nbsp;\u2013 Partnership for Advanced Computing in Europe, whose mission is to enable high-impact scientific discovery and engineering research and development across all disciplines to increase European competitiveness for the benefit of society.<\/p>\n\n\n\n<p><\/p>\n\n\n\n<div style=\"height:46px\" aria-hidden=\"true\" class=\"wp-block-spacer\"><\/div>\n\n\n\n<p>LCA participates in the following activities:<\/p>\n\n\n\n<ul class=\"wp-block-list\">\n<li>Evaluates, acquires, and deploys high-performance computing resources, including computing systems and software.<\/li>\n\n\n\n<li>Offers workshops and training seminars to educate and prepare new users of these resources.<\/li>\n\n\n\n<li>Provides expert advice and documentation to help researchers use these resources effectively.<\/li>\n\n\n\n<li>Collaborates with other computing centers and other universities to enhance the capabilities of the resources used in the Laboratory.<\/li>\n<\/ul>\n<\/div>\n\n\n\n<div class=\"wp-block-column is-vertically-aligned-top is-layout-flow wp-block-column-is-layout-flow\" style=\"flex-basis:60%\">\n<figure class=\"wp-block-image alignwide size-full\"><img loading=\"lazy\" decoding=\"async\" width=\"720\" height=\"405\" src=\"https:\/\/rnca.fccn.pt\/wp-content\/uploads\/2022\/04\/navigator6-edited-1.jpg\" alt=\"lca_uc\" class=\"wp-image-3983\" srcset=\"https:\/\/rnca.fccn.pt\/wp-content\/uploads\/2022\/04\/navigator6-edited-1.jpg 720w, https:\/\/rnca.fccn.pt\/wp-content\/uploads\/2022\/04\/navigator6-edited-1-300x169.jpg 300w\" sizes=\"auto, (max-width: 720px) 100vw, 720px\" \/><\/figure>\n\n\n\n<figure class=\"wp-block-image size-large is-style-default\"><img loading=\"lazy\" decoding=\"async\" width=\"1024\" height=\"657\" src=\"https:\/\/rnca.fccn.pt\/wp-content\/uploads\/2022\/04\/navigator2_2-1024x657.jpg\" alt=\"navigator_lca\" class=\"wp-image-3735\" srcset=\"https:\/\/rnca.fccn.pt\/wp-content\/uploads\/2022\/04\/navigator2_2-1024x657.jpg 1024w, https:\/\/rnca.fccn.pt\/wp-content\/uploads\/2022\/04\/navigator2_2-300x192.jpg 300w, https:\/\/rnca.fccn.pt\/wp-content\/uploads\/2022\/04\/navigator2_2-768x493.jpg 768w, https:\/\/rnca.fccn.pt\/wp-content\/uploads\/2022\/04\/navigator2_2-1536x985.jpg 1536w, https:\/\/rnca.fccn.pt\/wp-content\/uploads\/2022\/04\/navigator2_2-2048x1314.jpg 2048w\" sizes=\"auto, (max-width: 1024px) 100vw, 1024px\" \/><\/figure>\n<\/div>\n<\/div>\n<\/div><\/div>\n<\/div>\n<\/div>\n<\/div><\/div>\n\n\n\n<div style=\"height:24px\" aria-hidden=\"true\" class=\"wp-block-spacer\"><\/div>\n\n\n\n<h2 class=\"wp-block-heading has-text-align-center\" style=\"font-size:45px\">Available Resources<\/h2>\n\n\n\n<div style=\"height:20px\" aria-hidden=\"true\" class=\"wp-block-spacer\"><\/div>\n\n\n\n<div class=\"wp-block-cover alignwide has-parallax has-white-color has-text-color has-link-color wp-elements-c9177a079e7de7c6d9748542f3b077cd wp-duotone-unset-2\"><span aria-hidden=\"true\" class=\"wp-block-cover__background has-black-background-color has-background-dim-70 has-background-dim\"><\/span><div role=\"img\" aria-label=\"data center\" class=\"wp-block-cover__image-background wp-image-822 has-parallax\" style=\"background-position:50% 50%;background-image:url(https:\/\/rnca.fccn.pt\/wp-content\/uploads\/2020\/11\/navigator5.jpg)\"><\/div><div class=\"wp-block-cover__inner-container is-layout-flow wp-block-cover-is-layout-flow\">\n<h2 class=\"wp-block-heading has-text-align-center alignwide has-white-color has-text-color\" style=\"font-size:48px;line-height:1.2\"><strong><span class=\"has-inline-color has-white-color\">Navigator<\/span><\/strong> <\/h2>\n\n\n\n<div style=\"height:53px\" aria-hidden=\"true\" class=\"wp-block-spacer\"><\/div>\n\n\n\n<p style=\"text-align: center; padding: 0;\">\n192 nodes with a total of 3936 + 1280 cores<\/p>\n<p style=\"text-align: center; padding: 0;\">Each node with 2 x Intel Xeon E5-2697v2 (12-core) @ 2.70 GHz or 2x Intel Xeon Gold 6148 (20-core) @ 2.40 GHz or 4x Intel Xeon Gold 6154 (18-core) @ 3 GHz  <\/p>\n<p style=\"text-align: center; padding: 0;\">220 TB + 1.27 PB disk storage<\/p>\n<p style=\"text-align: center; padding: 0;\">Infiniband FDR and EDR<\/p>\n<p style=\"text-align: center; padding: 0;\">86 + 161.2 TFlops of maximum processing capacity<\/p>\n<p style=\"text-align: center; padding: 0;\">8 Nvidia Tesla V100 GPU cards<\/p>\n<p style=\"text-align: center; padding: 0;\">2 Nvidia Tesla A40 cards for visualization\n<\/p>\n\n\n\n<div style=\"height:53px\" aria-hidden=\"true\" class=\"wp-block-spacer\"><\/div>\n\n\n\n<div class=\"wp-block-columns alignwide is-layout-flex wp-container-core-columns-is-layout-9d6595d7 wp-block-columns-is-layout-flex\">\n<div class=\"wp-block-column is-layout-flow wp-block-column-is-layout-flow\" style=\"flex-basis:100%\">\n<div class=\"wp-block-buttons is-horizontal is-content-justification-center is-layout-flex wp-container-core-buttons-is-layout-499968f5 wp-block-buttons-is-layout-flex\">\n<div class=\"wp-block-button has-custom-width wp-block-button__width-25 is-style-fill\"><a class=\"wp-block-button__link has-black-color has-pale-cyan-blue-background-color has-text-color has-background wp-element-button\" href=\"https:\/\/shorturl.at\/dhT13\" target=\"_blank\" rel=\"noreferrer noopener\"><strong>Learn more<\/strong><\/a><\/div>\n<\/div>\n<\/div>\n<\/div>\n<\/div><\/div>\n\n\n\n<div style=\"height:100px\" aria-hidden=\"true\" class=\"wp-block-spacer\"><\/div>\n\n\n\n<p><\/p>","protected":false},"excerpt":{"rendered":"<p>LCA-UC Laborat\u00f3rio de Computa\u00e7\u00e3o Avan\u00e7ada da Universidade de Coimbra O Laborat\u00f3rio de Computa\u00e7\u00e3o Avan\u00e7ada da Universidade de Coimbra&nbsp;foi fundado em 2007 para fornecer recursos e servi\u00e7os de computa\u00e7\u00e3o de alto &#8230;<\/p>","protected":false},"author":8,"featured_media":0,"parent":0,"menu_order":0,"comment_status":"closed","ping_status":"closed","template":"","meta":{"inline_featured_image":false,"_monsterinsights_skip_tracking":false,"_monsterinsights_sitenote_active":false,"_monsterinsights_sitenote_note":"","_monsterinsights_sitenote_category":0,"footnotes":""},"class_list":["post-756","page","type-page","status-publish","hentry"],"_links":{"self":[{"href":"https:\/\/rnca.fccn.pt\/en\/wp-json\/wp\/v2\/pages\/756","targetHints":{"allow":["GET"]}}],"collection":[{"href":"https:\/\/rnca.fccn.pt\/en\/wp-json\/wp\/v2\/pages"}],"about":[{"href":"https:\/\/rnca.fccn.pt\/en\/wp-json\/wp\/v2\/types\/page"}],"author":[{"embeddable":true,"href":"https:\/\/rnca.fccn.pt\/en\/wp-json\/wp\/v2\/users\/8"}],"replies":[{"embeddable":true,"href":"https:\/\/rnca.fccn.pt\/en\/wp-json\/wp\/v2\/comments?post=756"}],"version-history":[{"count":35,"href":"https:\/\/rnca.fccn.pt\/en\/wp-json\/wp\/v2\/pages\/756\/revisions"}],"predecessor-version":[{"id":8925,"href":"https:\/\/rnca.fccn.pt\/en\/wp-json\/wp\/v2\/pages\/756\/revisions\/8925"}],"wp:attachment":[{"href":"https:\/\/rnca.fccn.pt\/en\/wp-json\/wp\/v2\/media?parent=756"}],"curies":[{"name":"wp","href":"https:\/\/api.w.org\/{rel}","templated":true}]}}