{"id":758,"date":"2020-11-26T09:44:19","date_gmt":"2020-11-26T09:44:19","guid":{"rendered":"http:\/\/10.10.10.130:8080\/?page_id=758"},"modified":"2024-05-20T09:38:27","modified_gmt":"2024-05-20T09:38:27","slug":"hpc-ue","status":"publish","type":"page","link":"https:\/\/rnca.fccn.pt\/en\/hpc-ue\/","title":{"rendered":"HPC-UE"},"content":{"rendered":"<p><\/p>\n\n\n\n<div class=\"wp-block-columns alignwide is-layout-flex wp-container-core-columns-is-layout-9d6595d7 wp-block-columns-is-layout-flex\">\n<div class=\"wp-block-column is-layout-flow wp-block-column-is-layout-flow\">\n<div style=\"height:100px\" aria-hidden=\"true\" class=\"wp-block-spacer\"><\/div>\n\n\n\n<p class=\"has-text-color\" style=\"color:#000000;font-size:60px;line-height:1.1\"><strong>HPC-UE<\/strong><\/p>\n\n\n\n<p class=\"has-text-color\" style=\"color:#000000;font-size:25px;line-height:1.1\"><strong><span class=\"has-inline-color has-black-color\">High Performance Computing <\/span>from the University of \u00c9vora<\/strong><\/p>\n<\/div>\n<\/div>\n\n\n\n<div class=\"wp-block-columns is-layout-flex wp-container-core-columns-is-layout-9d6595d7 wp-block-columns-is-layout-flex\">\n<div class=\"wp-block-column is-layout-flow wp-block-column-is-layout-flow\">\n<p>THE <a href=\"https:\/\/oblivion.hpc.uevora.pt\" data-type=\"URL\" data-id=\"https:\/\/oblivion.hpc.uevora.pt\" target=\"_blank\" rel=\"noreferrer noopener\">High Performance Computing Center of the University of \u00c9vora <\/a>hosts and manages advanced computing resources, including the OBLIVION Supercomputer, acquired and available for ENGAGE SKA, and the VISION and ORION Clusters.<\/p>\n\n\n\n<p>The Oblivion Supercomputer was acquired by the University of \u00c9vora, as part of its research infrastructure&nbsp;<a rel=\"noreferrer noopener\" href=\"https:\/\/www.uevora.pt\/investigar\/Infraestruturas-de-Investigacao\/Infraestruturas-do-Roteiro-Nacional-de-Infraestruturas-de-Interesse-Estrategico\/ENGAGE-SKA-ENAbling-Green-E-science-for-SKA\" target=\"_blank\">ENGAGE SKA<\/a>, to support the processing of massive volumes of data (in the order of Petabytes, equivalent to millions of Gigabytes), resulting from the various research and innovation activities developed in Portugal.<\/p>\n\n\n\n<p>ENGAGE SKA is a consortium of seven Portuguese institutions and is the interface between the national scientific community and the <a rel=\"noreferrer noopener\" href=\"https:\/\/www.skatelescope.org\/\" target=\"_blank\">SKA<\/a> \u2013 a global project that, on an unprecedented scale, involves scientists and engineers in preparing for the construction of the world&#039;s largest radio telescope, the Square Kilometer Array (SKA).<\/p>\n<\/div>\n\n\n\n<div class=\"wp-block-column is-layout-flow wp-block-column-is-layout-flow\">\n<figure class=\"wp-block-image alignwide size-full is-style-default\"><img loading=\"lazy\" decoding=\"async\" width=\"680\" height=\"383\" src=\"https:\/\/rnca.fccn.pt\/wp-content\/uploads\/2021\/01\/oblivion-5.jpg\" alt=\"Oblivion Datacentre\" class=\"wp-image-1144\" srcset=\"https:\/\/rnca.fccn.pt\/wp-content\/uploads\/2021\/01\/oblivion-5.jpg 680w, https:\/\/rnca.fccn.pt\/wp-content\/uploads\/2021\/01\/oblivion-5-300x169.jpg 300w\" sizes=\"auto, (max-width: 680px) 100vw, 680px\" \/><\/figure>\n\n\n\n<figure class=\"wp-block-image alignwide size-full is-style-default\"><img loading=\"lazy\" decoding=\"async\" width=\"620\" height=\"274\" src=\"https:\/\/rnca.fccn.pt\/wp-content\/uploads\/2022\/04\/engageska.jpg\" alt=\"engageska\" class=\"wp-image-3752\" srcset=\"https:\/\/rnca.fccn.pt\/wp-content\/uploads\/2022\/04\/engageska.jpg 620w, https:\/\/rnca.fccn.pt\/wp-content\/uploads\/2022\/04\/engageska-300x133.jpg 300w\" sizes=\"auto, (max-width: 620px) 100vw, 620px\" \/><\/figure>\n<\/div>\n<\/div>\n\n\n\n<div style=\"height:100px\" aria-hidden=\"true\" class=\"wp-block-spacer\"><\/div>\n\n\n\n<h2 class=\"wp-block-heading has-text-align-center\" style=\"font-size:45px\">Available Resources<\/h2>\n\n\n\n<div style=\"height:100px\" aria-hidden=\"true\" class=\"wp-block-spacer\"><\/div>\n\n\n\n<div class=\"wp-block-cover alignwide has-parallax\"><span aria-hidden=\"true\" class=\"wp-block-cover__background has-black-background-color has-background-dim-60 has-background-dim\"><\/span><div role=\"img\" aria-label=\"Oblivion cable connections \" class=\"wp-block-cover__image-background wp-image-3755 has-parallax\" style=\"background-position:50% 50%;background-image:url(https:\/\/rnca.fccn.pt\/wp-content\/uploads\/2022\/04\/IMG_0389_2-edited-scaled.jpg)\"><\/div><div class=\"wp-block-cover__inner-container is-layout-flow wp-block-cover-is-layout-flow\">\n<h2 class=\"wp-block-heading has-text-align-center alignwide has-white-color has-text-color\" style=\"font-size:48px;line-height:1.2\">Oblivion<\/h2>\n\n\n\n<div style=\"height:40px\" aria-hidden=\"true\" class=\"wp-block-spacer\"><\/div>\n\n\n\n<div class=\"wp-block-columns alignwide is-layout-flex wp-container-core-columns-is-layout-9d6595d7 wp-block-columns-is-layout-flex\">\n<div class=\"wp-block-column is-layout-flow wp-block-column-is-layout-flow\" style=\"flex-basis:100%\">\n<p style=\"text-align: center; padding: 0;\">Installed in 2020<\/p>\n<p style=\"text-align: center; padding: 0;\">88 nodes with 3168 colors<\/p>\n<p style=\"text-align: center; padding: 0;\">Each node with 2x Intel Xeon Gold 6154 (36 core) @ 3GH, 192 GB and RAM 5.33 GB RAM\/core<\/p>\n<p style=\"text-align: center; padding: 0;\">1.15 PB of disk storage<\/p>\n<p style=\"text-align: center; padding: 0;\">Infiniband EDR<\/p>\n<p style=\"text-align: center; padding: 0;\">306 TFlops of maximum processing capacity<\/p>\n\n\n\n<div style=\"height:39px\" aria-hidden=\"true\" class=\"wp-block-spacer\"><\/div>\n\n\n\n<div class=\"wp-block-buttons is-horizontal is-content-justification-center is-layout-flex wp-container-core-buttons-is-layout-499968f5 wp-block-buttons-is-layout-flex\">\n<div class=\"wp-block-button has-custom-width wp-block-button__width-25 is-style-fill\"><a class=\"wp-block-button__link has-black-color has-pale-cyan-blue-background-color has-text-color has-background wp-element-button\" href=\"https:\/\/oblivion.hpc.uevora.pt\" target=\"_blank\" rel=\"noreferrer noopener\">Learn more<\/a><\/div>\n<\/div>\n<\/div>\n<\/div>\n\n\n\n<p><\/p>\n<\/div><\/div>\n\n\n\n<div style=\"height:100px\" aria-hidden=\"true\" class=\"wp-block-spacer\"><\/div>\n\n\n\n<div class=\"wp-block-cover alignwide has-parallax is-repeated\"><span aria-hidden=\"true\" class=\"wp-block-cover__background has-black-background-color has-background-dim-60 has-background-dim\"><\/span><div role=\"img\" aria-label=\"Vision cable connections\" class=\"wp-block-cover__image-background wp-image-3755 has-parallax is-repeated\" style=\"background-position:50% 50%;background-image:url(https:\/\/rnca.fccn.pt\/wp-content\/uploads\/2022\/04\/IMG_0389_2-edited-scaled.jpg)\"><\/div><div class=\"wp-block-cover__inner-container is-layout-flow wp-block-cover-is-layout-flow\">\n<h2 class=\"wp-block-heading has-text-align-center alignwide has-white-color has-text-color\" style=\"font-size:48px;line-height:1.2\">Vision<\/h2>\n\n\n\n<div style=\"height:40px\" aria-hidden=\"true\" class=\"wp-block-spacer\"><\/div>\n\n\n\n<div class=\"wp-block-columns alignwide is-layout-flex wp-container-core-columns-is-layout-9d6595d7 wp-block-columns-is-layout-flex\">\n<div class=\"wp-block-column is-layout-flow wp-block-column-is-layout-flow\" style=\"flex-basis:100%\">\n<p style=\"text-align: center; padding: 0;\">Installed in 2021<\/p>\n<p style=\"text-align: center; padding: 0;\">16 NVIDIA A100 SXM4 40GB cards<\/p>\n\n\n\n<div style=\"height:39px\" aria-hidden=\"true\" class=\"wp-block-spacer\"><\/div>\n\n\n\n<div class=\"wp-block-buttons is-horizontal is-content-justification-center is-layout-flex wp-container-core-buttons-is-layout-499968f5 wp-block-buttons-is-layout-flex\">\n<div class=\"wp-block-button has-custom-width wp-block-button__width-25 is-style-fill\"><a class=\"wp-block-button__link has-black-color has-pale-cyan-blue-background-color has-text-color has-background wp-element-button\" href=\"https:\/\/vision.uevora.pt\/\" target=\"_blank\" rel=\"noreferrer noopener\">Learn more<\/a><\/div>\n<\/div>\n<\/div>\n<\/div>\n\n\n\n<p><\/p>\n<\/div><\/div>\n\n\n\n<div style=\"height:100px\" aria-hidden=\"true\" class=\"wp-block-spacer\"><\/div>\n\n\n\n<p><\/p>","protected":false},"excerpt":{"rendered":"<p>HPC-U\u00c9 High Performance Computing da Universidade de \u00c9vora O Centro High Performance Computing da Universidade de \u00c9vora aloja e gere recursos computacionais avan\u00e7ados entre os quais o Supercomputador OBLIVION, adquirido &#8230;<\/p>","protected":false},"author":11,"featured_media":0,"parent":0,"menu_order":0,"comment_status":"closed","ping_status":"closed","template":"","meta":{"inline_featured_image":false,"_monsterinsights_skip_tracking":false,"_monsterinsights_sitenote_active":false,"_monsterinsights_sitenote_note":"","_monsterinsights_sitenote_category":0,"footnotes":""},"class_list":["post-758","page","type-page","status-publish","hentry"],"_links":{"self":[{"href":"https:\/\/rnca.fccn.pt\/en\/wp-json\/wp\/v2\/pages\/758","targetHints":{"allow":["GET"]}}],"collection":[{"href":"https:\/\/rnca.fccn.pt\/en\/wp-json\/wp\/v2\/pages"}],"about":[{"href":"https:\/\/rnca.fccn.pt\/en\/wp-json\/wp\/v2\/types\/page"}],"author":[{"embeddable":true,"href":"https:\/\/rnca.fccn.pt\/en\/wp-json\/wp\/v2\/users\/11"}],"replies":[{"embeddable":true,"href":"https:\/\/rnca.fccn.pt\/en\/wp-json\/wp\/v2\/comments?post=758"}],"version-history":[{"count":44,"href":"https:\/\/rnca.fccn.pt\/en\/wp-json\/wp\/v2\/pages\/758\/revisions"}],"predecessor-version":[{"id":8937,"href":"https:\/\/rnca.fccn.pt\/en\/wp-json\/wp\/v2\/pages\/758\/revisions\/8937"}],"wp:attachment":[{"href":"https:\/\/rnca.fccn.pt\/en\/wp-json\/wp\/v2\/media?parent=758"}],"curies":[{"name":"wp","href":"https:\/\/api.w.org\/{rel}","templated":true}]}}