{"id":8078,"date":"2023-11-22T11:36:45","date_gmt":"2023-11-22T11:36:45","guid":{"rendered":"https:\/\/rnca.fccn.pt\/?page_id=8078"},"modified":"2025-01-03T10:44:28","modified_gmt":"2025-01-03T10:44:28","slug":"forum-de-utilizadores","status":"publish","type":"page","link":"https:\/\/rnca.fccn.pt\/en\/forum-de-utilizadores\/","title":{"rendered":"User Forum"},"content":{"rendered":"\n<div class=\"wp-block-columns alignwide are-vertically-aligned-center is-layout-flex wp-container-core-columns-is-layout-9d6595d7 wp-block-columns-is-layout-flex\">\n<div class=\"wp-block-column is-layout-flow wp-block-column-is-layout-flow\">\n<figure class=\"wp-block-image size-full is-resized\"><img loading=\"lazy\" decoding=\"async\" width=\"1400\" height=\"400\" src=\"https:\/\/rnca.fccn.pt\/wp-content\/uploads\/2023\/11\/RNCA-Forum-de-Utilizadores-de-Computacao-Avancada.jpg\" alt=\"\" class=\"wp-image-8228\" style=\"width:1102px;height:auto\" srcset=\"https:\/\/rnca.fccn.pt\/wp-content\/uploads\/2023\/11\/RNCA-Forum-de-Utilizadores-de-Computacao-Avancada.jpg 1400w, https:\/\/rnca.fccn.pt\/wp-content\/uploads\/2023\/11\/RNCA-Forum-de-Utilizadores-de-Computacao-Avancada-300x86.jpg 300w, https:\/\/rnca.fccn.pt\/wp-content\/uploads\/2023\/11\/RNCA-Forum-de-Utilizadores-de-Computacao-Avancada-1024x293.jpg 1024w, https:\/\/rnca.fccn.pt\/wp-content\/uploads\/2023\/11\/RNCA-Forum-de-Utilizadores-de-Computacao-Avancada-768x219.jpg 768w\" sizes=\"auto, (max-width: 1400px) 100vw, 1400px\" \/><\/figure>\n<\/div>\n<\/div>\n\n\n\n<div style=\"height:33px\" aria-hidden=\"true\" class=\"wp-block-spacer\"><\/div>\n\n\n\n<h2 class=\"wp-block-heading\">Defini\u00e7\u00e3o<\/h2>\n\n\n\n<p>O F\u00f3rum de Utilizadores est\u00e1 previsto no regulamento interno como org\u00e3o independente de partilha e aconselhamento da RNCA. Destina-se a acolher utilizadores das comunidades p\u00fablicas ou privadas de investiga\u00e7\u00e3o, tecnologia e inova\u00e7\u00e3o de todas as \u00e1reas cient\u00edficas. Os interessados podem contatar o F\u00f3rum atrav\u00e9s do formul\u00e1rio nesta p\u00e1gina. <\/p>\n\n\n\n<blockquote class=\"wp-block-quote is-layout-flow wp-block-quote-is-layout-flow\">\n<p>O F\u00f3rum de Utilizadores \u00e9 o \u00f3rg\u00e3o de partilha de conhecimento e aconselhamento por parte da comunidade alargada de utilizadores da RNCA, tendo como objetivo ser um espa\u00e7o independente e aut\u00f3nomo para troca de experi\u00eancias de uso e de conhecimento sobre a utiliza\u00e7\u00e3o dos servi\u00e7os disponibilizados, bem como de elabora\u00e7\u00e3o de recomenda\u00e7\u00f5es para a sua melhoria\u201d<\/p>\n<cite>Artigo 13\u00ba, Regulamento RNCA<\/cite><\/blockquote>\n\n\n\n<div style=\"height:69px\" aria-hidden=\"true\" class=\"wp-block-spacer\"><\/div>\n\n\n\n<h2 class=\"wp-block-heading\">Objetivos<\/h2>\n\n\n\n<ul class=\"wp-block-list\">\n<li>Funcionar como canal permanente de comunica\u00e7\u00e3o e aconselhamento entre utilizadores, centros e a RNCA\/FCT.<\/li>\n\n\n\n<li>Ser um espa\u00e7o de partilha de experi\u00eancias, sugest\u00f5es, problemas, melhorias e solu\u00e7\u00f5es relativamente a concursos, eventos e forma\u00e7\u00f5es, entre outros.<\/li>\n\n\n\n<li>Acolher novos utilizadores que aqui poder\u00e3o encontrar boas pr\u00e1ticas e ajuda na resolu\u00e7\u00e3o de problemas.<\/li>\n\n\n\n<li>Identificar melhorias nos processos da RNCA<\/li>\n\n\n\n<li>Participar e reunir presencialmente no encontro anual RNCA<\/li>\n<\/ul>\n\n\n\n<div style=\"height:82px\" aria-hidden=\"true\" class=\"wp-block-spacer\"><\/div>\n\n\n\n<h2 class=\"wp-block-heading\">Estrutura e Coordena\u00e7\u00e3o<\/h2>\n\n\n\n<p>O F\u00f3rum de Utilizadores deve ser coordenado por um elemento nomeado pela FCT, independente dos restantes \u00f3rg\u00e3os da RNCA, para mandatos que n\u00e3o poder\u00e3o ter dura\u00e7\u00e3o superior a tr\u00eas anos. <br>A gest\u00e3o da RNCA e o coordenador do F\u00f3rum de Utilizadores articular\u00e3o entre si as medidas necess\u00e1rias ao funcionamento deste \u00f3rg\u00e3o. A proposta de estrutura do F\u00f3rum \u00e9 a seguinte:<\/p>\n\n\n<div class=\"wp-block-image\">\n<figure class=\"aligncenter size-full\"><img loading=\"lazy\" decoding=\"async\" width=\"886\" height=\"301\" src=\"https:\/\/rnca.fccn.pt\/wp-content\/uploads\/2023\/11\/image-7.png\" alt=\"\" class=\"wp-image-8218\" srcset=\"https:\/\/rnca.fccn.pt\/wp-content\/uploads\/2023\/11\/image-7.png 886w, https:\/\/rnca.fccn.pt\/wp-content\/uploads\/2023\/11\/image-7-300x102.png 300w, https:\/\/rnca.fccn.pt\/wp-content\/uploads\/2023\/11\/image-7-768x261.png 768w\" sizes=\"auto, (max-width: 886px) 100vw, 886px\" \/><\/figure>\n<\/div>\n\n\n<p>A 1\u00aa coordena\u00e7\u00e3o do F\u00f3rum de Utilizadores teve mandato durante 12 meses, entre 1 de janeiro e 31 de dezembro de 2024.  <\/p>\n\n\n\n<p>Tendo terminado a 1\u00aa coordena\u00e7\u00e3o a 31 de dezembro de 2024, a partir de 1 de janeiro de 2025, as respostas a contactos e pedidos endere\u00e7ados ao F\u00f3rum de Utilizadores ser\u00e3o temporariamente geridas e respondidas pela FCT.<\/p>\n\n\n\n<div style=\"height:101px\" aria-hidden=\"true\" class=\"wp-block-spacer\"><\/div>\n\n\n\n<h2 class=\"wp-block-heading\">Comunica\u00e7\u00e3o com o F\u00f3rum<\/h2>\n\n\n\n<h3 class=\"wp-block-heading\">Formul\u00e1rio de Contato <\/h3>\n\n\n\n<p>Caso tenha alguma quest\u00e3o, coment\u00e1rio ou sugest\u00e3o de melhoria utilize o seguinte formul\u00e1rio, cuja mensagem ser\u00e1 diretamente reencaminhada para o Coordena\u00e7\u00e3o do F\u00f3rum. Outros meios de comunica\u00e7\u00e3o poder\u00e3o ser definidos no decorrer das atividades do F\u00f3rum.<\/p>\n\n\n\n<div class=\"wp-block-columns are-vertically-aligned-center is-layout-flex wp-container-core-columns-is-layout-9d6595d7 wp-block-columns-is-layout-flex\">\n<div class=\"wp-block-column is-vertically-aligned-center is-layout-flow wp-block-column-is-layout-flow\" style=\"flex-basis:100%\">\n<div class=\"wp-block-group\"><div class=\"wp-block-group__inner-container is-layout-constrained wp-block-group-is-layout-constrained\">\n<div class=\"wp-block-group alignwide\"><div class=\"wp-block-group__inner-container is-layout-constrained wp-block-group-is-layout-constrained\"><noscript class=\"ninja-forms-noscript-message\">\n\tNotice: JavaScript is required for this content.<\/noscript>\n<div id=\"nf-form-17-cont\" class=\"nf-form-cont\" aria-live=\"polite\" aria-labelledby=\"nf-form-title-17\" aria-describedby=\"nf-form-errors-17\" role=\"form\">\n\n    <div class=\"nf-loading-spinner\"><\/div>\n\n<\/div>\n        <!-- That data is being printed as a workaround to page builders reordering the order of the scripts loaded-->\n        <script>var formDisplay=1;var nfForms=nfForms||[];var form=[];form.id='17';form.settings={\"objectType\":\"Form Setting\",\"editActive\":true,\"title\":\"RNCA user forum contact form\",\"created_at\":\"2023-11-23 10:44:32\",\"default_label_pos\":\"above\",\"show_title\":0,\"clear_complete\":0,\"hide_complete\":\"1\",\"logged_in\":\"\",\"wrapper_class\":\"\",\"element_class\":\"\",\"key\":\"\",\"add_submit\":\"1\",\"currency\":\"\",\"unique_field_error\":\"A form with this value has already been submitted.\",\"not_logged_in_msg\":\"\",\"sub_limit_msg\":\"The form has reached its submission limit.\",\"calculations\":[],\"formContentData\":[\"nome_name_1702290689621\",\"email_1590486387263\",\"assunto_subject_1702290684685\",\"mensagem_message_1702290697640\",\"html_1702291530225\",\"recaptcha_1702291144543\",\"submit_1590486481656\"],\"changeEmailErrorMsg\":\"Please enter a valid email address!\",\"changeDateErrorMsg\":\"Please enter a valid date!\",\"confirmFieldErrorMsg\":\"These fields must match!\",\"fieldNumberNumMinError\":\"Number Min Error\",\"fieldNumberNumMaxError\":\"Number Max Error\",\"fieldNumberIncrementBy\":\"Please increment by \",\"formErrorsCorrectErrors\":\"Please correct errors before submitting this form.\",\"validateRequiredField\":\"This is a required field.\",\"honeypotHoneypotError\":\"Honeypot Error\",\"fieldsMarkedRequired\":\"Fields marked with an <span class=\\\"ninja-forms-req-symbol\\\">*<\\\/span> are required\",\"drawerDisabled\":false,\"allow_public_link\":0,\"embed_form\":\"\",\"form_title_heading_level\":\"3\",\"ninjaForms\":\"Ninja Forms\",\"fieldTextareaRTEInsertLink\":\"Insert Link\",\"fieldTextareaRTEInsertMedia\":\"Insert Media\",\"fieldTextareaRTESelectAFile\":\"Select a file\",\"formHoneypot\":\"If you are a human seeing this field, please leave it empty.\",\"fileUploadOldCodeFileUploadInProgress\":\"File Upload in Progress.\",\"fileUploadOldCodeFileUpload\":\"FILE UPLOAD\",\"currencySymbol\":\"&euro;\",\"thousands_sep\":\",\",\"decimal_point\":\".\",\"siteLocale\":\"en_GB\",\"dateFormat\":\"d\\\/m\\\/Y\",\"startOfWeek\":\"1\",\"of\":\"of\",\"previousMonth\":\"Previous Month\",\"nextMonth\":\"Next Month\",\"months\":[\"January\",\"February\",\"March\",\"April\",\"May\",\"June\",\"July\",\"August\",\"September\",\"October\",\"November\",\"December\"],\"monthsShort\":[\"Jan\",\"Feb\",\"Mar\",\"Apr\",\"May\",\"Jun\",\"Jul\",\"Aug\",\"Sep\",\"Oct\",\"Nov\",\"Dec\"],\"weekdays\":[\"Sunday\",\"Monday\",\"Tuesday\",\"Wednesday\",\"Thursday\",\"Friday\",\"Saturday\"],\"weekdaysShort\":[\"Sun\",\"Mon\",\"Tue\",\"Wed\",\"Thu\",\"Fri\",\"Sat\"],\"weekdaysMin\":[\"Su\",\"Mo\",\"Tu\",\"We\",\"Th\",\"Fr\",\"Sa\"],\"recaptchaConsentMissing\":\"reCaptcha validation couldn&#039;t load.\",\"recaptchaMissingCookie\":\"reCaptcha v3 validation couldn&#039;t load the cookie needed to submit the form.\",\"recaptchaConsentEvent\":\"Accept reCaptcha cookies before sending the form.\",\"currency_symbol\":\"\",\"beforeForm\":\"\",\"beforeFields\":\"\",\"afterFields\":\"\",\"afterForm\":\"\"};form.fields=[{\"objectType\":\"Field\",\"objectDomain\":\"fields\",\"editActive\":false,\"order\":1,\"idAttribute\":\"id\",\"label\":\"Nome \\\/ Name\",\"type\":\"textbox\",\"key\":\"nome_name_1702290689621\",\"label_pos\":\"above\",\"required\":1,\"default\":\"\",\"placeholder\":\"\",\"container_class\":\"\",\"element_class\":\"\",\"input_limit\":\"\",\"input_limit_type\":\"characters\",\"input_limit_msg\":\"Character(s) left\",\"manual_key\":\"\",\"admin_label\":\"\",\"help_text\":\"\",\"mask\":\"\",\"custom_mask\":\"\",\"custom_name_attribute\":\"\",\"personally_identifiable\":\"\",\"value\":\"\",\"drawerDisabled\":false,\"field_label\":\"Name\",\"field_key\":\"name_1590486403015\",\"id\":620,\"beforeField\":\"\",\"afterField\":\"\",\"parentType\":\"textbox\",\"element_templates\":[\"textbox\",\"input\"],\"old_classname\":\"\",\"wrap_template\":\"wrap\"},{\"objectType\":\"Field\",\"objectDomain\":\"fields\",\"editActive\":false,\"order\":2,\"idAttribute\":\"id\",\"label\":\"Email\",\"type\":\"email\",\"key\":\"email_1590486387263\",\"label_pos\":\"above\",\"required\":1,\"default\":\"\",\"placeholder\":\"\",\"container_class\":\"\",\"element_class\":\"\",\"admin_label\":\"\",\"help_text\":\"\",\"custom_name_attribute\":\"email\",\"personally_identifiable\":1,\"value\":\"\",\"field_label\":\"Email\",\"field_key\":\"email_1590486387263\",\"drawerDisabled\":false,\"id\":621,\"beforeField\":\"\",\"afterField\":\"\",\"parentType\":\"email\",\"element_templates\":[\"email\",\"input\"],\"old_classname\":\"\",\"wrap_template\":\"wrap\"},{\"objectType\":\"Field\",\"objectDomain\":\"fields\",\"editActive\":false,\"order\":3,\"idAttribute\":\"id\",\"type\":\"textbox\",\"label\":\"Assunto \\\/ Subject\",\"key\":\"assunto_subject_1702290684685\",\"label_pos\":\"above\",\"required\":1,\"default\":\"\",\"placeholder\":\"\",\"container_class\":\"\",\"element_class\":\"\",\"input_limit\":\"\",\"input_limit_type\":\"characters\",\"input_limit_msg\":\"Character(s) left\",\"manual_key\":false,\"admin_label\":\"\",\"help_text\":\"\",\"mask\":\"\",\"custom_mask\":\"\",\"custom_name_attribute\":\"\",\"personally_identifiable\":\"\",\"value\":\"\",\"drawerDisabled\":false,\"id\":624,\"beforeField\":\"\",\"afterField\":\"\",\"parentType\":\"textbox\",\"element_templates\":[\"textbox\",\"input\"],\"old_classname\":\"\",\"wrap_template\":\"wrap\"},{\"objectType\":\"Field\",\"objectDomain\":\"fields\",\"editActive\":false,\"order\":4,\"idAttribute\":\"id\",\"label\":\"Mensagem \\\/ Message\",\"type\":\"textarea\",\"key\":\"mensagem_message_1702290697640\",\"label_pos\":\"above\",\"required\":1,\"default\":\"\",\"placeholder\":\"\",\"container_class\":\"\",\"element_class\":\"\",\"input_limit\":\"\",\"input_limit_type\":\"characters\",\"input_limit_msg\":\"Character(s) left\",\"manual_key\":\"\",\"admin_label\":\"\",\"help_text\":\"\",\"textarea_rte\":1,\"disable_rte_mobile\":\"\",\"textarea_media\":\"\",\"value\":\"\",\"drawerDisabled\":false,\"field_label\":\"Message\",\"field_key\":\"message_1590486407028\",\"desc_text\":\"<p><br><\\\/p>\",\"id\":622,\"beforeField\":\"\",\"afterField\":\"\",\"parentType\":\"textarea\",\"element_templates\":[\"textarea\",\"input\"],\"old_classname\":\"\",\"wrap_template\":\"wrap\"},{\"objectType\":\"Field\",\"objectDomain\":\"fields\",\"editActive\":false,\"order\":5,\"idAttribute\":\"id\",\"type\":\"html\",\"label\":\"HTML\",\"default\":\"<p style=\\\"text-align: right;\\\">Texto escrito em Portugu\\u00eas ser\\u00e1 respondido em Portugu\\u00eas.<\\\/p><p style=\\\"text-align: right; \\\">Text written in English will be answered in English.<\\\/p>\",\"container_class\":\"\",\"element_class\":\"\",\"key\":\"html_1702291530225\",\"drawerDisabled\":false,\"id\":627,\"beforeField\":\"\",\"afterField\":\"\",\"value\":\"<p style=\\\"text-align: right;\\\">Texto escrito em Portugu\\u00eas ser\\u00e1 respondido em Portugu\\u00eas.<\\\/p><p style=\\\"text-align: right; \\\">Text written in English will be answered in English.<\\\/p>\",\"label_pos\":\"above\",\"parentType\":\"html\",\"element_templates\":[\"html\",\"input\"],\"old_classname\":\"\",\"wrap_template\":\"wrap\"},{\"objectType\":\"Field\",\"objectDomain\":\"fields\",\"editActive\":false,\"order\":6,\"idAttribute\":\"id\",\"type\":\"recaptcha\",\"label\":\"Recaptcha\",\"container_class\":\"\",\"element_class\":\"\",\"size\":\"visible\",\"key\":\"recaptcha_1702291144543\",\"drawerDisabled\":false,\"id\":625,\"beforeField\":\"\",\"afterField\":\"\",\"value\":\"\",\"label_pos\":\"above\",\"parentType\":\"textbox\",\"element_templates\":[\"recaptcha\",\"input\"],\"old_classname\":\"\",\"wrap_template\":\"wrap\",\"site_key\":\"6LcywGcaAAAAACrT_NJMOju8WBzY2TC5Hgx_SDYL\",\"theme\":\"light\",\"lang\":\"en\"},{\"objectType\":\"Field\",\"objectDomain\":\"fields\",\"editActive\":false,\"order\":7,\"idAttribute\":\"id\",\"type\":\"submit\",\"label\":\"Submit\",\"processing_label\":\"Processing\",\"container_class\":\"\",\"element_class\":\"\",\"key\":\"submit_1590486481656\",\"field_label\":\"Submit\",\"field_key\":\"submit_1590486481656\",\"id\":623,\"beforeField\":\"\",\"afterField\":\"\",\"value\":\"\",\"label_pos\":\"above\",\"parentType\":\"textbox\",\"element_templates\":[\"submit\",\"button\",\"input\"],\"old_classname\":\"\",\"wrap_template\":\"wrap-no-label\"}];nfForms.push(form);<\/script>\n        <\/div><\/div>\n<\/div><\/div>\n<\/div>\n<\/div>\n\n\n\n<div style=\"height:86px\" aria-hidden=\"true\" class=\"wp-block-spacer\"><\/div>\n\n\n\n<h2 class=\"wp-block-heading\">Documentos de apoio<\/h2>\n\n\n\n<p>Termos de refer\u00eancia do F\u00f3rum (brevemente dispon\u00edvel)<\/p>\n","protected":false},"excerpt":{"rendered":"<p>Definition: The User Forum is established in the RNCA&#039;s internal regulations as an independent information sharing and advisory body. It is intended to welcome users from public and private research communities, \u2026<\/p>","protected":false},"author":2,"featured_media":0,"parent":0,"menu_order":0,"comment_status":"closed","ping_status":"closed","template":"","meta":{"inline_featured_image":false,"_monsterinsights_skip_tracking":false,"_monsterinsights_sitenote_active":false,"_monsterinsights_sitenote_note":"","_monsterinsights_sitenote_category":0,"footnotes":""},"class_list":["post-8078","page","type-page","status-publish","hentry"],"_links":{"self":[{"href":"https:\/\/rnca.fccn.pt\/en\/wp-json\/wp\/v2\/pages\/8078","targetHints":{"allow":["GET"]}}],"collection":[{"href":"https:\/\/rnca.fccn.pt\/en\/wp-json\/wp\/v2\/pages"}],"about":[{"href":"https:\/\/rnca.fccn.pt\/en\/wp-json\/wp\/v2\/types\/page"}],"author":[{"embeddable":true,"href":"https:\/\/rnca.fccn.pt\/en\/wp-json\/wp\/v2\/users\/2"}],"replies":[{"embeddable":true,"href":"https:\/\/rnca.fccn.pt\/en\/wp-json\/wp\/v2\/comments?post=8078"}],"version-history":[{"count":78,"href":"https:\/\/rnca.fccn.pt\/en\/wp-json\/wp\/v2\/pages\/8078\/revisions"}],"predecessor-version":[{"id":9529,"href":"https:\/\/rnca.fccn.pt\/en\/wp-json\/wp\/v2\/pages\/8078\/revisions\/9529"}],"wp:attachment":[{"href":"https:\/\/rnca.fccn.pt\/en\/wp-json\/wp\/v2\/media?parent=8078"}],"curies":[{"name":"wp","href":"https:\/\/api.w.org\/{rel}","templated":true}]}}