{"id":8429,"date":"2024-02-06T15:48:24","date_gmt":"2024-02-06T15:48:24","guid":{"rendered":"https:\/\/rnca.fccn.pt\/?page_id=8429"},"modified":"2025-08-26T14:32:44","modified_gmt":"2025-08-26T14:32:44","slug":"concursos-icdt23-pex23","status":"publish","type":"page","link":"https:\/\/rnca.fccn.pt\/en\/concursos-icdt23-pex23\/","title":{"rendered":"Other FCT Competitions"},"content":{"rendered":"\n<h1 class=\"wp-block-heading\">Outros <strong>Concursos FCT<\/strong><\/h1>\n\n\n\n<p><\/p>\n\n\n\n<div style=\"height:65px\" aria-hidden=\"true\" class=\"wp-block-spacer\"><\/div>\n\n\n\n<h3 class=\"wp-block-heading\">Plataformas de computa\u00e7\u00e3o avan\u00e7ada a disponibilizar atrav\u00e9s dos concursos n\u00e3o-CPCA:<\/h3>\n\n\n\n<ul class=\"wp-block-list\">\n<li>Concurso de Projetos de IC&amp;DT em Todos os Dom\u00ednios Cient\u00edficos 2024 (IC&amp;DT24)<\/li>\n\n\n\n<li>Concurso de Projetos Explorat\u00f3rios em Todos os Dom\u00ednios Cient\u00edficos 2024 (PeX24)<\/li>\n\n\n\n<li><a href=\"https:\/\/www.fct.pt\/concursos\/digitaltwins4smartterritories-dt4st-gemeos-digitais-para-territorios-inteligentes\">DigitalTwins4SmartTerritories (DT4ST): G\u00e9meos Digitais para Territ\u00f3rios Inteligentes &#8211; FCT<\/a><\/li>\n\n\n\n<li><a href=\"https:\/\/www.fct.pt\/concursos\/science4policy-2024-s4p-24-concurso-de-estudos-de-ciencia-para-as-politicas-publicas\">Science4Policy 2024 (S4P-24): Concurso de Estudos de Ci\u00eancia para as Pol\u00edticas P\u00fablicas &#8211; FCT<\/a><\/li>\n\n\n\n<li><a href=\"https:\/\/www.fct.pt\/concurso-para-projetos-de-icdt-ciencia-dos-dados-e-inteligencia-artificial-na-administracao-publica\/\">Concurso Intelig\u00eancia Artificial, Ci\u00eancia dos Dados e Ciberseguran\u00e7a de relev\u00e2ncia na Administra\u00e7\u00e3o P\u00fablica 2024<\/a><\/li>\n\n\n\n<li>Concurso de Projetos de IC&amp;DT em Todos os Dom\u00ednios Cient\u00edficos 2023 (IC&amp;DT23)<\/li>\n\n\n\n<li>Concurso de Projetos Explorat\u00f3rios em Todos os Dom\u00ednios Cient\u00edficos 2023 (PeX23)<\/li>\n<\/ul>\n\n\n\n<div style=\"height:31px\" aria-hidden=\"true\" class=\"wp-block-spacer\"><\/div>\n\n\n\n<h3 class=\"wp-block-heading has-text-align-center\"> Deucalion<\/h3>\n\n\n<div class=\"wp-block-image\">\n<figure class=\"aligncenter size-medium\"><img loading=\"lazy\" decoding=\"async\" width=\"300\" height=\"209\" src=\"https:\/\/rnca.fccn.pt\/wp-content\/uploads\/2024\/01\/Deucalion-16-300x209.jpg\" alt=\"\" class=\"wp-image-8395\" srcset=\"https:\/\/rnca.fccn.pt\/wp-content\/uploads\/2024\/01\/Deucalion-16-300x209.jpg 300w, https:\/\/rnca.fccn.pt\/wp-content\/uploads\/2024\/01\/Deucalion-16-1024x714.jpg 1024w, https:\/\/rnca.fccn.pt\/wp-content\/uploads\/2024\/01\/Deucalion-16-768x536.jpg 768w, https:\/\/rnca.fccn.pt\/wp-content\/uploads\/2024\/01\/Deucalion-16-1536x1072.jpg 1536w, https:\/\/rnca.fccn.pt\/wp-content\/uploads\/2024\/01\/Deucalion-16.jpg 1733w\" sizes=\"auto, (max-width: 300px) 100vw, 300px\" \/><\/figure>\n<\/div>\n\n\n<div style=\"height:44px\" aria-hidden=\"true\" class=\"wp-block-spacer\"><\/div>\n\n\n\n<h3 class=\"wp-block-heading\">Caracter\u00edsticas da plataforma de computa\u00e7\u00e3o avan\u00e7ada \u201cDeucalion\u201d:<\/h3>\n\n\n\n<ul class=\"wp-block-list\">\n<li>Operacional desde maio de 2024<\/li>\n\n\n\n<li>\u00c9 um sistema do EuroHPC <a id=\"_ftn1\" href=\"#_ftnref1\">[1]<\/a>  instalado em Portugal, com 65% da sua capacidade reservada para utiliza\u00e7\u00f5es nacionais.<\/li>\n\n\n\n<li>Servidores Fujitsu PRIMEHPC A64FX (ARM partition) e Servidores Atos Bull Sequana AMD EPYC (x86 partition) [Parti\u00e7\u00e3o Arm: 1.632 n\u00f3s com processadores Fujitsu ARM A64FX e Parti\u00e7\u00e3o x86: 500 n\u00f3s com processadores AMD EPYC plus]<\/li>\n\n\n\n<li>33 n\u00f3s com GPUs NVidia Ampere [17 n\u00f3s com 4 placas NVIDIA Ampere A100 40GB e 16 n\u00f3s com 4 placas NVIDIA Ampere A100 80GB]<\/li>\n\n\n\n<li>Storage com 430 TB High-speed NVMe partition e 10.6 PB high-speed based Parallel File System partition<\/li>\n\n\n\n<li>10 PFlop de capacidade m\u00e1xima de processamento<\/li>\n<\/ul>\n\n\n\n<hr class=\"wp-block-separator has-alpha-channel-opacity\"\/>\n\n\n\n<p><a id=\"_ftn1\" href=\"#_ftnref1\">[1]<\/a> <a href=\"https:\/\/eurohpc-ju.europa.eu\/supercomputers\/our-supercomputers_en#deucalion\" target=\"_blank\" rel=\"noreferrer noopener\">https:\/\/eurohpc-ju.europa.eu\/supercomputers\/our-supercomputers_en#deucalion<\/a><\/p>\n\n\n\n<div style=\"height:100px\" aria-hidden=\"true\" class=\"wp-block-spacer\"><\/div>\n","protected":false},"excerpt":{"rendered":"<p>Outros Concursos FCT Plataformas de computa\u00e7\u00e3o avan\u00e7ada a disponibilizar atrav\u00e9s dos concursos n\u00e3o-CPCA: Deucalion Caracter\u00edsticas da plataforma de computa\u00e7\u00e3o avan\u00e7ada \u201cDeucalion\u201d: [1] https:\/\/eurohpc-ju.europa.eu\/supercomputers\/our-supercomputers_en#deucalion<\/p>\n","protected":false},"author":2,"featured_media":0,"parent":0,"menu_order":0,"comment_status":"closed","ping_status":"closed","template":"","meta":{"inline_featured_image":false,"_monsterinsights_skip_tracking":false,"_monsterinsights_sitenote_active":false,"_monsterinsights_sitenote_note":"","_monsterinsights_sitenote_category":0,"footnotes":""},"class_list":["post-8429","page","type-page","status-publish","hentry"],"_links":{"self":[{"href":"https:\/\/rnca.fccn.pt\/en\/wp-json\/wp\/v2\/pages\/8429","targetHints":{"allow":["GET"]}}],"collection":[{"href":"https:\/\/rnca.fccn.pt\/en\/wp-json\/wp\/v2\/pages"}],"about":[{"href":"https:\/\/rnca.fccn.pt\/en\/wp-json\/wp\/v2\/types\/page"}],"author":[{"embeddable":true,"href":"https:\/\/rnca.fccn.pt\/en\/wp-json\/wp\/v2\/users\/2"}],"replies":[{"embeddable":true,"href":"https:\/\/rnca.fccn.pt\/en\/wp-json\/wp\/v2\/comments?post=8429"}],"version-history":[{"count":26,"href":"https:\/\/rnca.fccn.pt\/en\/wp-json\/wp\/v2\/pages\/8429\/revisions"}],"predecessor-version":[{"id":10391,"href":"https:\/\/rnca.fccn.pt\/en\/wp-json\/wp\/v2\/pages\/8429\/revisions\/10391"}],"wp:attachment":[{"href":"https:\/\/rnca.fccn.pt\/en\/wp-json\/wp\/v2\/media?parent=8429"}],"curies":[{"name":"wp","href":"https:\/\/api.w.org\/{rel}","templated":true}]}}