{"id":8756,"date":"2024-05-17T11:32:06","date_gmt":"2024-05-17T11:32:06","guid":{"rendered":"https:\/\/rnca.fccn.pt\/?page_id=8756"},"modified":"2025-05-14T15:09:11","modified_gmt":"2025-05-14T15:09:11","slug":"laboratorios","status":"publish","type":"page","link":"https:\/\/rnca.fccn.pt\/en\/acesso\/laboratorios\/","title":{"rendered":"Laboratories"},"content":{"rendered":"<div class=\"wp-block-image is-resized\">\n<figure class=\"aligncenter size-large\"><img loading=\"lazy\" decoding=\"async\" width=\"1024\" height=\"1024\" src=\"https:\/\/rnca.fccn.pt\/wp-content\/uploads\/2024\/05\/labs-1024x1024.jpg\" alt=\"icone labs\" class=\"wp-image-8758\" style=\"width:114px;height:auto\" srcset=\"https:\/\/rnca.fccn.pt\/wp-content\/uploads\/2024\/05\/labs-1024x1024.jpg 1024w, https:\/\/rnca.fccn.pt\/wp-content\/uploads\/2024\/05\/labs-300x300.jpg 300w, https:\/\/rnca.fccn.pt\/wp-content\/uploads\/2024\/05\/labs-150x150.jpg 150w, https:\/\/rnca.fccn.pt\/wp-content\/uploads\/2024\/05\/labs-768x768.jpg 768w, https:\/\/rnca.fccn.pt\/wp-content\/uploads\/2024\/05\/labs-1536x1536.jpg 1536w, https:\/\/rnca.fccn.pt\/wp-content\/uploads\/2024\/05\/labs-2048x2048.jpg 2048w\" sizes=\"auto, (max-width: 1024px) 100vw, 1024px\" \/><\/figure>\n<\/div>\n\n\n<div style=\"height:20px\" aria-hidden=\"true\" class=\"wp-block-spacer\"><\/div>\n\n\n\n<h2 class=\"wp-block-heading\" id=\"block-a63d33db-fab3-40be-91a9-a4212e896f87\"><strong><strong>Laboratories<\/strong><\/strong> <strong>virtual<\/strong><\/h2>\n\n\n\n<div style=\"height:30px\" aria-hidden=\"true\" class=\"wp-block-spacer\"><\/div>\n\n\n\n<p class=\"has-black-color has-text-color has-link-color wp-elements-07f7647dbbb062468992f8a8bc060b93\">With the aim of driving innovation in High Performance Computing (HPC), Artificial Intelligence (AI) and Quantum Computing, FCT is running three virtual laboratories.<\/p>\n\n\n\n<div style=\"height:12px\" aria-hidden=\"true\" class=\"wp-block-spacer\"><\/div>\n\n\n\n<div class=\"wp-block-columns is-layout-flex wp-container-core-columns-is-layout-9d6595d7 wp-block-columns-is-layout-flex\">\n<div class=\"wp-block-column is-layout-flow wp-block-column-is-layout-flow\" style=\"flex-basis:100%\">\n<div class=\"wp-block-media-text alignwide is-stacked-on-mobile is-vertically-aligned-center is-image-fill-element\" style=\"grid-template-columns:46% auto\"><figure class=\"wp-block-media-text__media\"><img loading=\"lazy\" decoding=\"async\" width=\"1024\" height=\"721\" src=\"https:\/\/rnca.fccn.pt\/wp-content\/uploads\/2024\/05\/HPC-vLab-1024x721.png\" alt=\"HPCvLAb - Laborat\u00f3rio virtual HPC\" class=\"wp-image-8871 size-full\" style=\"object-position:50% 50%\" srcset=\"https:\/\/rnca.fccn.pt\/wp-content\/uploads\/2024\/05\/HPC-vLab-1024x721.png 1024w, https:\/\/rnca.fccn.pt\/wp-content\/uploads\/2024\/05\/HPC-vLab-300x211.png 300w, https:\/\/rnca.fccn.pt\/wp-content\/uploads\/2024\/05\/HPC-vLab-768x541.png 768w, https:\/\/rnca.fccn.pt\/wp-content\/uploads\/2024\/05\/HPC-vLab-1536x1081.png 1536w, https:\/\/rnca.fccn.pt\/wp-content\/uploads\/2024\/05\/HPC-vLab-2048x1441.png 2048w\" sizes=\"auto, (max-width: 1024px) 100vw, 1024px\" \/><\/figure><div class=\"wp-block-media-text__content\">\n<h2 class=\"wp-block-heading\"><strong>HPCvLAB<\/strong><\/h2>\n\n\n\n<p class=\"has-text-color\" style=\"color:#000000;font-size:17px\"><em>HPC Virtual Lab <\/em><\/p>\n\n\n\n<p class=\"has-text-color\" style=\"color:#000000;font-size:14px\">This lab empowers potential future users by allowing them to explore and leverage the benefits of high-performance computing by providing an accessible and educational environment for users with no prior HPC experience. <\/p>\n\n\n\n<div class=\"wp-block-buttons is-layout-flex wp-block-buttons-is-layout-flex\">\n<div class=\"wp-block-button\"><a class=\"wp-block-button__link has-white-color has-text-color has-link-color wp-element-button\" href=\"https:\/\/rnca.fccn.pt\/en\/acesso\/laboratorios\/hpcvlab\/\" target=\"_blank\" rel=\"noreferrer noopener\">Learn more<\/a><\/div>\n<\/div>\n<\/div><\/div>\n\n\n\n<div style=\"height:65px\" aria-hidden=\"true\" class=\"wp-block-spacer\"><\/div>\n\n\n\n<div class=\"wp-block-media-text alignwide is-stacked-on-mobile is-vertically-aligned-center is-image-fill-element\" style=\"grid-template-columns:46% auto\"><figure class=\"wp-block-media-text__media\"><img loading=\"lazy\" decoding=\"async\" width=\"1024\" height=\"721\" src=\"https:\/\/rnca.fccn.pt\/wp-content\/uploads\/2024\/05\/AI-v-Lab-1024x721.png\" alt=\"AivLab - Laborat\u00f3rio Virtual Ai\" class=\"wp-image-8875 size-full\" style=\"object-position:50% 50%\" srcset=\"https:\/\/rnca.fccn.pt\/wp-content\/uploads\/2024\/05\/AI-v-Lab-1024x721.png 1024w, https:\/\/rnca.fccn.pt\/wp-content\/uploads\/2024\/05\/AI-v-Lab-300x211.png 300w, https:\/\/rnca.fccn.pt\/wp-content\/uploads\/2024\/05\/AI-v-Lab-768x541.png 768w, https:\/\/rnca.fccn.pt\/wp-content\/uploads\/2024\/05\/AI-v-Lab-1536x1081.png 1536w, https:\/\/rnca.fccn.pt\/wp-content\/uploads\/2024\/05\/AI-v-Lab-2048x1441.png 2048w\" sizes=\"auto, (max-width: 1024px) 100vw, 1024px\" \/><\/figure><div class=\"wp-block-media-text__content\">\n<h2 class=\"wp-block-heading\"><strong>AIvLAB @ Deucalion<\/strong><\/h2>\n\n\n\n<p class=\"has-text-color\" style=\"color:#000000;font-size:17px\"><em>Virtual Artificial Intelligence Laboratory<\/em><\/p>\n\n\n\n<p class=\"has-text-color translation-block\" style=\"color:#000000;font-size:14px\">Using Deucalion resources, this virtual AI laboratory aims to enhance the use of AI techniques in the research and innovation communities, offering resources and support for experimentation and development of AI and <em>Machine Learning<\/em> projects.<\/p>\n\n\n\n<div class=\"wp-block-buttons is-layout-flex wp-block-buttons-is-layout-flex\">\n<div class=\"wp-block-button\"><a class=\"wp-block-button__link has-white-color has-text-color has-link-color wp-element-button\" href=\"https:\/\/rnca.fccn.pt\/en\/acesso\/laboratorios\/aivlab\/\" target=\"_blank\" rel=\"noreferrer noopener\">Learn more<\/a><\/div>\n<\/div>\n<\/div><\/div>\n\n\n\n<div style=\"height:67px\" aria-hidden=\"true\" class=\"wp-block-spacer\"><\/div>\n\n\n\n<div class=\"wp-block-media-text alignwide is-stacked-on-mobile is-vertically-aligned-center is-image-fill-element\" style=\"grid-template-columns:46% auto\"><figure class=\"wp-block-media-text__media\"><img loading=\"lazy\" decoding=\"async\" width=\"800\" height=\"450\" src=\"https:\/\/rnca.fccn.pt\/wp-content\/uploads\/2025\/04\/image-1.png\" alt=\"\" class=\"wp-image-9896 size-full\" style=\"object-position:50% 50%\" srcset=\"https:\/\/rnca.fccn.pt\/wp-content\/uploads\/2025\/04\/image-1.png 800w, https:\/\/rnca.fccn.pt\/wp-content\/uploads\/2025\/04\/image-1-300x169.png 300w, https:\/\/rnca.fccn.pt\/wp-content\/uploads\/2025\/04\/image-1-768x432.png 768w\" sizes=\"auto, (max-width: 800px) 100vw, 800px\" \/><\/figure><div class=\"wp-block-media-text__content\">\n<h2 class=\"wp-block-heading\"><strong>QUANTUMvLAB @ Deucalion<\/strong><\/h2>\n\n\n\n<p class=\"has-text-color\" style=\"color:#000000;font-size:17px\"><em>Virtual Quantum Computing Laboratory<\/em><\/p>\n\n\n\n<p class=\"has-text-color\" style=\"color:#000000;font-size:14px\">With access to the quantum simulator installed at Deucalion, this virtual laboratory offers resources and support for experimentation and development of quantum computing projects.<\/p>\n\n\n\n<div class=\"wp-block-buttons is-layout-flex wp-block-buttons-is-layout-flex\">\n<div class=\"wp-block-button\"><a class=\"wp-block-button__link has-white-color has-text-color has-link-color wp-element-button\" href=\"https:\/\/rnca.fccn.pt\/en\/acesso\/laboratorios\/quantumvlab\/\" target=\"_blank\" rel=\"noreferrer noopener\">Learn more<\/a><\/div>\n<\/div>\n<\/div><\/div>\n<\/div>\n<\/div>\n\n\n\n<div style=\"height:103px\" aria-hidden=\"true\" class=\"wp-block-spacer\"><\/div>\n\n\n\n<p class=\"has-text-align-right\"><\/p>","protected":false},"excerpt":{"rendered":"<p>Com o objetivo de impulsionar a inova\u00e7\u00e3o em High Performance Computing (HPC) e em Intelig\u00eancia Artificial (IA) a RNCA lan\u00e7a dois laborat\u00f3rios virtuais.<\/p>","protected":false},"author":8,"featured_media":0,"parent":98,"menu_order":0,"comment_status":"closed","ping_status":"closed","template":"","meta":{"inline_featured_image":false,"_monsterinsights_skip_tracking":false,"_monsterinsights_sitenote_active":false,"_monsterinsights_sitenote_note":"","_monsterinsights_sitenote_category":0,"footnotes":""},"class_list":["post-8756","page","type-page","status-publish","hentry"],"_links":{"self":[{"href":"https:\/\/rnca.fccn.pt\/en\/wp-json\/wp\/v2\/pages\/8756","targetHints":{"allow":["GET"]}}],"collection":[{"href":"https:\/\/rnca.fccn.pt\/en\/wp-json\/wp\/v2\/pages"}],"about":[{"href":"https:\/\/rnca.fccn.pt\/en\/wp-json\/wp\/v2\/types\/page"}],"author":[{"embeddable":true,"href":"https:\/\/rnca.fccn.pt\/en\/wp-json\/wp\/v2\/users\/8"}],"replies":[{"embeddable":true,"href":"https:\/\/rnca.fccn.pt\/en\/wp-json\/wp\/v2\/comments?post=8756"}],"version-history":[{"count":25,"href":"https:\/\/rnca.fccn.pt\/en\/wp-json\/wp\/v2\/pages\/8756\/revisions"}],"predecessor-version":[{"id":9958,"href":"https:\/\/rnca.fccn.pt\/en\/wp-json\/wp\/v2\/pages\/8756\/revisions\/9958"}],"up":[{"embeddable":true,"href":"https:\/\/rnca.fccn.pt\/en\/wp-json\/wp\/v2\/pages\/98"}],"wp:attachment":[{"href":"https:\/\/rnca.fccn.pt\/en\/wp-json\/wp\/v2\/media?parent=8756"}],"curies":[{"name":"wp","href":"https:\/\/api.w.org\/{rel}","templated":true}]}}