{"id":879,"date":"2020-12-21T16:55:56","date_gmt":"2020-12-21T16:55:56","guid":{"rendered":"https:\/\/rnca.fccn.pt\/?page_id=879"},"modified":"2026-02-12T11:36:53","modified_gmt":"2026-02-12T11:36:53","slug":"documentacao","status":"publish","type":"page","link":"https:\/\/rnca.fccn.pt\/en\/documentacao\/","title":{"rendered":"Documents"},"content":{"rendered":"<div style=\"height:30px\" aria-hidden=\"true\" class=\"wp-block-spacer\"><\/div>\n\n\n\n<h2 class=\"wp-block-heading\"><mark style=\"background-color:rgba(0, 0, 0, 0)\" class=\"has-inline-color has-vivid-cyan-blue-color\"><strong>Administrative Documents<\/strong><\/mark><\/h2>\n\n\n\n<p><a href=\"https:\/\/incd.pt\/pages\/files\/organization\/CNCA_Estatutos.pdf\" target=\"_blank\" rel=\"noreferrer noopener\">Statutes of CNCA (National Center for Advanced Computing)<\/a><\/p>\n\n\n\n<p class=\"has-black-color has-text-color has-link-color wp-elements-ebc877369a3db2f960379123f497e104\"><a href=\"https:\/\/dre.pt\/web\/guest\/home\/-\/dre\/149532837\/details\/2\/maximized?serie=II&amp;parte_filter=31&amp;day=2020-11-25&amp;date=2020-11-01&amp;filtrar=Filtrar&amp;dreId=149532806\" data-type=\"URL\" data-id=\"https:\/\/dre.pt\/web\/guest\/home\/-\/dre\/149532837\/details\/2\/maximized?serie=II&amp;parte_filter=31&amp;day=2020-11-25&amp;date=2020-11-01&amp;filtrar=Filtrar&amp;dreId=149532806\" target=\"_blank\" rel=\"noreferrer noopener\">RNCA Internal Regulations \u2013 No. 1049\/2020<\/a><\/p>\n\n\n\n<p class=\"has-black-color has-text-color has-link-color wp-elements-1088b3ded6c146d19228a962c123e7bd\"><a rel=\"noreferrer noopener\" href=\"https:\/\/dre.pt\/application\/conteudo\/163697378\" target=\"_blank\">Annex to the RNCA Internal Regulations No. 1049\/2020<\/a><\/p>\n\n\n\n<p class=\"has-black-color has-text-color has-link-color wp-elements-bda4399d1cfdef7db92eb3aa2ab28956\"><a rel=\"noreferrer noopener\" href=\"https:\/\/files.dre.pt\/2s\/2022\/01\/004000000\/0013100139.pdf\" target=\"_blank\">Regulation No. 10\/2022 on Advanced Computing Projects<\/a>&nbsp;(replaces the previous one) <a href=\"https:\/\/dre.pt\/home\/-\/dre\/142597927\/details\/maximized?serie=II&amp;parte_filter=31&amp;dreId=142597924\" data-type=\"link\" data-id=\"https:\/\/dre.pt\/home\/-\/dre\/142597927\/details\/maximized?serie=II&amp;parte_filter=31&amp;dreId=142597924\">Regulation No. 772-A\/2020<\/a>)<\/p>\n\n\n\n<p class=\"has-black-color has-text-color has-link-color wp-elements-92b254c6d932afc59afc3ee9b4601586\"><a rel=\"noreferrer noopener\" href=\"https:\/\/rnca.fccn.pt\/wp-content\/uploads\/2022\/09\/ComposicaoPub_RNCA.pdf\" data-type=\"URL\" data-id=\"https:\/\/rnca.fccn.pt\/wp-content\/uploads\/2022\/09\/ComposicaoPub_RNCA.pdf\" target=\"_blank\">Constitution of the Coordination Council<\/a> (08.09.2022)<\/p>\n\n\n\n<p class=\"has-black-color has-text-color has-link-color wp-elements-b339c3a8e3b34f0d8e075d47647e5c6a\"><a href=\"https:\/\/rnca.fccn.pt\/wp-content\/uploads\/2023\/09\/Anexo03_politica-acesso-RNCA.pdf\" target=\"_blank\" rel=\"noreferrer noopener\">RNCA Access Policy<\/a><\/p>\n\n\n\n<p class=\"has-black-color has-text-color has-link-color wp-elements-00743d3798956517b3522f2e235d2784\"><a href=\"https:\/\/rnca.fccn.pt\/wp-content\/uploads\/2024\/06\/RNCA_GrupoTrabalho_Modelodecustos.pdf\">Analysis and Proposal Report \u2013 Cost Model<\/a> (enhancement of RNCA&#039;s computational capabilities)<\/p>\n\n\n\n<div class=\"wp-block-media-text is-stacked-on-mobile\" style=\"grid-template-columns:15% auto\"><figure class=\"wp-block-media-text__media\"><a href=\"https:\/\/rnca.fccn.pt\/wp-content\/uploads\/2024\/11\/RelatorioINCA.pdf\"><img loading=\"lazy\" decoding=\"async\" width=\"493\" height=\"700\" src=\"https:\/\/rnca.fccn.pt\/wp-content\/uploads\/2024\/11\/InCA.png\" alt=\"InCA\" class=\"wp-image-9433 size-full\" srcset=\"https:\/\/rnca.fccn.pt\/wp-content\/uploads\/2024\/11\/InCA.png 493w, https:\/\/rnca.fccn.pt\/wp-content\/uploads\/2024\/11\/InCA-211x300.png 211w\" sizes=\"auto, (max-width: 493px) 100vw, 493px\" \/><\/a><\/figure><div class=\"wp-block-media-text__content\">\n<p><a href=\"https:\/\/rnca.fccn.pt\/wp-content\/uploads\/2024\/11\/RelatorioINCA.pdf\" target=\"_blank\" rel=\"noreferrer noopener\">Report of the National Survey on Advanced Computing 2023 (INCA): Publication and analysis of results<\/a><\/p>\n<\/div><\/div>\n\n\n\n<div style=\"height:40px\" aria-hidden=\"true\" class=\"wp-block-spacer\"><\/div>\n\n\n\n<h2 class=\"wp-block-heading\"><mark style=\"background-color:rgba(0, 0, 0, 0)\" class=\"has-inline-color has-vivid-cyan-blue-color\"><strong>Strategy<\/strong><\/mark><\/h2>\n\n\n\n<p class=\"has-black-color has-text-color has-link-color wp-elements-ac109c2a206d523acdb51836c0ae108d\"><a rel=\"noreferrer noopener\" href=\"https:\/\/rnca.fccn.pt\/wp-content\/uploads\/2023\/01\/advanced-computing-portugal_2030-acp-2030-relatorio.pdf\" data-type=\"URL\" data-id=\"https:\/\/rnca.fccn.pt\/wp-content\/uploads\/2023\/01\/advanced-computing-portugal_2030-acp-2030-relatorio.pdf\" target=\"_blank\">National Strategy for Advanced Computing 2030<\/a><\/p>\n\n\n\n<div style=\"height:51px\" aria-hidden=\"true\" class=\"wp-block-spacer\"><\/div>\n\n\n\n<h2 class=\"wp-block-heading\"><mark style=\"background-color:rgba(0, 0, 0, 0)\" class=\"has-inline-color has-vivid-cyan-blue-color\"><strong>Reports and Activity Plans<\/strong><\/mark><\/h2>\n\n\n\n<h3 class=\"wp-block-heading\">2025<\/h3>\n\n\n\n<p><a href=\"https:\/\/rnca.fccn.pt\/wp-content\/uploads\/2025\/05\/PA2025_RNCA.pdf\" target=\"_blank\" rel=\"noreferrer noopener\">Activity Plan 2025<\/a><\/p>\n\n\n\n<p><a href=\"https:\/\/rnca.fccn.pt\/wp-content\/uploads\/2026\/02\/RelatorioEncontroCA2025_v3_site.pdf\" target=\"_blank\" rel=\"noreferrer noopener\">Event Report: Advanced Computing Meeting 2025<\/a><\/p>\n\n\n\n<h3 class=\"wp-block-heading\">2024<\/h3>\n\n\n\n<p><a href=\"https:\/\/rnca.fccn.pt\/wp-content\/uploads\/2024\/07\/PA_CA2024.pdf\" target=\"_blank\" rel=\"noreferrer noopener\">Activity Plan 2024<\/a><\/p>\n\n\n\n<p><a href=\"https:\/\/rnca.fccn.pt\/wp-content\/uploads\/2025\/05\/RelatoriodeAtividadesCA2024.pdf\" target=\"_blank\" rel=\"noreferrer noopener\">2024 Activity Report<\/a><\/p>\n\n\n\n<p><a href=\"https:\/\/rnca.fccn.pt\/wp-content\/uploads\/2025\/01\/RelatorioECA24.pdf\">Event Report: Advanced Computing Summit 2024<\/a><\/p>\n\n\n\n<h3 class=\"wp-block-heading\">2023<\/h3>\n\n\n\n<p><a href=\"https:\/\/rnca.fccn.pt\/wp-content\/uploads\/2023\/09\/Anexo01_PA2023.pdf\" target=\"_blank\" rel=\"noreferrer noopener\">2023 Activity Plan<\/a><\/p>\n\n\n\n<p><a href=\"https:\/\/rnca.fccn.pt\/wp-content\/uploads\/2024\/07\/RA_CA2023.pdf\" target=\"_blank\" rel=\"noreferrer noopener\">2023 Activity Report<\/a><\/p>\n\n\n\n<p><a href=\"https:\/\/rnca.fccn.pt\/wp-content\/uploads\/2024\/01\/RelatorioEncontroRNCA2023.pdf\">Event Report: RNCA Meeting 2023<\/a><\/p>\n\n\n\n<h3 class=\"wp-block-heading\">2022<\/h3>\n\n\n\n<p><a rel=\"noreferrer noopener\" href=\"https:\/\/rnca.fccn.pt\/wp-content\/uploads\/2022\/08\/PA_RNCA_2022.pdf\" data-type=\"URL\" data-id=\"https:\/\/rnca.fccn.pt\/wp-content\/uploads\/2022\/08\/PA_RNCA_2022.pdf\" target=\"_blank\">Activity Plan for 2022<\/a> <\/p>\n\n\n\n<p><a href=\"https:\/\/rnca.fccn.pt\/wp-content\/uploads\/2023\/03\/RelatorioEncontroRNCA2022.pdf\" data-type=\"URL\" data-id=\"https:\/\/rnca.fccn.pt\/wp-content\/uploads\/2023\/03\/RelatorioEncontroRNCA2022.pdf\">Event Report: RNCA Meeting 2022<\/a> <\/p>\n\n\n\n<p><a href=\"https:\/\/rnca.fccn.pt\/wp-content\/uploads\/2023\/09\/Anexo02_RA2022.pdf\">2022 Activity Report<\/a><\/p>\n\n\n\n<h3 class=\"wp-block-heading\">2021<\/h3>\n\n\n\n<p><a href=\"https:\/\/rnca.fccn.pt\/wp-content\/uploads\/2021\/06\/PA_CA2021_site.pdf\" data-type=\"URL\" data-id=\"https:\/\/rnca.fccn.pt\/wp-content\/uploads\/2021\/06\/PA_CA2021_site.pdf\">Activity Plan for 2021<\/a><\/p>\n\n\n\n<p><a href=\"https:\/\/rnca.fccn.pt\/wp-content\/uploads\/2022\/01\/2021_10_ENCONTRO-RNCA2021_Relatorio_CA_FCCN.pdf\" data-type=\"URL\" data-id=\"https:\/\/rnca.fccn.pt\/wp-content\/uploads\/2022\/01\/2021_10_ENCONTRO-RNCA2021_Relatorio_CA_FCCN.pdf\">Event Report: Meeting <\/a><a rel=\"noreferrer noopener\" href=\"https:\/\/rnca.fccn.pt\/wp-content\/uploads\/2022\/01\/2021_10_ENCONTRO-RNCA2021_Relatorio_CA_FCCN.pdf\" data-type=\"URL\" data-id=\"https:\/\/rnca.fccn.pt\/wp-content\/uploads\/2022\/01\/2021_10_ENCONTRO-RNCA2021_Relatorio_CA_FCCN.pdf\" target=\"_blank\">RNCA <\/a><a href=\"https:\/\/rnca.fccn.pt\/wp-content\/uploads\/2022\/01\/2021_10_ENCONTRO-RNCA2021_Relatorio_CA_FCCN.pdf\" data-type=\"URL\" data-id=\"https:\/\/rnca.fccn.pt\/wp-content\/uploads\/2022\/01\/2021_10_ENCONTRO-RNCA2021_Relatorio_CA_FCCN.pdf\">2021<\/a><\/p>\n\n\n\n<p><a rel=\"noreferrer noopener\" href=\"https:\/\/rnca.fccn.pt\/wp-content\/uploads\/2022\/07\/RA_CA_2021.pdf\" data-type=\"URL\" data-id=\"https:\/\/rnca.fccn.pt\/wp-content\/uploads\/2022\/07\/RA_CA_2021.pdf\" target=\"_blank\">2021 Activity Report<\/a><\/p>\n\n\n\n<h3 class=\"wp-block-heading\">2020<\/h3>\n\n\n\n<p><a rel=\"noreferrer noopener\" href=\"https:\/\/rnca.fccn.pt\/wp-content\/uploads\/2021\/03\/RA_RNCA_2020-1.pdf\" data-type=\"URL\" data-id=\"https:\/\/rnca.fccn.pt\/wp-content\/uploads\/2021\/03\/RA_RNCA_2020-1.pdf\" target=\"_blank\">2020 Activity Report<\/a><\/p>\n\n\n\n<div style=\"height:50px\" aria-hidden=\"true\" class=\"wp-block-spacer\"><\/div>\n\n\n\n<h2 class=\"wp-block-heading\"><mark style=\"background-color:rgba(0, 0, 0, 0)\" class=\"has-inline-color has-vivid-cyan-blue-color\"><strong>Call Reports<\/strong><\/mark><\/h2>\n\n\n\n<h3 class=\"wp-block-heading\">2024<\/h3>\n\n\n\n<p><a href=\"https:\/\/rnca.fccn.pt\/wp-content\/uploads\/2025\/03\/Relatorio_DSAIPA.pdf\" target=\"_blank\" rel=\"noreferrer noopener\">AI4COVID-19 Report \u2013 Data Science and Artificial Intelligence in Public Administration (DSAIPA2020) \u2013 3rd edition<\/a><\/p>\n\n\n\n<h3 class=\"wp-block-heading\">2023<\/h3>\n\n\n\n<p><a href=\"https:\/\/rnca.fccn.pt\/wp-content\/uploads\/2025\/03\/Relatorio_CPCA-IAC2023.pdf\" target=\"_blank\" rel=\"noreferrer noopener\">Report of the Advanced Computing Project Call: Artificial Intelligence in the Cloud \u2013 2nd edition<\/a><\/p>\n\n\n\n<h3 class=\"wp-block-heading\">2022<\/h3>\n\n\n\n<p><a href=\"https:\/\/rnca.fccn.pt\/wp-content\/uploads\/2024\/04\/Relatorio_final_CPCA-IAC2022.pdf\" target=\"_blank\" rel=\"noreferrer noopener\">Execution report of the Advanced Computing Project Call \u2013 Artificial Intelligence in the Cloud \u2013 1st edition (2022)<\/a><\/p>\n\n\n\n<h3 class=\"wp-block-heading\">2021<\/h3>\n\n\n\n<p><a href=\"https:\/\/rnca.fccn.pt\/wp-content\/uploads\/2024\/07\/Relatorio_final_CPCA2021.pdf\">Execution report of the Advanced Computing Project Competition \u2013 2nd edition (2021-2023)<\/a><\/p>\n\n\n\n<h3 class=\"wp-block-heading\">2020<\/h3>\n\n\n\n<p><a href=\"https:\/\/rnca.fccn.pt\/wp-content\/uploads\/2022\/04\/2021_Relatorio-CPCA2020.pdf\" target=\"_blank\" rel=\"noreferrer noopener\">Execution report of the Advanced Computing Project Call \u2013 1st edition (2020-2022)<\/a><\/p>\n\n\n\n<p><\/p>\n\n\n\n<div style=\"height:54px\" aria-hidden=\"true\" class=\"wp-block-spacer\"><\/div>\n\n\n\n<h2 class=\"wp-block-heading\"><mark style=\"background-color:rgba(0, 0, 0, 0)\" class=\"has-inline-color has-vivid-cyan-blue-color\"><strong>Framing documents<\/strong><\/mark><\/h2>\n\n\n\n<p><a rel=\"noreferrer noopener\" href=\"https:\/\/dre.pt\/application\/conteudo\/163442507\" data-type=\"URL\" data-id=\"https:\/\/dre.pt\/application\/conteudo\/163442507\" target=\"_blank\">Council of Ministers Resolution No. 60\/2021<\/a> which promotes Portugal&#039;s involvement in European initiatives in advanced computing<\/p>\n\n\n\n<p><a rel=\"noreferrer noopener\" href=\"https:\/\/dre.pt\/home\/-\/dre\/122109185\/details\/maximized\" target=\"_blank\">Order No. 4157\/2019<\/a> which updates the National Roadmap for Research Infrastructures of Strategic Interest (RNIE) with the RNCA<\/p>\n\n\n\n<p><a rel=\"noreferrer noopener\" href=\"https:\/\/dre.pt\/home\/-\/dre\/114832288\/details\/maximized\" target=\"_blank\">Council of Ministers Resolution No. 26\/2018 <\/a>which approves the \u201cNational Digital Skills Initiative e.2030 \u2013 INCoDe.2030\u201d, and which includes RNCA in axis 5 \u2013 Research<\/p>\n\n\n\n<p><a rel=\"noreferrer noopener\" href=\"https:\/\/rnca.fccn.pt\/wp-content\/uploads\/2023\/01\/Minho_Manifesto_HPC.pdf\" data-type=\"URL\" data-id=\"https:\/\/rnca.fccn.pt\/wp-content\/uploads\/2023\/01\/Minho_Manifesto_HPC.pdf\" target=\"_blank\">Minho Manifesto on European High Performance \u2013 Informatics for Science and Innovation<\/a> (English version)<\/p>\n\n\n\n<p class=\"translation-block\"><a rel=\"noreferrer noopener\" href=\"https:\/\/rnca.fccn.pt\/wp-content\/uploads\/2023\/01\/signed_hpc_declaration_rome_23_march_2017_43815.pdf\" data-type=\"URL\" data-id=\"https:\/\/rnca.fccn.pt\/wp-content\/uploads\/2023\/01\/signed_hpc_declaration_rome_23_march_2017_43815.pdf\" target=\"_blank\">Rome Declaration<\/a> of 23 March 2017 on HPC in Europe<\/p>\n\n\n\n<div style=\"height:33px\" aria-hidden=\"true\" class=\"wp-block-spacer\"><\/div>\n\n\n\n<h2 class=\"wp-block-heading\"><strong><span class=\"has-inline-color has-vivid-cyan-blue-color\">International documents<\/span><\/strong><\/h2>\n\n\n\n<p><a href=\"https:\/\/eurohpc-ju.europa.eu\/access-our-supercomputers\/access-policy-and-faq_en\" type=\"link\" id=\"https:\/\/eurohpc-ju.europa.eu\/system\/files\/2022-03\/EuroHPC%20JU%20Decision%2025.2021%20-%20Access%20policy.%20First%20amendment.pdf\" target=\"_blank\" rel=\"noreferrer noopener\">EuroHPC Access Policy<\/a><\/p>\n\n\n\n<p class=\"translation-block\">List of the best Supercomputers in the World <a rel=\"noreferrer noopener\" href=\"https:\/\/www.top500.org\/\" target=\"_blank\">TOP500 &amp; TOPGREEN500<\/a><\/p>\n\n\n\n<div style=\"height:100px\" aria-hidden=\"true\" class=\"wp-block-spacer\"><\/div>","protected":false},"excerpt":{"rendered":"<p>Documentos Administrativos Estatutos do CNCA (Centro Nacional de Computa\u00e7\u00e3o Avan\u00e7ada) Regulamento Interno da RNCA &#8211; n.\u00ba 1049\/2020 Anexo ao Regulamento interno da RNCA n.\u00ba 1049\/2020 Regulamento n\u00ba10\/2022 de Projetos de &#8230;<\/p>","protected":false},"author":2,"featured_media":0,"parent":0,"menu_order":0,"comment_status":"closed","ping_status":"closed","template":"","meta":{"inline_featured_image":false,"_monsterinsights_skip_tracking":false,"_monsterinsights_sitenote_active":false,"_monsterinsights_sitenote_note":"","_monsterinsights_sitenote_category":0,"footnotes":""},"class_list":["post-879","page","type-page","status-publish","hentry"],"_links":{"self":[{"href":"https:\/\/rnca.fccn.pt\/en\/wp-json\/wp\/v2\/pages\/879","targetHints":{"allow":["GET"]}}],"collection":[{"href":"https:\/\/rnca.fccn.pt\/en\/wp-json\/wp\/v2\/pages"}],"about":[{"href":"https:\/\/rnca.fccn.pt\/en\/wp-json\/wp\/v2\/types\/page"}],"author":[{"embeddable":true,"href":"https:\/\/rnca.fccn.pt\/en\/wp-json\/wp\/v2\/users\/2"}],"replies":[{"embeddable":true,"href":"https:\/\/rnca.fccn.pt\/en\/wp-json\/wp\/v2\/comments?post=879"}],"version-history":[{"count":89,"href":"https:\/\/rnca.fccn.pt\/en\/wp-json\/wp\/v2\/pages\/879\/revisions"}],"predecessor-version":[{"id":10664,"href":"https:\/\/rnca.fccn.pt\/en\/wp-json\/wp\/v2\/pages\/879\/revisions\/10664"}],"wp:attachment":[{"href":"https:\/\/rnca.fccn.pt\/en\/wp-json\/wp\/v2\/media?parent=879"}],"curies":[{"name":"wp","href":"https:\/\/api.w.org\/{rel}","templated":true}]}}