{"id":9469,"date":"2024-12-02T19:21:05","date_gmt":"2024-12-02T19:21:05","guid":{"rendered":"https:\/\/rnca.fccn.pt\/?page_id=9469"},"modified":"2024-12-02T19:21:06","modified_gmt":"2024-12-02T19:21:06","slug":"galeria-de-fotos-4o-encontro-de-computacao-avancada","status":"publish","type":"page","link":"https:\/\/rnca.fccn.pt\/en\/galeria-de-fotos-4o-encontro-de-computacao-avancada\/","title":{"rendered":"Photo Gallery 4th Advanced Computing Meeting"},"content":{"rendered":"<p>UBI, November 5th and 6th, 2024<\/p>\n\n\n\n<figure class=\"wp-block-gallery has-nested-images columns-default is-cropped wp-block-gallery-2 is-layout-flex wp-block-gallery-is-layout-flex\">\n<figure class=\"wp-block-image size-large\"><img loading=\"lazy\" decoding=\"async\" width=\"1024\" height=\"683\" data-id=\"9472\" src=\"https:\/\/rnca.fccn.pt\/wp-content\/uploads\/2024\/12\/BA5A5959-1024x683.jpg\" alt=\"Galeria de Fotos4\u00ba Encontro de Computa\u00e7\u00e3o Avan\u00e7ada\" class=\"wp-image-9472\" srcset=\"https:\/\/rnca.fccn.pt\/wp-content\/uploads\/2024\/12\/BA5A5959-1024x683.jpg 1024w, https:\/\/rnca.fccn.pt\/wp-content\/uploads\/2024\/12\/BA5A5959-300x200.jpg 300w, https:\/\/rnca.fccn.pt\/wp-content\/uploads\/2024\/12\/BA5A5959-768x512.jpg 768w, https:\/\/rnca.fccn.pt\/wp-content\/uploads\/2024\/12\/BA5A5959-1536x1024.jpg 1536w, https:\/\/rnca.fccn.pt\/wp-content\/uploads\/2024\/12\/BA5A5959-2048x1365.jpg 2048w\" sizes=\"auto, (max-width: 1024px) 100vw, 1024px\" \/><\/figure>\n\n\n\n<figure class=\"wp-block-image size-large\"><img loading=\"lazy\" decoding=\"async\" width=\"1024\" height=\"683\" data-id=\"9477\" src=\"https:\/\/rnca.fccn.pt\/wp-content\/uploads\/2024\/12\/BA5A5985-1024x683.jpg\" alt=\"\" class=\"wp-image-9477\" srcset=\"https:\/\/rnca.fccn.pt\/wp-content\/uploads\/2024\/12\/BA5A5985-1024x683.jpg 1024w, https:\/\/rnca.fccn.pt\/wp-content\/uploads\/2024\/12\/BA5A5985-300x200.jpg 300w, https:\/\/rnca.fccn.pt\/wp-content\/uploads\/2024\/12\/BA5A5985-768x512.jpg 768w, https:\/\/rnca.fccn.pt\/wp-content\/uploads\/2024\/12\/BA5A5985-1536x1024.jpg 1536w, https:\/\/rnca.fccn.pt\/wp-content\/uploads\/2024\/12\/BA5A5985-2048x1365.jpg 2048w\" sizes=\"auto, (max-width: 1024px) 100vw, 1024px\" \/><\/figure>\n\n\n\n<figure class=\"wp-block-image size-large\"><img loading=\"lazy\" decoding=\"async\" width=\"1024\" height=\"683\" data-id=\"9473\" src=\"https:\/\/rnca.fccn.pt\/wp-content\/uploads\/2024\/12\/BA5A6089-1024x683.jpg\" alt=\"\" class=\"wp-image-9473\" srcset=\"https:\/\/rnca.fccn.pt\/wp-content\/uploads\/2024\/12\/BA5A6089-1024x683.jpg 1024w, https:\/\/rnca.fccn.pt\/wp-content\/uploads\/2024\/12\/BA5A6089-300x200.jpg 300w, https:\/\/rnca.fccn.pt\/wp-content\/uploads\/2024\/12\/BA5A6089-768x512.jpg 768w, https:\/\/rnca.fccn.pt\/wp-content\/uploads\/2024\/12\/BA5A6089-1536x1024.jpg 1536w, https:\/\/rnca.fccn.pt\/wp-content\/uploads\/2024\/12\/BA5A6089-2048x1365.jpg 2048w\" sizes=\"auto, (max-width: 1024px) 100vw, 1024px\" \/><\/figure>\n\n\n\n<figure class=\"wp-block-image size-large\"><img loading=\"lazy\" decoding=\"async\" width=\"1024\" height=\"683\" data-id=\"9475\" src=\"https:\/\/rnca.fccn.pt\/wp-content\/uploads\/2024\/12\/BA5A6101-1024x683.jpg\" alt=\"\" class=\"wp-image-9475\" srcset=\"https:\/\/rnca.fccn.pt\/wp-content\/uploads\/2024\/12\/BA5A6101-1024x683.jpg 1024w, https:\/\/rnca.fccn.pt\/wp-content\/uploads\/2024\/12\/BA5A6101-300x200.jpg 300w, https:\/\/rnca.fccn.pt\/wp-content\/uploads\/2024\/12\/BA5A6101-768x512.jpg 768w, https:\/\/rnca.fccn.pt\/wp-content\/uploads\/2024\/12\/BA5A6101-1536x1024.jpg 1536w, https:\/\/rnca.fccn.pt\/wp-content\/uploads\/2024\/12\/BA5A6101-2048x1365.jpg 2048w\" sizes=\"auto, (max-width: 1024px) 100vw, 1024px\" \/><\/figure>\n\n\n\n<figure class=\"wp-block-image size-large\"><img loading=\"lazy\" decoding=\"async\" width=\"1024\" height=\"683\" data-id=\"9474\" src=\"https:\/\/rnca.fccn.pt\/wp-content\/uploads\/2024\/12\/BA5A6104-1024x683.jpg\" alt=\"\" class=\"wp-image-9474\" srcset=\"https:\/\/rnca.fccn.pt\/wp-content\/uploads\/2024\/12\/BA5A6104-1024x683.jpg 1024w, https:\/\/rnca.fccn.pt\/wp-content\/uploads\/2024\/12\/BA5A6104-300x200.jpg 300w, https:\/\/rnca.fccn.pt\/wp-content\/uploads\/2024\/12\/BA5A6104-768x512.jpg 768w, https:\/\/rnca.fccn.pt\/wp-content\/uploads\/2024\/12\/BA5A6104-1536x1024.jpg 1536w, https:\/\/rnca.fccn.pt\/wp-content\/uploads\/2024\/12\/BA5A6104-2048x1365.jpg 2048w\" sizes=\"auto, (max-width: 1024px) 100vw, 1024px\" \/><\/figure>\n\n\n\n<figure class=\"wp-block-image size-large\"><img loading=\"lazy\" decoding=\"async\" width=\"1024\" height=\"683\" data-id=\"9476\" src=\"https:\/\/rnca.fccn.pt\/wp-content\/uploads\/2024\/12\/BA5A6114-1024x683.jpg\" alt=\"\" class=\"wp-image-9476\" srcset=\"https:\/\/rnca.fccn.pt\/wp-content\/uploads\/2024\/12\/BA5A6114-1024x683.jpg 1024w, https:\/\/rnca.fccn.pt\/wp-content\/uploads\/2024\/12\/BA5A6114-300x200.jpg 300w, https:\/\/rnca.fccn.pt\/wp-content\/uploads\/2024\/12\/BA5A6114-768x512.jpg 768w, https:\/\/rnca.fccn.pt\/wp-content\/uploads\/2024\/12\/BA5A6114-1536x1024.jpg 1536w, https:\/\/rnca.fccn.pt\/wp-content\/uploads\/2024\/12\/BA5A6114-2048x1365.jpg 2048w\" sizes=\"auto, (max-width: 1024px) 100vw, 1024px\" \/><\/figure>\n\n\n\n<figure class=\"wp-block-image size-large\"><img loading=\"lazy\" decoding=\"async\" width=\"1024\" height=\"683\" data-id=\"9480\" src=\"https:\/\/rnca.fccn.pt\/wp-content\/uploads\/2024\/12\/BA5A6124-1024x683.jpg\" alt=\"\" class=\"wp-image-9480\" srcset=\"https:\/\/rnca.fccn.pt\/wp-content\/uploads\/2024\/12\/BA5A6124-1024x683.jpg 1024w, https:\/\/rnca.fccn.pt\/wp-content\/uploads\/2024\/12\/BA5A6124-300x200.jpg 300w, https:\/\/rnca.fccn.pt\/wp-content\/uploads\/2024\/12\/BA5A6124-768x512.jpg 768w, https:\/\/rnca.fccn.pt\/wp-content\/uploads\/2024\/12\/BA5A6124-1536x1024.jpg 1536w, https:\/\/rnca.fccn.pt\/wp-content\/uploads\/2024\/12\/BA5A6124-2048x1365.jpg 2048w\" sizes=\"auto, (max-width: 1024px) 100vw, 1024px\" \/><\/figure>\n\n\n\n<figure class=\"wp-block-image size-large\"><img loading=\"lazy\" decoding=\"async\" width=\"1024\" height=\"683\" data-id=\"9478\" src=\"https:\/\/rnca.fccn.pt\/wp-content\/uploads\/2024\/12\/BA5A6128-1024x683.jpg\" alt=\"\" class=\"wp-image-9478\" srcset=\"https:\/\/rnca.fccn.pt\/wp-content\/uploads\/2024\/12\/BA5A6128-1024x683.jpg 1024w, https:\/\/rnca.fccn.pt\/wp-content\/uploads\/2024\/12\/BA5A6128-300x200.jpg 300w, https:\/\/rnca.fccn.pt\/wp-content\/uploads\/2024\/12\/BA5A6128-768x512.jpg 768w, https:\/\/rnca.fccn.pt\/wp-content\/uploads\/2024\/12\/BA5A6128-1536x1024.jpg 1536w, https:\/\/rnca.fccn.pt\/wp-content\/uploads\/2024\/12\/BA5A6128-2048x1365.jpg 2048w\" sizes=\"auto, (max-width: 1024px) 100vw, 1024px\" \/><\/figure>\n\n\n\n<figure class=\"wp-block-image size-large\"><img loading=\"lazy\" decoding=\"async\" width=\"1024\" height=\"683\" data-id=\"9479\" src=\"https:\/\/rnca.fccn.pt\/wp-content\/uploads\/2024\/12\/BA5A6140-1024x683.jpg\" alt=\"\" class=\"wp-image-9479\" srcset=\"https:\/\/rnca.fccn.pt\/wp-content\/uploads\/2024\/12\/BA5A6140-1024x683.jpg 1024w, https:\/\/rnca.fccn.pt\/wp-content\/uploads\/2024\/12\/BA5A6140-300x200.jpg 300w, https:\/\/rnca.fccn.pt\/wp-content\/uploads\/2024\/12\/BA5A6140-768x512.jpg 768w, https:\/\/rnca.fccn.pt\/wp-content\/uploads\/2024\/12\/BA5A6140-1536x1024.jpg 1536w, https:\/\/rnca.fccn.pt\/wp-content\/uploads\/2024\/12\/BA5A6140-2048x1365.jpg 2048w\" sizes=\"auto, (max-width: 1024px) 100vw, 1024px\" \/><\/figure>\n\n\n\n<figure class=\"wp-block-image size-large\"><img loading=\"lazy\" decoding=\"async\" width=\"1024\" height=\"683\" data-id=\"9481\" src=\"https:\/\/rnca.fccn.pt\/wp-content\/uploads\/2024\/12\/BA5A6145-1024x683.jpg\" alt=\"\" class=\"wp-image-9481\" srcset=\"https:\/\/rnca.fccn.pt\/wp-content\/uploads\/2024\/12\/BA5A6145-1024x683.jpg 1024w, https:\/\/rnca.fccn.pt\/wp-content\/uploads\/2024\/12\/BA5A6145-300x200.jpg 300w, https:\/\/rnca.fccn.pt\/wp-content\/uploads\/2024\/12\/BA5A6145-768x512.jpg 768w, https:\/\/rnca.fccn.pt\/wp-content\/uploads\/2024\/12\/BA5A6145-1536x1024.jpg 1536w, https:\/\/rnca.fccn.pt\/wp-content\/uploads\/2024\/12\/BA5A6145-2048x1365.jpg 2048w\" sizes=\"auto, (max-width: 1024px) 100vw, 1024px\" \/><\/figure>\n\n\n\n<figure class=\"wp-block-image size-large\"><img loading=\"lazy\" decoding=\"async\" width=\"1024\" height=\"683\" data-id=\"9482\" src=\"https:\/\/rnca.fccn.pt\/wp-content\/uploads\/2024\/12\/BA5A6158-1024x683.jpg\" alt=\"\" class=\"wp-image-9482\" srcset=\"https:\/\/rnca.fccn.pt\/wp-content\/uploads\/2024\/12\/BA5A6158-1024x683.jpg 1024w, https:\/\/rnca.fccn.pt\/wp-content\/uploads\/2024\/12\/BA5A6158-300x200.jpg 300w, https:\/\/rnca.fccn.pt\/wp-content\/uploads\/2024\/12\/BA5A6158-768x512.jpg 768w, https:\/\/rnca.fccn.pt\/wp-content\/uploads\/2024\/12\/BA5A6158-1536x1024.jpg 1536w, https:\/\/rnca.fccn.pt\/wp-content\/uploads\/2024\/12\/BA5A6158-2048x1365.jpg 2048w\" sizes=\"auto, (max-width: 1024px) 100vw, 1024px\" \/><\/figure>\n\n\n\n<figure class=\"wp-block-image size-large\"><img loading=\"lazy\" decoding=\"async\" width=\"1024\" height=\"683\" data-id=\"9483\" src=\"https:\/\/rnca.fccn.pt\/wp-content\/uploads\/2024\/12\/BA5A6169-1024x683.jpg\" alt=\"\" class=\"wp-image-9483\" srcset=\"https:\/\/rnca.fccn.pt\/wp-content\/uploads\/2024\/12\/BA5A6169-1024x683.jpg 1024w, https:\/\/rnca.fccn.pt\/wp-content\/uploads\/2024\/12\/BA5A6169-300x200.jpg 300w, https:\/\/rnca.fccn.pt\/wp-content\/uploads\/2024\/12\/BA5A6169-768x512.jpg 768w, https:\/\/rnca.fccn.pt\/wp-content\/uploads\/2024\/12\/BA5A6169-1536x1024.jpg 1536w, https:\/\/rnca.fccn.pt\/wp-content\/uploads\/2024\/12\/BA5A6169-2048x1365.jpg 2048w\" sizes=\"auto, (max-width: 1024px) 100vw, 1024px\" \/><\/figure>\n\n\n\n<figure class=\"wp-block-image size-large\"><img loading=\"lazy\" decoding=\"async\" width=\"1024\" height=\"683\" data-id=\"9484\" src=\"https:\/\/rnca.fccn.pt\/wp-content\/uploads\/2024\/12\/BA5A6171-1024x683.jpg\" alt=\"\" class=\"wp-image-9484\" srcset=\"https:\/\/rnca.fccn.pt\/wp-content\/uploads\/2024\/12\/BA5A6171-1024x683.jpg 1024w, https:\/\/rnca.fccn.pt\/wp-content\/uploads\/2024\/12\/BA5A6171-300x200.jpg 300w, https:\/\/rnca.fccn.pt\/wp-content\/uploads\/2024\/12\/BA5A6171-768x512.jpg 768w, https:\/\/rnca.fccn.pt\/wp-content\/uploads\/2024\/12\/BA5A6171-1536x1024.jpg 1536w, https:\/\/rnca.fccn.pt\/wp-content\/uploads\/2024\/12\/BA5A6171-2048x1365.jpg 2048w\" sizes=\"auto, (max-width: 1024px) 100vw, 1024px\" \/><\/figure>\n\n\n\n<figure class=\"wp-block-image size-large\"><img loading=\"lazy\" decoding=\"async\" width=\"1024\" height=\"683\" data-id=\"9486\" src=\"https:\/\/rnca.fccn.pt\/wp-content\/uploads\/2024\/12\/BA5A6173-1024x683.jpg\" alt=\"\" class=\"wp-image-9486\" srcset=\"https:\/\/rnca.fccn.pt\/wp-content\/uploads\/2024\/12\/BA5A6173-1024x683.jpg 1024w, https:\/\/rnca.fccn.pt\/wp-content\/uploads\/2024\/12\/BA5A6173-300x200.jpg 300w, https:\/\/rnca.fccn.pt\/wp-content\/uploads\/2024\/12\/BA5A6173-768x512.jpg 768w, https:\/\/rnca.fccn.pt\/wp-content\/uploads\/2024\/12\/BA5A6173-1536x1024.jpg 1536w, https:\/\/rnca.fccn.pt\/wp-content\/uploads\/2024\/12\/BA5A6173-2048x1365.jpg 2048w\" sizes=\"auto, (max-width: 1024px) 100vw, 1024px\" \/><\/figure>\n\n\n\n<figure class=\"wp-block-image size-large\"><img loading=\"lazy\" decoding=\"async\" width=\"1024\" height=\"683\" data-id=\"9485\" src=\"https:\/\/rnca.fccn.pt\/wp-content\/uploads\/2024\/12\/BA5A6175-1024x683.jpg\" alt=\"\" class=\"wp-image-9485\" srcset=\"https:\/\/rnca.fccn.pt\/wp-content\/uploads\/2024\/12\/BA5A6175-1024x683.jpg 1024w, https:\/\/rnca.fccn.pt\/wp-content\/uploads\/2024\/12\/BA5A6175-300x200.jpg 300w, https:\/\/rnca.fccn.pt\/wp-content\/uploads\/2024\/12\/BA5A6175-768x512.jpg 768w, https:\/\/rnca.fccn.pt\/wp-content\/uploads\/2024\/12\/BA5A6175-1536x1024.jpg 1536w, https:\/\/rnca.fccn.pt\/wp-content\/uploads\/2024\/12\/BA5A6175-2048x1365.jpg 2048w\" sizes=\"auto, (max-width: 1024px) 100vw, 1024px\" \/><\/figure>\n\n\n\n<figure class=\"wp-block-image size-large\"><img loading=\"lazy\" decoding=\"async\" width=\"1024\" height=\"683\" data-id=\"9487\" src=\"https:\/\/rnca.fccn.pt\/wp-content\/uploads\/2024\/12\/BA5A6176-1024x683.jpg\" alt=\"\" class=\"wp-image-9487\" srcset=\"https:\/\/rnca.fccn.pt\/wp-content\/uploads\/2024\/12\/BA5A6176-1024x683.jpg 1024w, https:\/\/rnca.fccn.pt\/wp-content\/uploads\/2024\/12\/BA5A6176-300x200.jpg 300w, https:\/\/rnca.fccn.pt\/wp-content\/uploads\/2024\/12\/BA5A6176-768x512.jpg 768w, https:\/\/rnca.fccn.pt\/wp-content\/uploads\/2024\/12\/BA5A6176-1536x1024.jpg 1536w, https:\/\/rnca.fccn.pt\/wp-content\/uploads\/2024\/12\/BA5A6176-2048x1365.jpg 2048w\" sizes=\"auto, (max-width: 1024px) 100vw, 1024px\" \/><\/figure>\n\n\n\n<figure class=\"wp-block-image size-large\"><img loading=\"lazy\" decoding=\"async\" width=\"1024\" height=\"683\" data-id=\"9488\" src=\"https:\/\/rnca.fccn.pt\/wp-content\/uploads\/2024\/12\/BA5A6180-1024x683.jpg\" alt=\"\" class=\"wp-image-9488\" srcset=\"https:\/\/rnca.fccn.pt\/wp-content\/uploads\/2024\/12\/BA5A6180-1024x683.jpg 1024w, https:\/\/rnca.fccn.pt\/wp-content\/uploads\/2024\/12\/BA5A6180-300x200.jpg 300w, https:\/\/rnca.fccn.pt\/wp-content\/uploads\/2024\/12\/BA5A6180-768x512.jpg 768w, https:\/\/rnca.fccn.pt\/wp-content\/uploads\/2024\/12\/BA5A6180-1536x1024.jpg 1536w, https:\/\/rnca.fccn.pt\/wp-content\/uploads\/2024\/12\/BA5A6180-2048x1365.jpg 2048w\" sizes=\"auto, (max-width: 1024px) 100vw, 1024px\" \/><\/figure>\n\n\n\n<figure class=\"wp-block-image size-large\"><img loading=\"lazy\" decoding=\"async\" width=\"1024\" height=\"683\" data-id=\"9489\" src=\"https:\/\/rnca.fccn.pt\/wp-content\/uploads\/2024\/12\/BA5A6194-1024x683.jpg\" alt=\"\" class=\"wp-image-9489\" srcset=\"https:\/\/rnca.fccn.pt\/wp-content\/uploads\/2024\/12\/BA5A6194-1024x683.jpg 1024w, https:\/\/rnca.fccn.pt\/wp-content\/uploads\/2024\/12\/BA5A6194-300x200.jpg 300w, https:\/\/rnca.fccn.pt\/wp-content\/uploads\/2024\/12\/BA5A6194-768x512.jpg 768w, https:\/\/rnca.fccn.pt\/wp-content\/uploads\/2024\/12\/BA5A6194-1536x1024.jpg 1536w, https:\/\/rnca.fccn.pt\/wp-content\/uploads\/2024\/12\/BA5A6194-2048x1365.jpg 2048w\" sizes=\"auto, (max-width: 1024px) 100vw, 1024px\" \/><\/figure>\n\n\n\n<figure class=\"wp-block-image size-large\"><img loading=\"lazy\" decoding=\"async\" width=\"1024\" height=\"683\" data-id=\"9490\" src=\"https:\/\/rnca.fccn.pt\/wp-content\/uploads\/2024\/12\/BA5A6200-1024x683.jpg\" alt=\"\" class=\"wp-image-9490\" srcset=\"https:\/\/rnca.fccn.pt\/wp-content\/uploads\/2024\/12\/BA5A6200-1024x683.jpg 1024w, https:\/\/rnca.fccn.pt\/wp-content\/uploads\/2024\/12\/BA5A6200-300x200.jpg 300w, https:\/\/rnca.fccn.pt\/wp-content\/uploads\/2024\/12\/BA5A6200-768x512.jpg 768w, https:\/\/rnca.fccn.pt\/wp-content\/uploads\/2024\/12\/BA5A6200-1536x1024.jpg 1536w, https:\/\/rnca.fccn.pt\/wp-content\/uploads\/2024\/12\/BA5A6200-2048x1365.jpg 2048w\" sizes=\"auto, (max-width: 1024px) 100vw, 1024px\" \/><\/figure>\n\n\n\n\n\n<figure class=\"wp-block-image size-large\"><img loading=\"lazy\" decoding=\"async\" width=\"1024\" height=\"683\" data-id=\"9491\" src=\"https:\/\/rnca.fccn.pt\/wp-content\/uploads\/2024\/12\/BA5A6252-1024x683.jpg\" alt=\"\" class=\"wp-image-9491\" srcset=\"https:\/\/rnca.fccn.pt\/wp-content\/uploads\/2024\/12\/BA5A6252-1024x683.jpg 1024w, https:\/\/rnca.fccn.pt\/wp-content\/uploads\/2024\/12\/BA5A6252-300x200.jpg 300w, https:\/\/rnca.fccn.pt\/wp-content\/uploads\/2024\/12\/BA5A6252-768x512.jpg 768w, https:\/\/rnca.fccn.pt\/wp-content\/uploads\/2024\/12\/BA5A6252-1536x1024.jpg 1536w, https:\/\/rnca.fccn.pt\/wp-content\/uploads\/2024\/12\/BA5A6252-2048x1365.jpg 2048w\" sizes=\"auto, (max-width: 1024px) 100vw, 1024px\" \/><\/figure>\n<\/figure>","protected":false},"excerpt":{"rendered":"<p>UBI, November 5th and 6th, 2024<\/p>","protected":false},"author":8,"featured_media":0,"parent":0,"menu_order":0,"comment_status":"closed","ping_status":"closed","template":"","meta":{"inline_featured_image":false,"_monsterinsights_skip_tracking":false,"_monsterinsights_sitenote_active":false,"_monsterinsights_sitenote_note":"","_monsterinsights_sitenote_category":0,"footnotes":""},"class_list":["post-9469","page","type-page","status-publish","hentry"],"_links":{"self":[{"href":"https:\/\/rnca.fccn.pt\/en\/wp-json\/wp\/v2\/pages\/9469","targetHints":{"allow":["GET"]}}],"collection":[{"href":"https:\/\/rnca.fccn.pt\/en\/wp-json\/wp\/v2\/pages"}],"about":[{"href":"https:\/\/rnca.fccn.pt\/en\/wp-json\/wp\/v2\/types\/page"}],"author":[{"embeddable":true,"href":"https:\/\/rnca.fccn.pt\/en\/wp-json\/wp\/v2\/users\/8"}],"replies":[{"embeddable":true,"href":"https:\/\/rnca.fccn.pt\/en\/wp-json\/wp\/v2\/comments?post=9469"}],"version-history":[{"count":1,"href":"https:\/\/rnca.fccn.pt\/en\/wp-json\/wp\/v2\/pages\/9469\/revisions"}],"predecessor-version":[{"id":9492,"href":"https:\/\/rnca.fccn.pt\/en\/wp-json\/wp\/v2\/pages\/9469\/revisions\/9492"}],"wp:attachment":[{"href":"https:\/\/rnca.fccn.pt\/en\/wp-json\/wp\/v2\/media?parent=9469"}],"curies":[{"name":"wp","href":"https:\/\/api.w.org\/{rel}","templated":true}]}}