{"id":98,"date":"2020-04-28T17:28:01","date_gmt":"2020-04-28T17:28:01","guid":{"rendered":"http:\/\/10.10.10.130:8080\/?page_id=98"},"modified":"2023-08-22T15:06:27","modified_gmt":"2023-08-22T15:06:27","slug":"acesso","status":"publish","type":"page","link":"https:\/\/rnca.fccn.pt\/en\/acesso\/","title":{"rendered":"Access"},"content":{"rendered":"<div class=\"wp-block-image\">\n<figure class=\"aligncenter size-large is-resized\"><img loading=\"lazy\" decoding=\"async\" src=\"https:\/\/rnca.fccn.pt\/wp-content\/uploads\/2021\/10\/acesso.svg\" alt=\"acesso\" class=\"wp-image-2904\" style=\"width:81px;height:76px\" width=\"81\" height=\"76\"\/><\/figure>\n<\/div>\n\n\n<div style=\"height:21px\" aria-hidden=\"true\" class=\"wp-block-spacer\"><\/div>\n\n\n\n<h1 class=\"wp-block-heading\"><strong>Access<\/strong><\/h1>\n\n\n\n<div style=\"height:32px\" aria-hidden=\"true\" class=\"wp-block-spacer\"><\/div>\n\n\n\n<p>RNCA&#039;s computing resources are intended for public or private research, technology, and innovation\/industry communities in any scientific field. Interested parties can access them through <a href=\"#concursos\" data-type=\"internal\" data-id=\"#concursos\">national competitions<\/a> from the <a rel=\"noreferrer noopener\" href=\"https:\/\/www.fct.pt\" data-type=\"URL\" data-id=\"https:\/\/www.fct.pt\" target=\"_blank\">FCT (Foundation for Science and Technology, IP)<\/a> in accordance with the conditions under each competition or submit a <a href=\"#pedidodeacesso\">request for access<\/a>. <\/p>\n\n\n\n<p id=\"concursos\">In addition to access to national resources, the joint initiative <a rel=\"noreferrer noopener\" href=\"https:\/\/eurohpc-ju.europa.eu\/index_en\" data-type=\"URL\" data-id=\"https:\/\/eurohpc-ju.europa.eu\/index_en\" target=\"_blank\">EuroHPC (European Joint Undertaking for High Performance Computing)<\/a>, provides a <a rel=\"noreferrer noopener\" href=\"https:\/\/eurohpc-ju.europa.eu\/about\/our-supercomputers_en\" data-type=\"URL\" data-id=\"https:\/\/eurohpc-ju.europa.eu\/about\/our-supercomputers_en\" target=\"_blank\">supercomputer infrastructure<\/a> high-level Europeans, including technology <em>pre-exascale<\/em> and <em>petascale<\/em>, to meet current needs and demands. In particular, it aims to attract users from SMEs (Small and Medium-Sized Enterprises) and the public sector. Interested parties can access it through <a href=\"#concursos\" data-type=\"internal\" data-id=\"#concursos\">EuroHPC competitions<\/a>. The RNCA provides support to interested parties in Portuguese territory. <\/p>\n\n\n\n<div style=\"height:40px\" aria-hidden=\"true\" class=\"wp-block-spacer\"><\/div>\n\n\n\n<div class=\"wp-block-columns is-layout-flex wp-container-core-columns-is-layout-9d6595d7 wp-block-columns-is-layout-flex\">\n<div class=\"wp-block-column has-pale-cyan-blue-background-color has-text-color has-background has-link-color wp-elements-6a8b1d8bee53bebaae18123cca174854 is-layout-flow wp-block-column-is-layout-flow\" style=\"color:#000000;padding-top:2em;padding-right:2em;padding-bottom:2em;padding-left:2em\">\n<h2 class=\"wp-block-heading\"><strong>National calls<\/strong><\/h2>\n\n\n\n<p class=\"has-normal-font-size\" style=\"line-height:1.5\"><strong>For research, technology and innovation projects<\/strong>.<\/p>\n\n\n\n<hr class=\"wp-block-separator has-css-opacity is-style-wide\"\/>\n\n\n\n<ul class=\"wp-block-list\">\n<li>Access to RNCA resources through application to the currently valid FCT competition *<\/li>\n\n\n\n<li>Subject to the procedures stipulated in the current competition<\/li>\n\n\n\n<li>Applications from public and private institutions are accepted.<\/li>\n\n\n\n<li>Includes technical support<\/li>\n\n\n\n<li><a href=\"#gratuito\" data-type=\"internal\" data-id=\"#gratuito\">Free access<\/a><\/li>\n<\/ul>\n\n\n\n<div class=\"wp-block-buttons alignfull is-horizontal is-content-justification-center is-layout-flex wp-container-core-buttons-is-layout-499968f5 wp-block-buttons-is-layout-flex\">\n<div class=\"wp-block-button has-custom-width wp-block-button__width-100\"><a class=\"wp-block-button__link has-white-color has-text-color has-background no-border-radius wp-element-button\" href=\"\/en\/concursos-id\/\" style=\"background-color:#000000\">Learn more<\/a><\/div>\n<\/div>\n<\/div>\n\n\n\n<div class=\"wp-block-column has-text-color has-background has-link-color wp-elements-ebdadac4d8f2e0614cddbd3bba43e382 is-layout-flow wp-block-column-is-layout-flow\" style=\"color:#000000;background-color:#c0ebf1;padding-top:2em;padding-right:2em;padding-bottom:2em;padding-left:2em\">\n<h2 class=\"wp-block-heading\"><strong>European calls<\/strong><\/h2>\n\n\n\n<p class=\"has-normal-font-size\"><strong>Take your computational project to the next level.<\/strong><\/p>\n\n\n\n<hr class=\"wp-block-separator has-css-opacity is-style-wide\"\/>\n\n\n\n<ul class=\"wp-block-list\">\n<li>Researchers from academia, research institutes, public authorities and industry in PT can apply and access EuroHPC supercomputers.<\/li>\n\n\n\n<li>Applications are subject to analysis in accordance with the specific conditions of each competition.<\/li>\n\n\n\n<li>RNCA offers support to interested parties<\/li>\n\n\n\n<li>Free access<\/li>\n<\/ul>\n\n\n\n<div class=\"wp-block-buttons alignfull is-horizontal is-content-justification-center is-layout-flex wp-container-core-buttons-is-layout-499968f5 wp-block-buttons-is-layout-flex\">\n<div class=\"wp-block-button has-custom-width wp-block-button__width-100\"><a class=\"wp-block-button__link has-white-color has-text-color has-background no-border-radius wp-element-button\" href=\"https:\/\/pracecalls.eu\/\" style=\"background-color:#000000\" target=\"_blank\" rel=\"noreferrer noopener\">Learn more<\/a><\/div>\n<\/div>\n<\/div>\n<\/div>\n\n\n\n<div class=\"wp-block-columns is-layout-flex wp-container-core-columns-is-layout-9d6595d7 wp-block-columns-is-layout-flex\">\n<div class=\"wp-block-column has-light-green-cyan-background-color has-text-color has-background has-link-color wp-elements-55bd1f22f6c06e4731be33aa1e3987ca is-layout-flow wp-block-column-is-layout-flow\" style=\"color:#000000;padding-top:2em;padding-right:2em;padding-bottom:2em;padding-left:2em\">\n<h2 class=\"wp-block-heading\" id=\"pedidodeacesso\"><strong>Request for access<\/strong> <strong>national<\/strong><\/h2>\n\n\n\n<p class=\"has-normal-font-size\" style=\"line-height:1.5\"><strong>For custom orders<em> <\/em>that do not fit into national competitions.<\/strong><\/p>\n\n\n\n<hr class=\"wp-block-separator has-css-opacity is-style-wide\"\/>\n\n\n\n<ul class=\"wp-block-list\">\n<li>Access to RNCA resources through the access request form<\/li>\n\n\n\n<li>Available continuously<\/li>\n\n\n\n<li>Quick request analysis<\/li>\n\n\n\n<li>Includes technical support<\/li>\n\n\n\n<li>Costs are calculated after analysis of the access request<\/li>\n<\/ul>\n\n\n\n<div class=\"wp-block-buttons alignfull is-horizontal is-content-justification-center is-layout-flex wp-container-core-buttons-is-layout-499968f5 wp-block-buttons-is-layout-flex\">\n<div class=\"wp-block-button has-custom-width wp-block-button__width-100 is-style-fill\"><a class=\"wp-block-button__link has-white-color has-text-color has-background no-border-radius wp-element-button\" href=\"\/en\/pedido\/\" style=\"background-color:#000000\">Learn more<\/a><\/div>\n<\/div>\n<\/div>\n<\/div>\n\n\n\n<p style=\"font-size:15px\"><\/p>\n\n\n\n<div style=\"height:34px\" aria-hidden=\"true\" class=\"wp-block-spacer\"><\/div>\n\n\n\n<p><em>*Updated information on national and European access competitions can be found on the FCT website. FCT support will be granted exclusively in the form of time allocated for use of advanced computing resources and does not include funding of any kind, particularly for financing expenses related to personnel required to execute the computing project.<\/em><\/p>\n\n\n\n<div style=\"height:84px\" aria-hidden=\"true\" class=\"wp-block-spacer\"><\/div>\n\n\n\n<p><\/p>","protected":false},"excerpt":{"rendered":"<p>Acesso Os recursos computacionais da RNCA destinam-se \u00e0s comunidades p\u00fablicas ou privadas de investiga\u00e7\u00e3o, tecnologia e inova\u00e7\u00e3o\/ind\u00fastria de qualquer \u00e1rea cient\u00edfica. Os interessados podem aceder atrav\u00e9s dos concursos nacionais da &#8230;<\/p>","protected":false},"author":11,"featured_media":0,"parent":0,"menu_order":0,"comment_status":"closed","ping_status":"closed","template":"","meta":{"inline_featured_image":false,"_monsterinsights_skip_tracking":false,"_monsterinsights_sitenote_active":false,"_monsterinsights_sitenote_note":"","_monsterinsights_sitenote_category":0,"footnotes":""},"class_list":["post-98","page","type-page","status-publish","hentry"],"_links":{"self":[{"href":"https:\/\/rnca.fccn.pt\/en\/wp-json\/wp\/v2\/pages\/98","targetHints":{"allow":["GET"]}}],"collection":[{"href":"https:\/\/rnca.fccn.pt\/en\/wp-json\/wp\/v2\/pages"}],"about":[{"href":"https:\/\/rnca.fccn.pt\/en\/wp-json\/wp\/v2\/types\/page"}],"author":[{"embeddable":true,"href":"https:\/\/rnca.fccn.pt\/en\/wp-json\/wp\/v2\/users\/11"}],"replies":[{"embeddable":true,"href":"https:\/\/rnca.fccn.pt\/en\/wp-json\/wp\/v2\/comments?post=98"}],"version-history":[{"count":51,"href":"https:\/\/rnca.fccn.pt\/en\/wp-json\/wp\/v2\/pages\/98\/revisions"}],"predecessor-version":[{"id":7841,"href":"https:\/\/rnca.fccn.pt\/en\/wp-json\/wp\/v2\/pages\/98\/revisions\/7841"}],"wp:attachment":[{"href":"https:\/\/rnca.fccn.pt\/en\/wp-json\/wp\/v2\/media?parent=98"}],"curies":[{"name":"wp","href":"https:\/\/api.w.org\/{rel}","templated":true}]}}